{"id":6237,"date":"2021-09-29T08:43:45","date_gmt":"2021-09-29T06:43:45","guid":{"rendered":"https:\/\/sklep.aveos.pl\/?post_type=product&#038;p=6237"},"modified":"2022-12-04T21:15:33","modified_gmt":"2022-12-04T20:15:33","slug":"quantum-mt","status":"publish","type":"product","link":"https:\/\/sklep.aveos.pl\/index.php\/produkt\/quantum-mt\/","title":{"rendered":"Maverick Quantum MT 1\/10 4WD Monster Truck &#8211; Blue"},"content":{"rendered":"<p style=\"font-weight: 400;\"><b><strong>Maverick Quantum MT<\/strong><\/b><\/p>\n<p style=\"font-weight: 400;\">Maverick Quantum MT to wytrzyma\u0142y monster truck z nap\u0119dem 4WD, konstrukcj\u0105 podwozia o du\u017cym prze\u015bwicie i zawieszeniem przystosowanym do pokonywania przeszk\u00f3d na drodze! Dzi\u0119ki niezale\u017cnemu zawieszeniu z dwoma wahaczami z przodu i z ty\u0142u, regulowanym, gwintowanym amortyzatorom olejowym i wytrzyma\u0142ym metalowym 4-satelitowym mechanizmem r\u00f3\u017cnicowym z przodu i z ty\u0142u, \u017cadna przeszkoda nie stanie Ci na drodze!<\/p>\n<p style=\"font-weight: 400;\">Staraj\u0105c si\u0119 o najwy\u017csz\u0105 jako\u015b\u0107 i najlepsze, niespotykane dot\u0105d osi\u0105gi, ca\u0142a gama zestaw\u00f3w Quantum korzysta z nowego, formowanego podwozia wannowego ze wzmocnieniami w kszta\u0142cie sze\u015bcianu, ponadwymiarowych k\u00f3\u0142 2,8\u201d, oraz ze specjalnego wspornika \u201ewheelie bar\u201d z ty\u0142u samochodu.<\/p>\n<p style=\"font-weight: 400;\">Dzi\u0119ki Maverick Quantum MT otrzymujesz nie tylko pot\u0119\u017cnego Monster Trucka z nap\u0119dem na 4 ko\u0142a, kt\u00f3ry zapewnia ponadprzeci\u0119tn\u0105 pr\u0119dko\u015b\u0107, po to by m\u00f3c zachwyci\u0107 siebie i by\u0107 podziwianym przez znajomych \u2013 posiada r\u00f3wnie\u017c na tyle mocn\u0105 konstrukcj\u0119, aby wytrzyma\u0107 wiele uderze\u0144 i wypadk\u00f3w terenie!<\/p>\n<p>&nbsp;<\/p>\n<p style=\"font-weight: 400;\"><b><strong>Najlepszy zestaw w historii Maverick!<\/strong><\/b><\/p>\n<p style=\"font-weight: 400;\"><b><strong>Maverick Quantum MT<\/strong><\/b><\/p>\n<p style=\"font-weight: 400;\">Maverick Quantum MT to wytrzyma\u0142y monster truck z nap\u0119dem 4WD, konstrukcj\u0105 podwozia o du\u017cym prze\u015bwicie i zawieszeniem przystosowanym do pokonywania przeszk\u00f3d na drodze! Dzi\u0119ki niezale\u017cnemu zawieszeniu z dwoma wahaczami z przodu i z ty\u0142u, regulowanym, gwintowanym amortyzatorom olejowym i wytrzyma\u0142ym metalowym 4-satelitowym mechanizmem r\u00f3\u017cnicowym z przodu i z ty\u0142u, \u017cadna przeszkoda nie stanie Ci na drodze!<\/p>\n<p style=\"font-weight: 400;\">Staraj\u0105c si\u0119 o najwy\u017csz\u0105 jako\u015b\u0107 i najlepsze, niespotykane dot\u0105d osi\u0105gi, ca\u0142a gama zestaw\u00f3w Quantum korzysta z nowego, formowanego podwozia wannowego ze wzmocnieniami w kszta\u0142cie sze\u015bcianu, ponadwymiarowych k\u00f3\u0142 2,8\u201d, oraz ze specjalnego wspornika \u201ewheelie bar\u201d z ty\u0142u samochodu.<\/p>\n<p style=\"font-weight: 400;\">Dzi\u0119ki Maverick Quantum MT otrzymujesz nie tylko pot\u0119\u017cnego Monster Trucka z nap\u0119dem na 4 ko\u0142a, kt\u00f3ry zapewnia ponadprzeci\u0119tn\u0105 pr\u0119dko\u015b\u0107, po to by m\u00f3c zachwyci\u0107 siebie i by\u0107 podziwianym przez znajomych \u2013 posiada r\u00f3wnie\u017c na tyle mocn\u0105 konstrukcj\u0119, aby wytrzyma\u0107 wiele uderze\u0144 i wypadk\u00f3w terenie!<\/p>\n<p style=\"font-weight: 400;\"><b><strong>Uwolnij besti\u0119!<\/strong><\/b><br \/>\nQuantum MT jest fabrycznie wyposa\u017cony w szczotkowy silnik elektryczny MM-550 15T Brushed 550 o wysokim momencie obrotowym, kt\u00f3ry obraca mocny wa\u0142, nap\u0119dzaj\u0105c wszystkie 4 ko\u0142a, zapewniaj\u0105c przy tym mocne doznania z jazd\u0105 4WD!<br \/>\nJednocze\u015bnie wodoodporny regulator pr\u0119dko\u015bci ESC, wodoodporna os\u0142ona serwomechanizmu i przek\u0142adni gwarantuje, \u017ce zabawa w na mokrej nawierzchni, kurz i py\u0142 nie staj\u0105 si\u0119 przeszkod\u0105!<\/p>\n<p style=\"font-weight: 400;\"><b><strong>Proste prowadzenie!<\/strong><\/b><br \/>\nKa\u017cdy, kto wcze\u015bniej korzysta\u0142 z pojazdu Maverick RC, powie Ci, \u017ce nadajnik MTX-244 zapewnia fantastyczne wra\u017cenia z jazdy i precyzyjnie steruje przepustnic\u0105 gazu i uk\u0142adem skr\u0119tu. System radiowy Maverick 2,4 Ghz, nie idzie na \u017cadne kompromisy pod wzgl\u0119dem jako\u015bci i pewno\u015bci kontroli modelu samochodu RC.<\/p>\n<p style=\"font-weight: 400;\"><b><strong>Super wygodne \u0142adowanie!<\/strong><\/b><br \/>\nWszystko, czego potrzebujesz, aby Tw\u00f3j model Quantum MT dzia\u0142a\u0142, znajduje si\u0119 w pude\u0142ku wraz z zestawem akumulator\u00f3w Maverick Element 7,2 V 1800 mAh + NiMh i wygodn\u0105 \u0142adowark\u0105 USB Delta-Peak! Oznacza to, \u017ce mo\u017cesz \u0142adowa\u0107 akumulator samochodu RC za pomoc\u0105 praktycznie ka\u017cdej \u0142adowarki do telefonu kom\u00f3rkowego lub z dowolnego gniazda USB!<\/p>\n<p style=\"font-weight: 400;\"><b><strong>Prowadzi si\u0119 przyjemnie i \u0142atwo!<\/strong><\/b><br \/>\nAby kierowa\u0107 Quantum MT, we\u017a kontroler lew\u0105 r\u0119k\u0105, umie\u015b\u0107 lewy palec wskazuj\u0105cy w obszarze spustu, a nast\u0119pnie po\u0142\u00f3\u017c praw\u0105 r\u0119k\u0119 na kole kierownicy &#8211; to tak naturalne, jak prowadzenie prawdziwego samochodu! Obr\u00f3\u0107 kierownic\u0119, aby jecha\u0107 w lewo i w prawo, i delikatnie poci\u0105gnij spust lewym palcem wskazuj\u0105cym, aby jecha\u0107 do przodu. Aby zatrzyma\u0107 samoch\u00f3d, delikatnie odepchnij od siebie spust lewym palcem wskazuj\u0105cym &#8211; nast\u0119pnie zwolnij i odepchnij ponownie, aby w\u0142\u0105czy\u0107 bieg wsteczny. Przyzwyczajenie si\u0119 do tej \u0142atwej operacji zajmuje kilka sekund, a wkr\u00f3tce b\u0119dziesz \u015bciga\u0107 si\u0119 ze znajomymi!<\/p>\n<p style=\"font-weight: 400;\"><b><strong>PRZEDSTAWIAMY OPONY TREDZ OD HPI RACING!<\/strong><\/b><br \/>\nZ dum\u0105 og\u0142aszamy, \u017ce fantastyczna seria Quantum jako pierwsza jest wyposa\u017cona w opony z naszej nowej serii TREDZ. Wykonane na zam\u00f3wienie z mieszank\u0105, profilem i wzorami bie\u017cnika, kt\u00f3re zosta\u0142y zaprojektowane i okre\u015blone przez HPI Racing. Wszystko z wysokiej jako\u015bci gumy o du\u017cej przyczepno\u015bci.<br \/>\nOpony Tredz od HPI Racing s\u0105 r\u00f3wnie\u017c dost\u0119pne w sklepach, aby ulepszy\u0107 wygl\u0105d i osi\u0105gi dowolnego pojazdu RC z mocowaniami k\u00f3\u0142 12 mm Hex Hub. Wkr\u00f3tce do rodziny Tredz do\u0142\u0105cz\u0105 kolejne opony!<\/p>\n<p style=\"font-weight: 400;\"><b><strong>Podpora \u201eWheely Bar\u201d w standardzie!!!<\/strong><\/b><br \/>\nW rodzinie Quantum pomy\u015bleli\u015bmy o je\u017adzie wyczynowej z akrobacjami, skokami i pr\u0119dko\u015bci\u0105. Po raz pierwszy pod mark\u0105 Maverick zainstalowali\u015bmy t\u0119 solidn\u0105 podpor\u0119 w ca\u0142ej serii Quantum. Teraz mo\u017cesz po prostu poci\u0105gn\u0105\u0107 za spust i patrze\u0107, jak za Twoim modelem RC zostaje tylko kurz!<\/p>\n<p style=\"font-weight: 400;\"><b><strong>Doskona\u0142e zawieszenie zapewniaj\u0105ce precyzyjne sterowanie.<\/strong><\/b><br \/>\nWyposa\u017cony w niezale\u017cne zawieszenie z dwoma wahaczami z przodu i z ty\u0142u, gwintowane olejowe amortyzatory, wsporniki zawieszenia z poduszkami we wszystkich czterech punktach i regulowane stalowe \u0142\u0105czniki napinaj\u0105ce, wszystko to sprawia, \u017ce mo\u017cesz je\u017adzi\u0107 w ka\u017cdym terenie z pe\u0142n\u0105 kontrol\u0105.<\/p>\n<p style=\"font-weight: 400;\">Ka\u017cdy zestaw Maverick Quantum posiada szczeg\u00f3\u0142owo pomalowane nadwozie, o konstrukcji, kt\u00f3ra nie tylko wygl\u0105da zjawiskowo ale tak\u017ce zapewnia dodatkow\u0105 ochron\u0119 element\u00f3w podwozia!<\/p>\n<p style=\"font-weight: 400;\">\u00a0<b><strong>#150100<\/strong><\/b>\u00a0MAVERICK QUANTUM MT 1\/10 4WD Elektryczny Model RC MONSTER TRUCK Srebrno Niebieski<br \/>\nDost\u0119pny tak\u017ce w kolorze Czarno R\u00f3\u017cowym<\/p>\n<p style=\"font-weight: 400;\"><b><strong>Cechy:<\/strong><\/b><\/p>\n<ul style=\"font-weight: 400;\">\n<li>MM-550 15T Brushed electric 550 pot\u0119\u017cny szczotkowy silnik elektryczny z du\u017cym momentem obrotowym<\/li>\n<li>MSC-30BR-WP regulator pr\u0119dko\u015bci do przodu \/ do ty\u0142u obs\u0142uguj\u0105cy silniki szczotkowe max 12-zwojowe 12T<\/li>\n<li>Kontroler pr\u0119dko\u015bci kompatybilny z pakietami akumulator\u00f3w LiPo (patrz w instrukcji, jak zmienia\u0107 tryby NiMH i LiPo), z wy\u0142\u0105cznikiem bezpiecze\u0144stwa LiPo<\/li>\n<li>Bateria\/ akumulator 2000mAh Ni-MH w zestawie, wraz ze standardow\u0105 wtyczk\u0105<\/li>\n<li>MS-06WR wytrzyma\u0142e servo steruj\u0105ce skr\u0119tem<\/li>\n<li>Nadajnik i odbiornik MTX\/MRX-244 2.4GHz z wbudowanym zabezpieczeniem &#8220;failsafe function&#8221;<\/li>\n<li>Formowane podwozie wannowe ze wzmocnieniami i zoptymalizowanym rozk\u0142adem masy<\/li>\n<li>W pe\u0142ni regulowane zawieszenie<\/li>\n<li>4 regenerowane, amortyzatory olejowe<\/li>\n<li>Aluminiowe, anodyzowane na z\u0142oty kolor amortyzatory<\/li>\n<li>W pe\u0142ni niezale\u017cne zawieszenie z podw\u00f3jnymi wahaczami<\/li>\n<li>Mocne przednie zwrotnice w kszta\u0142cie litery C<\/li>\n<li>Solidny nap\u0119d na 4 ko\u0142a<\/li>\n<li>Uk\u0142ad nap\u0119dowy wyposa\u017cony w \u0142o\u017cyska kulkowe<\/li>\n<li>Karoseria, nadwozie, pomalowane, kompletne, wyci\u0119te fabrycznie<\/li>\n<li>Regulowane, gwintowane g\u00f3rne wahacze i linki, d\u017awignie mechanizmu skr\u0119tu<\/li>\n<li>Skuteczne i wytrzyma\u0142e zderzaki przednie i tylne<\/li>\n<li>Dwupunktowy uk\u0142ad kierowniczy z d\u017awigni\u0105 dzwonkow\u0105<\/li>\n<li>Aluminiowy, anodowany na z\u0142oty radiator silnika dla skutecznego ch\u0142odzenia<\/li>\n<li>Szczelna, zabezpieczaj\u0105ca prze kurzem os\u0142ona przek\u0142adni z\u0119batych i mechanizmu nap\u0119dowego.<\/li>\n<\/ul>\n<p style=\"font-weight: 400;\"><b><strong>Zestaw zawiera:<\/strong><\/b><br \/>\nZestaw akumulator\u00f3w Ni-MH 7,2 V 2000 mAh<br \/>\nDo\u0142\u0105czona \u0142adowarka USB (zalecane wej\u015bcie 2A)<\/p>\n<p><b><strong>Specyfikacja:<\/strong><\/b><\/p>\n<p style=\"font-weight: 400;\">D\u0142ugo\u015b\u0107: 475 mm<br \/>\nSzeroko\u015b\u0107: 365 mm<br \/>\nWysoko\u015b\u0107: 200 mm<br \/>\nRozstaw osi: 285 mm<br \/>\nWaga: 2,10 kg<\/p>\n<p style=\"font-weight: 400;\"><b><strong>Wymagane dodatkowo:<\/strong><\/b><br \/>\n4 baterie AA<\/p>\n<p>&nbsp;<\/p>\n","protected":false},"excerpt":{"rendered":"<p style=\"font-weight: 400;\"><b><strong>Maverick Quantum MT<\/strong><\/b><\/p>\n<p style=\"font-weight: 400;\">Maverick Quantum MT to wytrzyma\u0142y monster truck z nap\u0119dem 4WD, konstrukcj\u0105 podwozia o du\u017cym prze\u015bwicie i zawieszeniem przystosowanym do pokonywania przeszk\u00f3d na drodze! Dzi\u0119ki niezale\u017cnemu zawieszeniu z dwoma wahaczami z przodu i z ty\u0142u<\/p>\n","protected":false},"featured_media":6245,"comment_status":"open","ping_status":"closed","template":"","meta":{"_s2mail":""},"product_cat":[485,487],"product_tag":[875,818,895],"_links":{"self":[{"href":"https:\/\/sklep.aveos.pl\/index.php\/wp-json\/wp\/v2\/product\/6237"}],"collection":[{"href":"https:\/\/sklep.aveos.pl\/index.php\/wp-json\/wp\/v2\/product"}],"about":[{"href":"https:\/\/sklep.aveos.pl\/index.php\/wp-json\/wp\/v2\/types\/product"}],"replies":[{"embeddable":true,"href":"https:\/\/sklep.aveos.pl\/index.php\/wp-json\/wp\/v2\/comments?post=6237"}],"wp:featuredmedia":[{"embeddable":true,"href":"https:\/\/sklep.aveos.pl\/index.php\/wp-json\/wp\/v2\/media\/6245"}],"wp:attachment":[{"href":"https:\/\/sklep.aveos.pl\/index.php\/wp-json\/wp\/v2\/media?parent=6237"}],"wp:term":[{"taxonomy":"product_cat","embeddable":true,"href":"https:\/\/sklep.aveos.pl\/index.php\/wp-json\/wp\/v2\/product_cat?post=6237"},{"taxonomy":"product_tag","embeddable":true,"href":"https:\/\/sklep.aveos.pl\/index.php\/wp-json\/wp\/v2\/product_tag?post=6237"}],"curies":[{"name":"wp","href":"https:\/\/api.w.org\/{rel}","templated":true}]}}