{"id":6263,"date":"2021-09-29T15:08:20","date_gmt":"2021-09-29T13:08:20","guid":{"rendered":"https:\/\/sklep.aveos.pl\/?post_type=product&#038;p=6263"},"modified":"2023-07-22T12:15:48","modified_gmt":"2023-07-22T10:15:48","slug":"maverick-phantom-xb-buggy-1-10","status":"publish","type":"product","link":"https:\/\/sklep.aveos.pl\/index.php\/produkt\/maverick-phantom-xb-buggy-1-10\/","title":{"rendered":"MAVERICK PHANTOM XB Buggy 1\/10"},"content":{"rendered":"<p>MAVERICK PHANTOM XB<\/p>\n<p>Jest pow\u00f3d, dla kt\u00f3rego Maverick by HPI jest najlepsz\u0105 mark\u0105 gotow\u0105 zar\u00f3wno dla nowicjuszy rozpoczynaj\u0105cych swoje hobby RC, jak i tych bardziej do\u015bwiadczonych kierowc\u00f3w, kt\u00f3rzy dodaj\u0105 trzeci lub czwarty pojazd do swojej floty! &#8230;Dzieje si\u0119 tak, poniewa\u017c ludzie chc\u0105 si\u0119 \u015bciga\u0107, skaka\u0107, rozbija\u0107 (i rozbija\u0107) i mie\u0107 pewno\u015b\u0107, \u017ce ich nowa duma i rado\u015b\u0107 z RC jest testowana i poparta znakiem jako\u015bci HPI. Czyli spektakularn\u0105 akcj\u0119 na wyci\u0105gni\u0119cie r\u0119ki. Po prostu na\u0142aduj i jed\u017a i wracaj po wi\u0119cej!<\/p>\n<p>A dzi\u0119ki Maverick Phantom XB otrzymujesz pot\u0119\u017cny wy\u015bcigowy buggy 4WD z wystarczaj\u0105c\u0105 pr\u0119dko\u015bci\u0105, aby utrzyma\u0107 ci\u0119 na nogach, w super \u0142atwym w prowadzeniu, niesamowitym, zabawnym pakiecie!<\/p>\n<p>Ten buggy RC jest naprawd\u0119 \u015bwietnym testerem dla hobby RC!<\/p>\n","protected":false},"excerpt":{"rendered":"<p>MAVERICK PHANTOM XB<br \/>\nJest pow\u00f3d, dla kt\u00f3rego Maverick by HPI jest najlepsz\u0105 mark\u0105 gotow\u0105 zar\u00f3wno dla nowicjuszy rozpoczynaj\u0105cych swoje hobby RC, jak i tych bardziej do\u015bwiadczonych kierowc\u00f3w, kt\u00f3rzy dodaj\u0105 trzeci lub czwarty pojazd do swojej floty! &#8230;Dzieje si\u0119 tak, poniewa\u017c ludzie chc\u0105 si\u0119 \u015bciga\u0107, skaka\u0107, rozbija\u0107 (i rozbija\u0107) i mie\u0107 pewno\u015b\u0107, \u017ce ich nowa duma i rado\u015b\u0107 z RC jest testowana i poparta znakiem jako\u015bci HPI.<\/p>\n","protected":false},"featured_media":6264,"comment_status":"open","ping_status":"closed","template":"","meta":{"_s2mail":""},"product_cat":[487,497,484],"product_tag":[875,572],"_links":{"self":[{"href":"https:\/\/sklep.aveos.pl\/index.php\/wp-json\/wp\/v2\/product\/6263"}],"collection":[{"href":"https:\/\/sklep.aveos.pl\/index.php\/wp-json\/wp\/v2\/product"}],"about":[{"href":"https:\/\/sklep.aveos.pl\/index.php\/wp-json\/wp\/v2\/types\/product"}],"replies":[{"embeddable":true,"href":"https:\/\/sklep.aveos.pl\/index.php\/wp-json\/wp\/v2\/comments?post=6263"}],"wp:featuredmedia":[{"embeddable":true,"href":"https:\/\/sklep.aveos.pl\/index.php\/wp-json\/wp\/v2\/media\/6264"}],"wp:attachment":[{"href":"https:\/\/sklep.aveos.pl\/index.php\/wp-json\/wp\/v2\/media?parent=6263"}],"wp:term":[{"taxonomy":"product_cat","embeddable":true,"href":"https:\/\/sklep.aveos.pl\/index.php\/wp-json\/wp\/v2\/product_cat?post=6263"},{"taxonomy":"product_tag","embeddable":true,"href":"https:\/\/sklep.aveos.pl\/index.php\/wp-json\/wp\/v2\/product_tag?post=6263"}],"curies":[{"name":"wp","href":"https:\/\/api.w.org\/{rel}","templated":true}]}}