{"id":6271,"date":"2021-09-30T13:07:47","date_gmt":"2021-09-30T11:07:47","guid":{"rendered":"https:\/\/sklep.aveos.pl\/?post_type=product&#038;p=6271"},"modified":"2023-12-11T14:09:27","modified_gmt":"2023-12-11T13:09:27","slug":"czolg-zdalnie-sterowany-heng-long-m26-pershing-snow-leopard-116","status":"publish","type":"product","link":"https:\/\/sklep.aveos.pl\/index.php\/produkt\/czolg-zdalnie-sterowany-heng-long-m26-pershing-snow-leopard-116\/","title":{"rendered":"Czo\u0142g zdalnie sterowany Heng Long M26 Pershing Snow Leopard 1:16"},"content":{"rendered":"<div class=\"iai_top\">\n<p><strong>Wyj\u0105tkowe mo\u017cliwo\u015bci<\/strong><\/p>\n<p>&nbsp;<\/p>\n<\/div>\n<div class=\"iai_bottom\">M26 Pershing Snow Leopard to czo\u0142g wyprodukowany przez specjalizuj\u0105ca si\u0119 w\u00a0modelach wojennych firm\u0119 Heng Long. Jest to model drugiej generacji, wyposa\u017cony w takie funkcje jak:<\/div>\n<div class=\"iai_bottom\"><\/div>\n<div class=\"iai_bottom\">&#8211; Akcelerator dymu &#8211; Z uk\u0142adu wydechowego czo\u0142gu wydobywa si\u0119 dym, imituj\u0105cy spaliny. Opcj\u0119 mo\u017cna w\u0142\u0105cza\u0107 i wy\u0142\u0105cza\u0107 z poziomu nadajnika.<\/div>\n<div class=\"iai_bottom\"><\/div>\n<div class=\"iai_bottom\">&#8211; Zaawansowany procesor d\u017awi\u0119kowy &#8211; Dzi\u0119ki niemu mo\u017cemy w\u0142\u0105czy\u0107 d\u017awi\u0119k odpalania i gaszenia silnika (wyb\u00f3r dw\u00f3ch r\u00f3\u017cnych d\u017awi\u0119k\u00f3w), d\u017awi\u0119k wystrza\u0142u z dzia\u0142a (dodano r\u00f3wnie\u017c nowe efekty \u015bwietlne) a tak\u017ce d\u017awi\u0119k strzelania z karabinu maszynowego. Wszystkie d\u017awi\u0119ki i poziom g\u0142o\u015bno\u015bci czo\u0142gu mo\u017cna regulowa\u0107 z poziomu nadajnika.<\/div>\n<div class=\"iai_bottom\"><\/div>\n<div class=\"iai_bottom\">\n<p>&#8211; Symulacja odrzutu czo\u0142gu, przy wystrzale z armaty.<\/p>\n<p>&#8211; Diody LED z przodu czo\u0142gu.<\/p>\n<\/div>\n<div class=\"iai_bottom\">\n<p><img loading=\"lazy\" src=\"https:\/\/rcpro.pl\/data\/include\/cms\/Snow-Leopard\/47.jpg\" width=\"1000\" height=\"1000\" border=\"0\" \/><\/p>\n<\/div>\n<div class=\"iai_bottom\"><\/div>\n<div class=\"iai_bottom\">\n<hr \/>\n<p><strong><br \/>\nZaawansowane funkcje<\/strong><\/p>\n<p>&nbsp;<\/p>\n<\/div>\n<div class=\"iai_bottom\">\n<p>Model posiada wiele mo\u017cliwo\u015bci, dzi\u0119ki kt\u00f3rym zabawa staje si\u0119 jeszcze bardziej emocjonuj\u0105ca. Aparatura 2.4 GHz oferuje p\u0142ynn\u0105 regulacj\u0119 pr\u0119dko\u015bci oraz du\u017cy zasi\u0119g, nie ma r\u00f3wnie\u017c problemu z zak\u0142\u00f3ceniami, w przypadku u\u017cywania kilku czo\u0142g\u00f3w jednocze\u015bnie. Mo\u017cemy proporcjonalnie obraca\u0107 wie\u017c\u0105 w pozycjach prawo-lewo, oraz podnosi\u0107 i opuszcza\u0107 luf\u0119 (sterowanie za pomoc\u0105 aparatury). Dzia\u0142o czo\u0142gu posiada mo\u017cliwo\u015b\u0107 strzelania 6mm kulkami. Zasi\u0119g wynosi oko\u0142o 25 metr\u00f3w, a\u00a0zasobnik pozwala na wykonanie 40 strza\u0142\u00f3w.\u00a0M26 Pershing wyposa\u017cony jest r\u00f3wnie\u017c w\u00a0\u00a0niezale\u017cne amortyzowane zawieszenie (ka\u017cde ko\u0142o ma sw\u00f3j amortyzator).<\/p>\n<p><strong><img loading=\"lazy\" src=\"https:\/\/rcpro.pl\/data\/include\/cms\/Snow-Leopard\/48.jpg\" width=\"1000\" height=\"1000\" border=\"0\" \/><br \/>\n<\/strong><\/p>\n<\/div>\n<div class=\"iai_bottom\"><strong>\u00a0<\/strong><\/div>\n<div class=\"iai_bottom\">\n<div class=\"iai_bottom\">\n<hr \/>\n<p><strong><br \/>\nWierna makieta<\/strong><\/p>\n<p>&nbsp;<\/p>\n<\/div>\n<div class=\"iai_bottom\"><\/div>\n<div class=\"iai_bottom\">Podczas projektowania M26 Pershing, skupiono si\u0119 na wiernym odwzorowaniu oryginalnego modelu. Wizualnie osi\u0105gni\u0119to perfekcj\u0119 imitacji, dodaj\u0105c\u00a0elementy, kt\u00f3re wyst\u0119powa\u0142y w tym legendarnym czo\u0142gu.<\/div>\n<div class=\"iai_bottom\"><\/div>\n<div class=\"iai_bottom\"><img loading=\"lazy\" src=\"https:\/\/rcpro.pl\/data\/include\/cms\/Snow-Leopard\/49.jpg\" width=\"1000\" height=\"100\" border=\"0\" \/><\/div>\n<\/div>\n<div class=\"iai_bottom\"><\/div>\n<div class=\"iai_bottom\"><\/div>\n<div class=\"iai_bottom\"><\/div>\n<div class=\"iai_bottom\"><\/div>\n<div class=\"iai_bottom\">\n<hr \/>\n<\/div>\n<div class=\"iai_bottom\"><strong><br \/>\nGotowy do jazdy<\/strong><\/div>\n<div class=\"iai_bottom\"><\/div>\n<div class=\"iai_bottom\"><\/div>\n<div class=\"iai_bottom\">\n<div class=\"iai_bottom\">Czo\u0142g jest oferowany w wersji RTR, co oznacza, \u017ce jest zmontowany i gotowy do jazdy od razu po wyj\u0119ciu z pude\u0142ka. Jedyne czynno\u015bci, kt\u00f3re nale\u017cy wykona\u0107, to na\u0142adowanie akumulatora i umieszczenie w nadajniku 8 baterii AA (nie zawartych w zestawie, dost\u0119pne r\u00f3wnie\u017c w naszej ofercie).<\/div>\n<div class=\"iai_bottom\"><\/div>\n<div class=\"iai_bottom\"><\/div>\n<div class=\"iai_bottom\"><img loading=\"lazy\" src=\"https:\/\/rcpro.pl\/data\/include\/cms\/Snow-Leopard\/50.jpg\" width=\"1000\" height=\"1000\" border=\"0\" \/><\/div>\n<\/div>\n<div class=\"iai_bottom\"><img loading=\"lazy\" src=\"https:\/\/rcpro.pl\/data\/include\/cms\/Snow-Leopard\/51.jpg\" width=\"1000\" height=\"1000\" border=\"0\" \/><\/div>\n<div class=\"iai_bottom\">\n<div class=\"iai_bottom\">\n<hr \/>\n<\/div>\n<div class=\"iai_bottom\"><strong><br \/>\nMultimedia<br \/>\n<\/strong><\/div>\n<div class=\"iai_bottom\"><iframe loading=\"lazy\" src=\"https:\/\/www.youtube.com\/embed\/5F7opbG7jXc\" width=\"800\" height=\"600\" data-mce-fragment=\"1\"><\/iframe><\/div>\n<\/div>\n<p><strong><br \/>\nPozosta\u0142e<\/strong><\/p>\n<hr \/>\n<p>&nbsp;<\/p>\n<table class=\"iai_table\">\n<tbody>\n<tr>\n<td><strong>W zestawie<\/strong><\/p>\n<p>&nbsp;<\/td>\n<td><strong>Specyfikacja<\/strong><\/p>\n<p>&nbsp;<\/td>\n<\/tr>\n<tr>\n<td>Model M26 Pershing Snow Leopard<\/p>\n<p>Nadajnik 2.4 GHz<\/p>\n<p>Akumulator i \u0142adowarka sieciowa<\/p>\n<p>Dodatkowe akcesoria:<br \/>\n&#8211; naklejki<br \/>\n&#8211; figurka czo\u0142gisty<br \/>\n&#8211; olej do wytwornicy dymu<br \/>\n&#8211; dodatkowe elementy wyposa\u017cenia<\/p>\n<p>Pude\u0142ko plastikowej amunicji 6mm<\/p>\n<p>Instrukcja obs\u0142ugi<\/td>\n<td>Skala: 1:16<\/p>\n<p>Wymiary: 50 cm x 22 cm x 17,5 cm<\/p>\n<p>Zasilanie: Akumulator Ni-MH 1800 mAh \/ 7.2V<\/p>\n<p>Zasilanie nadajnika: 8 sztuk baterii AA (1.5V) &#8211; brak w zestawie<\/p>\n<p>Zasi\u0119g nadajnika: 50 metr\u00f3w<\/p>\n<p>Czas jazdy po pe\u0142nym na\u0142adowaniu: 45 minut<\/p>\n<p>Czas \u0142adowania akumulatora: Oko\u0142o 5 godzin<\/p>\n<p>Pr\u0119dko\u015b\u0107: Oko\u0142o 6km\/h<\/p>\n<p>Kolor: Br\u0105zowy<\/td>\n<\/tr>\n<\/tbody>\n<\/table>\n","protected":false},"excerpt":{"rendered":"<div class=\"iai_top\">\n<p><strong>Wyj\u0105tkowe mo\u017cliwo\u015bci<\/strong><\/p>\n<p>&nbsp;<\/p>\n<\/div>\n<div class=\"iai_bottom\">M26 Pershing Snow Leopard to czo\u0142g wyprodukowany przez specjalizuj\u0105ca si\u0119 w\u00a0modelach wojennych firm\u0119 Heng Long.<\/div>\n","protected":false},"featured_media":6272,"comment_status":"open","ping_status":"closed","template":"","meta":{"_s2mail":""},"product_cat":[496,484],"product_tag":[890,891,896,897],"_links":{"self":[{"href":"https:\/\/sklep.aveos.pl\/index.php\/wp-json\/wp\/v2\/product\/6271"}],"collection":[{"href":"https:\/\/sklep.aveos.pl\/index.php\/wp-json\/wp\/v2\/product"}],"about":[{"href":"https:\/\/sklep.aveos.pl\/index.php\/wp-json\/wp\/v2\/types\/product"}],"replies":[{"embeddable":true,"href":"https:\/\/sklep.aveos.pl\/index.php\/wp-json\/wp\/v2\/comments?post=6271"}],"wp:featuredmedia":[{"embeddable":true,"href":"https:\/\/sklep.aveos.pl\/index.php\/wp-json\/wp\/v2\/media\/6272"}],"wp:attachment":[{"href":"https:\/\/sklep.aveos.pl\/index.php\/wp-json\/wp\/v2\/media?parent=6271"}],"wp:term":[{"taxonomy":"product_cat","embeddable":true,"href":"https:\/\/sklep.aveos.pl\/index.php\/wp-json\/wp\/v2\/product_cat?post=6271"},{"taxonomy":"product_tag","embeddable":true,"href":"https:\/\/sklep.aveos.pl\/index.php\/wp-json\/wp\/v2\/product_tag?post=6271"}],"curies":[{"name":"wp","href":"https:\/\/api.w.org\/{rel}","templated":true}]}}