{"id":6277,"date":"2021-11-02T11:14:59","date_gmt":"2021-11-02T10:14:59","guid":{"rendered":"https:\/\/sklep.aveos.pl\/?post_type=product&#038;p=6277"},"modified":"2023-11-20T15:13:00","modified_gmt":"2023-11-20T14:13:00","slug":"dji-action-2-dual-screen-combo","status":"publish","type":"product","link":"https:\/\/sklep.aveos.pl\/index.php\/produkt\/dji-action-2-dual-screen-combo\/","title":{"rendered":"DJI Action 2 Dual Screen Combo &#8211; Dost\u0119pna"},"content":{"rendered":"<h3>DJI Action 2 &#8211; niezawodna w ka\u017cdej sytuacji<\/h3>\n<p>Wyjd\u017a poza utarty schemat i wykonaj fantastyczne uj\u0119cie niezale\u017cnie od warunk\u00f3w. Wodoodporna kamera DJI Action 2 pozwala nagrywa\u0107 doskona\u0142ej jako\u015bci filmy 4K\/120FPS, kt\u00f3rych prost\u0105 edycj\u0119 umo\u017cliwia aplikacja DJI Mimo. Mo\u017cesz te\u017c uatrakcyjni\u0107 swoje materia\u0142y za pomoc\u0105 kreatywnych funkcji. Zyskaj dodatkowe mo\u017cliwo\u015bci dzi\u0119ki akcesoriom takim jak modu\u0142 z ekranem dotykowym, modu\u0142 z akumulatorem lub rozmaite mocowania. Korzystanie z nich znacznie u\u0142atwia magnetyczny design kamery, kt\u00f3ry pozwala te\u017c na ich szybk\u0105 wymian\u0119.<\/p>\n<p><img loading=\"lazy\" src=\"https:\/\/rcpro.pl\/data\/include\/cms\/12DJI\/Action-2\/01.jpg\" alt=\"\" width=\"1100\" height=\"700\" border=\"0\" \/><\/p>\n<h3><\/h3>\n<h3>Wbudowany wy\u015bwietlacz dotykowy &#8211; bajecznie prosta obs\u0142uga<\/h3>\n<p>Ciesz si\u0119 niesamowicie wygodnym dost\u0119pem do najwa\u017cniejszych funkcji DJI Action 2. Kamera ma wbudowany wysokiej jako\u015bci ekran dotykowy, kt\u00f3rego przek\u0105tna wynosi 1,76&#8243;. Za jego pomoc\u0105 b\u0142yskawicznie zmienisz tryb nagrywania, dostosujesz parametry urz\u0105dzenia lub wybierzesz opcj\u0119 robienia zdj\u0119\u0107. Mo\u017cesz te\u017c w ka\u017cdej chwili przejrze\u0107 stworzone wcze\u015bniej filmy! Intuicyjne menu urz\u0105dzenia jest dziecinnie proste w obs\u0142udze. Dost\u0119pna jest r\u00f3wnie\u017c jego polska wersja j\u0119zykowa!<\/p>\n<p><img loading=\"lazy\" src=\"https:\/\/rcpro.pl\/data\/include\/cms\/12DJI\/Action-2\/6.jpg\" alt=\"\" width=\"1098\" height=\"700\" border=\"0\" \/><\/p>\n<h3><\/h3>\n<h3>Wybierz odpowiedni modu\u0142 dla siebie<\/h3>\n<p>W sprzeda\u017cy dost\u0119pne s\u0105 2 wersje zestawu DJI Action 2 &#8211; sprawd\u017a, kt\u00f3ra bardziej Ci si\u0119 przyda! Dual-Screen Combo to idealne rozwi\u0105zanie dla vloger\u00f3w. Zawiera modu\u0142 z ekranem dotykowym, kt\u00f3ry oferuje czytelny wy\u015bwietlacz OLED, 4-mikrofonowy system Matrix Stereo oraz czas pracy si\u0119gaj\u0105cy 160 minut. W sk\u0142ad zestawu Power Combo wchodzi natomiast modu\u0142 z akumulatorem. Umo\u017cliwia on nagrywanie nawet przez 180 minut i zosta\u0142 wyposa\u017cony w gniazdo na kart\u0119 microSD. Obs\u0142uguje te\u017c hot-swapping. Je\u015bli bardziej zale\u017cy Ci na tworzeniu d\u0142u\u017cszych materia\u0142\u00f3w, ten wariant b\u0119dzie dla Ciebie idealnym wyborem!<\/p>\n<p><img loading=\"lazy\" src=\"https:\/\/rcpro.pl\/data\/include\/cms\/12DJI\/Action-2\/03.jpg\" alt=\"\" width=\"1100\" height=\"700\" border=\"0\" \/><\/p>\n<h3><\/h3>\n<h3>Nagrywaj filmy w doskona\u0142ej jako\u015bci<\/h3>\n<p>Zachwy\u0107 swoich widz\u00f3w doskona\u0142\u0105 jako\u015bci\u0105 nagrywanych film\u00f3w. Kamera DJI Action 2 pozwala tworzy\u0107 zachwycaj\u0105ce wideo 4K\/120FPS. Zapewnia te\u017c niesamowicie szerokie pole widzenia 155\u00b0, dzi\u0119ki czemu z \u0142atwo\u015bci\u0105 uzyskasz wymarzon\u0105 perspektyw\u0119. Chcesz wi\u0119cej? Teraz mo\u017cesz bez obaw nagrywa\u0107 nawet najbardziej dynamiczne materia\u0142y! Funkcja HorizonSteady i nowy algorytm stabilizacji DJI zadbaj\u0105 o to, aby by\u0142y one niesamowicie p\u0142ynne. Poruszone uj\u0119cia ju\u017c nigdy nie zepsuj\u0105 Ci filmu!<\/p>\n<p><img loading=\"lazy\" src=\"https:\/\/rcpro.pl\/data\/include\/cms\/12DJI\/Action-2\/04.jpg\" alt=\"\" width=\"1100\" height=\"700\" border=\"0\" \/><\/p>\n<h3><\/h3>\n<h3>Magnetyczna konstrukcja &#8211; dodatkowe mo\u017cliwo\u015bci<\/h3>\n<p>DJI Action 2 wyr\u00f3\u017cnia si\u0119 innowacyjnym, magnetycznym designem, kt\u00f3ry pozwala na jeszcze szybszy monta\u017c akcesori\u00f3w. Teraz w mgnieniu oka dostosujesz kamer\u0119 do swoich potrzeb i wykonasz doskona\u0142e uj\u0119cie! Urz\u0105dzenie jest przy tym niezwykle lekkie, wytrzyma\u0142e i przyjemne w dotyku &#8211; sta\u0142o si\u0119 to mo\u017cliwe dzi\u0119ki zastosowaniu wysokiej klasy stopu aluminium. Co wi\u0119cej, przemy\u015blane umiejscowienie obiektywu sprawia, \u017ce bez trudu uzyskasz wymarzone efekty niemal w ka\u017cdej sytuacji.<\/p>\n<p><img loading=\"lazy\" src=\"https:\/\/rcpro.pl\/data\/include\/cms\/12DJI\/Action-2\/05.jpg\" alt=\"\" width=\"1100\" height=\"700\" border=\"0\" \/><\/p>\n<h3><\/h3>\n<h3>Niestraszne jej \u017cadne wyzwanie<\/h3>\n<p>Ta wyj\u0105tkowa kamera mo\u017ce Ci towarzyszy\u0107 podczas ka\u017cdej, nawet ekstremalnej wyprawy. DJI Action 2 wyr\u00f3\u017cnia si\u0119 niespotykan\u0105 wytrzyma\u0142o\u015bci\u0105 &#8211; upadki i uderzenia nie stanowi\u0105 dla niej wi\u0119kszego zagro\u017cenia. Wykonane ze szk\u0142a hartowanego gorilla glass obiektyw i wy\u015bwietlacz dotykowy s\u0105 odporne na zarysowanie i inne uszkodzenia. Chcesz wi\u0119cej? Urz\u0105dzenie jest py\u0142oszczelne i wodoodporne &#8211; mo\u017cesz bez obaw zanurzy\u0107 je nawet do 10 m. Ponadto dost\u0119pna w sprzeda\u017cy oddzielnie obudowa umo\u017cliwia nagrywanie pod wod\u0105 na g\u0142\u0119boko\u015bci nawet 60 m.<\/p>\n<p><img loading=\"lazy\" src=\"https:\/\/rcpro.pl\/data\/include\/cms\/12DJI\/Action-2\/06.jpg\" alt=\"\" width=\"1100\" height=\"699\" border=\"0\" \/><\/p>\n<h3><\/h3>\n<h3>Wyzwanie dla Twojej kreatywno\u015bci<\/h3>\n<p>Chcesz uatrakcyjni\u0107 swoje materia\u0142y? Zastanawiasz si\u0119, jak nada\u0107 im unikalny charakter? Mamy dla Ciebie co\u015b specjalnego! DJI Action 2 oferuje kilka kreatywnych funkcji, kt\u00f3re pomog\u0105 Ci uzyska\u0107 wymarzone efekty. Przejmij kontrol\u0119 nad czasem i przyspiesz go, tworz\u0105c spektakularne uj\u0119cie Timelapse. Mo\u017cesz te\u017c spowolni\u0107 niemal ka\u017cd\u0105 akcj\u0119 i nagra\u0107 j\u0105 w nawet 8-krotnym Slow Motion. Kamera pozwala te\u017c szybko i wygodnie prze\u0142\u0105cza\u0107 si\u0119 mi\u0119dzy zbli\u017ceniami a nagrywaniem z odleg\u0142o\u015bci &#8211; wypr\u00f3buj funkcj\u0119 Digital Zoom i przekonaj si\u0119, jakie to proste!<\/p>\n<p><img loading=\"lazy\" src=\"https:\/\/rcpro.pl\/data\/include\/cms\/12DJI\/Action-2\/02.jpg\" alt=\"\" width=\"1100\" height=\"700\" border=\"0\" \/><\/p>\n<h3><\/h3>\n<h3>Opowiedz o swoich przygodach<\/h3>\n<p>Bogaty w szczeg\u00f3\u0142y, zachwycaj\u0105cej jako\u015bci obraz to nie wszystko &#8211; aby stworzy\u0107 \u015bwietny film, nale\u017cy pomy\u015ble\u0107 r\u00f3wnie\u017c o d\u017awi\u0119ku. DJI Action 2 ma dla Ciebie idealne rozwi\u0105zanie! Modu\u0142 z ekranem dotykowym zosta\u0142 wyposa\u017cony w 4-mikrofonowy system Matrix Stereo, kt\u00f3ry razem z funkcjami takimi jak Audio Zoom i Kierunkowe Audio umo\u017cliwia nagrywanie krystalicznie czystego, naturalnego, doskonale odwzorowanego audio. Teraz mo\u017cesz nagra\u0107 vloga lub wideorelacj\u0119 ze swojej kolejnej wyprawy, maj\u0105c pewno\u015b\u0107, \u017ce Twoi widzowie doskonale us\u0142ysz\u0105 ka\u017cde s\u0142owo!<\/p>\n<p><img loading=\"lazy\" src=\"https:\/\/rcpro.pl\/data\/include\/cms\/12DJI\/Action-2\/07.jpg\" alt=\"\" width=\"1100\" height=\"700\" border=\"0\" \/><\/p>\n<h3><\/h3>\n<h3>Edytuj filmy w aplikacji DJI Mimo<\/h3>\n<p>Szukasz prostego sposobu na edycj\u0119 swoich nagra\u0144? Chcesz bez trudu uzyskiwa\u0107 efektowne rezultaty? \u017baden problem! Aplikacja DJI Mimo pozwala szybko i wygodnie montowa\u0107 filmy i udost\u0119pnia\u0107 je w mediach spo\u0142eczno\u015bciowych. Je\u015bli nie masz czasu lub ochoty na edycj\u0119 materia\u0142\u00f3w, skorzystaj z Edytora AI, kt\u00f3ry b\u0142yskawicznie wybierze ich najciekawsze fragmenty, a nast\u0119pnie uzupe\u0142ni je o podkre\u015blaj\u0105c\u0105 ich charakter muzyk\u0119 i p\u0142ynne przej\u015bcia. Gotowy film mo\u017cesz od razu pokaza\u0107 swoim znajomym!<\/p>\n<p><img loading=\"lazy\" src=\"https:\/\/rcpro.pl\/data\/include\/cms\/12DJI\/Action-2\/08.jpg\" alt=\"\" width=\"1100\" height=\"699\" border=\"0\" \/><\/p>\n<h3><\/h3>\n<h3>Wypr\u00f3buj wchodz\u0105ce w sk\u0142ad zestawu akcesoria<\/h3>\n<p>Jak tworzy\u0107 jeszcze ciekawsze materia\u0142y? To prostsze, ni\u017c my\u015blisz! Wystarczy, \u017ce u\u017cyjesz do\u0142\u0105czonych do zestawu akcesori\u00f3w. Magnetyczna zawieszka na szyj\u0119 pozwoli Ci uwolni\u0107 r\u0119ce i nagra\u0107 ka\u017cde wydarzenie, pozostaj\u0105c jego uczestnikiem. Ju\u017c nie musisz obserwowa\u0107 cennych chwil tylko zza obiektywu! Mocowanie magnetyczne do kamer sportowych umo\u017cliwia monta\u017c innych akcesori\u00f3w. W sk\u0142ad zestawu Dual-Screen Combo wchodzi te\u017c uchwyt magnetyczny z przegubem kulowym i samoprzylepn\u0105 baz\u0105 wielokrotnego u\u017cytku.<\/p>\n<p><img loading=\"lazy\" src=\"https:\/\/rcpro.pl\/data\/include\/cms\/12DJI\/Action-2\/09.jpg\" alt=\"\" width=\"1100\" height=\"700\" border=\"0\" \/><\/p>\n<h3><\/h3>\n<h3>Teraz mo\u017cesz jeszcze wi\u0119cej<\/h3>\n<p>Chcesz wi\u0119cej? Wypr\u00f3buj inne akcesoria, kt\u00f3re s\u0105 dost\u0119pne w sprzeda\u017cy osobno. Za pomoc\u0105 opaski na g\u0142ow\u0119 z mocowaniem magnetycznym z \u0142atwo\u015bci\u0105 nagrasz interesuj\u0105cy film z perspektywy pierwszej osoby, a wysi\u0119gnik teleskopowy z pilotem zdalnego sterowania mo\u017ce pe\u0142ni\u0107 funkcj\u0119 selfie sticka i tripodu, umo\u017cliwiaj\u0105c przy tym obs\u0142ug\u0119 kamery na odleg\u0142o\u015b\u0107. Obiektyw makro pozwoli Ci wykona\u0107 \u015bwietne uj\u0119cie z bliska, a obudowa wodoodporna i uchwyt wyporno\u015bciowy DJI pomog\u0105 Ci w filmowaniu podwodnego \u015bwiata. Nagrywanie doskona\u0142ej jako\u015bci d\u017awi\u0119ku u\u0142atwi Ci DJI Mic.<\/p>\n<p><img loading=\"lazy\" src=\"https:\/\/rcpro.pl\/data\/include\/cms\/12DJI\/Action-2\/10.jpg\" alt=\"\" width=\"1100\" height=\"700\" border=\"0\" \/><\/p>\n<p>&nbsp;<\/p>\n<h3>W zestawie<\/h3>\n<ul>\n<li>DJI Action 2<\/li>\n<li>Modu\u0142 z ekranem dotykowym<\/li>\n<li>Zawieszka magnetyczna na szyj\u0119<\/li>\n<li>Uchwyt magentyczny z przegubem kulowym<\/li>\n<li>Mocowanie magnetyczne do kamer sportowych<\/li>\n<li>Przew\u00f3d zasilaj\u0105cy<\/li>\n<\/ul>\n<p>&nbsp;<\/p>\n<h3>Specyfikacja<\/h3>\n<p>&nbsp;<\/p>\n<div class=\"table-wrapper\">\n<table>\n<tbody>\n<tr>\n<th>Producent<\/th>\n<td>DJI<\/td>\n<\/tr>\n<tr>\n<th>Model<\/th>\n<td>Action 2<\/td>\n<\/tr>\n<tr>\n<th>Wymiary<\/th>\n<td>39\u00d739\u00d722.3 mm<\/td>\n<\/tr>\n<tr>\n<th>Wodoodporno\u015b\u0107<\/th>\n<td>Do 10 m bez obudowy wodoodpornej, do 60 m z obudow\u0105 wodoodporn\u0105<\/td>\n<\/tr>\n<tr>\n<th>Ilo\u015b\u0107 mikrofon\u00f3w<\/th>\n<td>1<\/td>\n<\/tr>\n<tr>\n<th>Waga<\/th>\n<td>56 g<\/td>\n<\/tr>\n<tr>\n<th>Ekran dotykowy<\/th>\n<td>1.76\u201d 350 ppi 500\u00b150 cd\/m\u00b2 446\u00d7424<\/td>\n<\/tr>\n<tr>\n<th>Sensor<\/th>\n<td>1\/1.7\u201d CMOS<\/td>\n<\/tr>\n<tr>\n<th>Obiektyw<\/th>\n<td>K\u0105t widzenia (FOV): 155\u00b0 f\/2.8<\/td>\n<\/tr>\n<tr>\n<th>Zakres ISO<\/th>\n<td>Zdj\u0119cia: 100-6400, Filmy: 100-6400<\/td>\n<\/tr>\n<tr>\n<th>Szybko\u015b\u0107 elektronicznej migawki<\/th>\n<td>Zdj\u0119cia: 1\/8000-30 s, Wideo: 1\/8000 s do limitu klatek na sekund\u0119<\/td>\n<\/tr>\n<tr>\n<th>Maks. rozdzielczo\u015b\u0107 zdj\u0119\u0107<\/th>\n<td>4000\u00d73000<\/td>\n<\/tr>\n<tr>\n<th>Zoom<\/th>\n<td>Digital Zoom:<br \/>\n&#8211; Photo: 4x<br \/>\n&#8211; Video: 2x (&gt; 60fps); 4x (\u2264 60fps)<br \/>\nSlow Motion: 2x<br \/>\nTimelapse: Brak<\/td>\n<\/tr>\n<tr>\n<th>Tryby fotograficzne<\/th>\n<td>Pojedynczy: 12 MP Odliczanie: Wy\u0142\/0.5\/1\/2\/3\/5\/10s<\/td>\n<\/tr>\n<tr>\n<th>Wideo<\/th>\n<td>4K (4:3): 4096\u00d73072 @ 24\/25\/30\/48\/50\/60 fps<br \/>\n4K (16:9): 3840\u00d72160 @ 100\/120 fps<br \/>\n4K (16:9): 3840\u00d72160 @ 24\/25\/30\/48\/50\/60 fps<br \/>\n2.7K (4:3): 2688\u00d72016 @ 24\/25\/30\/48\/50\/60 fps<br \/>\n2.7K (16:9): 2688\u00d71512 @ 100\/120 fps<br \/>\n2.7K (16:9): 2688\u00d71512 @ 24\/25\/30\/48\/50\/60 fps<br \/>\n1080p (16:9): 1920\u00d71080 @ 100\/120\/200\/240 fps<br \/>\n1080p (16:9): 1920\u00d71080 @ 24\/25\/30\/48\/50\/60 fps<\/td>\n<\/tr>\n<tr>\n<th>Tryb Slow Motion<\/th>\n<td>4K: 4x (120fps<br \/>\n2.7K: 4x (120fps)<br \/>\n1080p: 8x (240fps), 4x (120fps)<\/td>\n<\/tr>\n<tr>\n<th>Tryb Timelapse<\/th>\n<td>4K\/2.7K\/1080p<br \/>\nInterwa\u0142y: 0.5\/1\/2\/3\/4\/5\/6\/7\/8\/10\/13\/15\/20\/25\/30\/40 sek<br \/>\nCzas trwania: 5\/10\/20\/30 minutes, 1\/2\/3\/5 h, \u221e<\/td>\n<\/tr>\n<tr>\n<th>Stabilizacja<\/th>\n<td>EIS: Rocksteady 2.0+HorizonSteady<br \/>\nEIS nie jest obs\u0142ugiwany podczas nagrywania w 100 klatkach na sekund\u0119 lub na wy\u017cszych klatkarzach. Funkcja HorizonSteady jest dost\u0119pna tylko przy nagrywaniu w 1080p (16:9) lub 2,7K (16:9)<\/td>\n<\/tr>\n<tr>\n<th>Maks. Pr\u0119dko\u015b\u0107 zapisu<\/th>\n<td>130 MB\/s<\/td>\n<\/tr>\n<tr>\n<th>Wspierane systemy plik\u00f3w<\/th>\n<td>exFAT<\/td>\n<\/tr>\n<tr>\n<th>Obs\u0142ugiwane formaty zdj\u0119\u0107<\/th>\n<td>JPEG \/ RAW<\/td>\n<\/tr>\n<tr>\n<th>Obs\u0142ugiwane formaty wideo<\/th>\n<td>MP4 (H.264 \/ HEVC)<\/td>\n<\/tr>\n<tr>\n<th>Obs\u0142ugiwane karty SD<\/th>\n<td>microSD (Max. 256GB)<\/td>\n<\/tr>\n<tr>\n<th>Zalecane karty microSD<\/th>\n<td>DJI Action 2 obs\u0142uguje karty microSD o pojemno\u015bci do 256GB SDHC\/SDXC UHS-I Speed Grade 1 lub Speed Grade 3<\/p>\n<p>Zalecane karty pami\u0119ci:<br \/>\nSamsung EVO 32GB UHS-I Speed Grade 1 microSDHC<br \/>\nSamsung EVO Plus 32GB UHS-I Speed Grade 1 microSDXC<br \/>\nSanDisk Extreme 64GB V30 A2 UHS-I Speed Grade 3 microSDXC<br \/>\nSanDisk High Endurance 32GB UHS-I Speed Grade 3 microSDXC<br \/>\nSanDisk Extreme Pro 32GB UHS-I Speed Grade 3 microSDXC<br \/>\nSanDisk Extreme 16GB UHS-I Speed Grade 3 microSDXC<br \/>\nLexar 633x 16GB UHS-I Speed Grade 1 microSDHC<\/td>\n<\/tr>\n<tr>\n<th>Jako\u015b\u0107 d\u017awi\u0119ku<\/th>\n<td>48 KHz; AAC<\/td>\n<\/tr>\n<tr>\n<th>Rodzaj akumulatora (kamera)<\/th>\n<td>LiPo 1S<\/td>\n<\/tr>\n<tr>\n<th>Pojemno\u015b\u0107\u00a0(kamera)<\/th>\n<td>580 mAh \/\u00a02.23 Wh<\/td>\n<\/tr>\n<tr>\n<th>Napi\u0119cie\u00a0(kamera)<\/th>\n<td>3.85 V<\/td>\n<\/tr>\n<tr>\n<th>Zakres temperatur pracy\u00a0(kamera)<\/th>\n<td>0\u00b0 to 40\u00b0 C (32\u00b0 to 104\u00b0 F)<\/td>\n<\/tr>\n<tr>\n<th>Temperatura \u0142adowania\u00a0(kamera)<\/th>\n<td>5\u00b0 to 60\u00b0 C (41\u00b0 to 140\u00b0 F)<\/td>\n<\/tr>\n<tr>\n<th>Czas pracy\u00a0(kamera)<\/th>\n<td>70 minut &#8211; testowano w \u015brodowisku laboratoryjnym podczas nagrywania film\u00f3w 1080p\/30 klatek na sekund\u0119 (Power Reserve) z wy\u0142\u0105czon\u0105 elektroniczn\u0105 stabilizacj\u0105 obrazu<\/td>\n<\/tr>\n<tr>\n<th>Cz\u0119stotliwo\u015b\u0107 pracy Wi-Fi<\/th>\n<td>2.400-2.4835 GHz<br \/>\n5.150-5.250 GHz<br \/>\n5.725-5.850 GHz<\/td>\n<\/tr>\n<tr>\n<th>Standard Wi-Fi<\/th>\n<td>802.11 a\/b\/g\/n\/ac<\/td>\n<\/tr>\n<tr>\n<th>Moc nadawania Wi-Fi (EIRP)<\/th>\n<td>2.4 GHz: &lt;16 dBm (FCC\/CE\/SRRC\/MIC<br \/>\n5.1 GHz: &lt;14 dBm (FCC\/CE\/SRRC\/MIC<br \/>\n5.8 GHz: &lt;14 dBm (FCC\/CE\/SRRC)<\/td>\n<\/tr>\n<tr>\n<th>Cz\u0119stotliwo\u015b\u0107 pracy Bluetooth<\/th>\n<td>2.400-2.4835 GHz<\/td>\n<\/tr>\n<tr>\n<th>Moc nadawania Bluetooth (EIRP)<\/th>\n<td>\u00a0&lt;4 dBm<\/td>\n<\/tr>\n<tr>\n<th>Standard Bluetooth<\/th>\n<td>BLE 5.0<\/td>\n<\/tr>\n<tr>\n<th>Wymiary (modu\u0142 ekranu dotykowego)<\/th>\n<td>39\u00d741.6\u00d724.6 mm<\/td>\n<\/tr>\n<tr>\n<th>Wodoodporno\u015b\u0107\u00a0(modu\u0142 ekranu dotykowego)<\/th>\n<td>do 60 m z obudow\u0105 wodoodporn\u0105<\/td>\n<\/tr>\n<tr>\n<th>Ilo\u015b\u0107 mikrofon\u00f3w\u00a0(modu\u0142 ekranu dotykowego)<\/th>\n<td>3<\/td>\n<\/tr>\n<tr>\n<th>Waga\u00a0(modu\u0142 ekranu dotykowego)<\/th>\n<td>64 g<\/td>\n<\/tr>\n<tr>\n<th>Modu\u0142 ekranu dotykowego<\/th>\n<td>dotykowy,\u00a01.76\u201d 350 ppi 500\u00b150 cd\/m\u00b2 446\u00d7424<\/td>\n<\/tr>\n<tr>\n<th>Rodzaj akumulatora\u00a0(modu\u0142 ekranu dotykowego)<\/th>\n<td>LiPo 2S<\/td>\n<\/tr>\n<tr>\n<th>Pojemno\u015b\u0107\u00a0(modu\u0142 ekranu dotykowego)<\/th>\n<td>1300 mAh \/\u00a05 Wh<\/td>\n<\/tr>\n<tr>\n<th>Napi\u0119cie\u00a0(modu\u0142 ekranu dotykowego)<\/th>\n<td>3.85 V<\/td>\n<\/tr>\n<tr>\n<th>Zakres temperatur pracy\u00a0(modu\u0142 ekranu dotykowego)<\/th>\n<td>0\u00b0 to 40\u00b0 C (32\u00b0 to 104\u00b0 F)<\/td>\n<\/tr>\n<tr>\n<th>Temperatura \u0142adowania\u00a0(modu\u0142 ekranu dotykowego)<\/th>\n<td>5\u00b0 to 60\u00b0 C (41\u00b0 to 140\u00b0 F)<\/td>\n<\/tr>\n<tr>\n<th>Czas pracy\u00a0(modu\u0142 ekranu dotykowego)<\/th>\n<td>Modu\u0142 kamery + modu\u0142 ekranu dotykowego: 160 minut. Testowane w warunkach laboratoryjnych podczas nagrywania wideo 1080p\/30fps (Power Reserve) z wy\u0142\u0105czon\u0105 elektroniczn\u0105 stabilizacj\u0105 obrazu<\/td>\n<\/tr>\n<tr>\n<th>Czas \u0142adowania\u00a0(modu\u0142 ekranu dotykowego)<\/th>\n<td>Modu\u0142 kamery + modu\u0142 przedniego ekranu dotykowego: 90 minut. Testowane w \u015brodowisku laboratoryjnym przy u\u017cyciu zasilacza USB 5V\/2A<\/td>\n<\/tr>\n<\/tbody>\n<\/table>\n<\/div>\n","protected":false},"excerpt":{"rendered":"<h3 style=\"text-align: center;\">DJI Action 2 &#8211; niezawodna w ka\u017cdej sytuacji<\/h3>\n","protected":false},"featured_media":6278,"comment_status":"open","ping_status":"closed","template":"","meta":{"_s2mail":""},"product_cat":[899,898,408,497,484],"product_tag":[543],"_links":{"self":[{"href":"https:\/\/sklep.aveos.pl\/index.php\/wp-json\/wp\/v2\/product\/6277"}],"collection":[{"href":"https:\/\/sklep.aveos.pl\/index.php\/wp-json\/wp\/v2\/product"}],"about":[{"href":"https:\/\/sklep.aveos.pl\/index.php\/wp-json\/wp\/v2\/types\/product"}],"replies":[{"embeddable":true,"href":"https:\/\/sklep.aveos.pl\/index.php\/wp-json\/wp\/v2\/comments?post=6277"}],"wp:featuredmedia":[{"embeddable":true,"href":"https:\/\/sklep.aveos.pl\/index.php\/wp-json\/wp\/v2\/media\/6278"}],"wp:attachment":[{"href":"https:\/\/sklep.aveos.pl\/index.php\/wp-json\/wp\/v2\/media?parent=6277"}],"wp:term":[{"taxonomy":"product_cat","embeddable":true,"href":"https:\/\/sklep.aveos.pl\/index.php\/wp-json\/wp\/v2\/product_cat?post=6277"},{"taxonomy":"product_tag","embeddable":true,"href":"https:\/\/sklep.aveos.pl\/index.php\/wp-json\/wp\/v2\/product_tag?post=6277"}],"curies":[{"name":"wp","href":"https:\/\/api.w.org\/{rel}","templated":true}]}}