{"id":6294,"date":"2021-11-09T20:16:11","date_gmt":"2021-11-09T19:16:11","guid":{"rendered":"https:\/\/sklep.aveos.pl\/?post_type=product&#038;p=6294"},"modified":"2021-11-09T20:27:02","modified_gmt":"2021-11-09T19:27:02","slug":"traxxas-drag-slash-wersja-czerwona","status":"publish","type":"product","link":"https:\/\/sklep.aveos.pl\/index.php\/produkt\/traxxas-drag-slash-wersja-czerwona\/","title":{"rendered":"Traxxas DRAG SLASH &#8211; wersja czerwona"},"content":{"rendered":"<h2 style=\"text-align: center;\"><strong>1\/10 DRAG SLASH TSM<\/strong><br \/>\n<strong>wersja czerwona<\/strong><\/h2>\n<p>&nbsp;<\/p>\n<p>Producent: TRAXXAS<br \/>\nNr kat.\u00a0<strong>94076-4R<\/strong><\/p>\n<p>&nbsp;<\/p>\n<p><strong><span class=\"VIiyi\" lang=\"pl\"><span class=\"JLqJ4b ChMk0b\" data-language-for-alternatives=\"pl\" data-language-to-translate-into=\"en\" data-number-of-phrases=\"7\" data-phrase-index=\"0\">Zaprojektowany, aby wygra\u0107<\/span><\/span><\/strong><\/p>\n<p><span class=\"VIiyi\" lang=\"pl\"><span class=\"JLqJ4b ChMk0b\" data-language-for-alternatives=\"pl\" data-language-to-translate-into=\"en\" data-number-of-phrases=\"7\" data-phrase-index=\"2\"><em><strong>Drag Slash<\/strong><\/em>\u00a0zosta\u0142 zaprojektowany z przemy\u015blanymi funkcjami i innowacyjn\u0105 wydajno\u015bci\u0105, aby wygrywa\u0107 na ka\u017cdym poziomie umiej\u0119tno\u015bci i do\u015bwiadczenia.\u00a0<\/span><\/span><span class=\"VIiyi\" lang=\"pl\"><span class=\"JLqJ4b ChMk0b\" data-language-for-alternatives=\"pl\" data-language-to-translate-into=\"en\" data-number-of-phrases=\"7\" data-phrase-index=\"3\">Przek\u0142adnia\u00a0<em><strong>Magnum 272R<\/strong><\/em>\u00a0z serii<em><strong>\u00a0Pro<\/strong><\/em>\u00a0zosta\u0142a zaprojektowana z my\u015bl\u0105 o ogromnym momencie obrotowym.\u00a0<\/span><span class=\"JLqJ4b ChMk0b\" data-language-for-alternatives=\"pl\" data-language-to-translate-into=\"en\" data-number-of-phrases=\"7\" data-phrase-index=\"4\">Sprawdzony system nap\u0119dowy\u00a0<em><strong>Velineon<\/strong><\/em>\u00a0zapewnia odpowiedni\u0105 moc do uzyskania ekstremalnych pr\u0119dko\u015bci.\u00a0<\/span><span class=\"JLqJ4b ChMk0b\" data-language-for-alternatives=\"pl\" data-language-to-translate-into=\"en\" data-number-of-phrases=\"7\" data-phrase-index=\"5\">Wyj\u0105tkowy tryb\u00a0<em><strong>Drag Mode\u00a0<\/strong><\/em>i<em><strong>\u00a0Trans Brake<\/strong><\/em>\u00a0zapewniaj\u0105 niesamowit\u0105 wszechstronno\u015b\u0107, a\u00a0<em><strong>Drag Slash<\/strong><\/em>\u00a0robi to wszystko w klasycznym stylu\u00a0<em><strong>Chevy C10<\/strong><\/em>.<\/span><\/span><\/p>\n<p><img src=\"https:\/\/riku.pl\/zdjecia_opis\/94076\/94076_podwozie.png\" alt=\"\" \/><br \/>\n<strong>L<span class=\"VIiyi\" lang=\"pl\"><span class=\"JLqJ4b ChMk0b\" data-language-for-alternatives=\"pl\" data-language-to-translate-into=\"en\" data-number-of-phrases=\"2\" data-phrase-index=\"1\">egendarna trwa\u0142o\u015b\u0107\u00a0<em>Slash&#8217;a<\/em><\/span><\/span><\/strong><\/p>\n<p><span class=\"VIiyi\" lang=\"pl\"><span class=\"JLqJ4b ChMk0b\" data-language-for-alternatives=\"pl\" data-language-to-translate-into=\"en\" data-number-of-phrases=\"2\" data-phrase-index=\"1\"><em><strong>Traxxas<\/strong><\/em>\u00a0\u0142\u0105czy legendarn\u0105 trwa\u0142o\u015b\u0107\u00a0<em><strong>Slash&#8217;a<\/strong><\/em>\u00a0z najnowszymi &#8211; zaawansowanymi technologicznie funkcjami, aby stworzy\u0107 \u015bwiatowej klasy\u00a0<em><strong>Drag Racer&#8217;a<\/strong><\/em>.\u00a0Zajrzyj pod efektown\u0105 karoseri\u0119\u00a0<em><strong>C10<\/strong><\/em>, aby odkry\u0107 szczeg\u00f3\u0142y projektu, dzi\u0119ki kt\u00f3rym\u00a0<em><strong>Drag Slash<\/strong><\/em>\u00a0jest najszybszym autem na ulicy.\u00a0<em><strong>Traxxas<\/strong><\/em>\u00a0zbada\u0142 ka\u017cdy szczeg\u00f3\u0142, aby stworzy\u0107 dynamiczny, zaawansowany technologicznie samoch\u00f3d, kt\u00f3ry jest tak szybki w trasie, jak przyjemny w prowadzeniu.<\/span><\/span><\/p>\n<p><img src=\"https:\/\/riku.pl\/zdjecia_opis\/94076\/Ko%C5%82a.jpg\" alt=\"\" \/><span class=\"VIiyi\" lang=\"pl\"><span class=\"JLqJ4b ChMk0b\" data-language-for-alternatives=\"pl\" data-language-to-translate-into=\"en\" data-number-of-phrases=\"2\" data-phrase-index=\"1\"><strong>Wyczynowe ko\u0142a<\/strong><br \/>\nSzerokie opony\u00a0<em><strong>Mickey Thompson<\/strong><\/em>\u00a0na obr\u0119czach\u00a0<em><strong>Weld<\/strong><\/em>\u00a0to klasyczne po\u0142\u0105czenie.\u00a0<em><strong>Traxxas<\/strong><\/em>\u00a0odwzorowuje legendarny wygl\u0105d i wydajno\u015b\u0107.\u00a0Opracowana w wyniku szeroko zakrojonych test\u00f3w, unikalna mieszanka slick\u00f3w zosta\u0142a opracowana tak, aby zr\u00f3wnowa\u017cy\u0107 d\u0142ug\u0105 \u017cywotno\u015b\u0107 opony z maksymaln\u0105 przyczepno\u015bci\u0105.<\/span><\/span><\/p>\n<p><img src=\"https:\/\/riku.pl\/zdjecia_opis\/94076\/Przek%C5%82adnia.jpg\" alt=\"\" \/><br \/>\n<strong>Przek\u0142adnia Pro Series\u00a0<span class=\"text-nowrap\">Magnum 272R<sup class=\"smaller\">&#x2122;<\/sup><\/span><\/strong><br \/>\n<span class=\"VIiyi\" lang=\"pl\"><span class=\"JLqJ4b ChMk0b\" data-language-for-alternatives=\"pl\" data-language-to-translate-into=\"en\" data-number-of-phrases=\"2\" data-phrase-index=\"0\">Bogata w funkcje przek\u0142adnia serii\u00a0<em><strong>Pro<\/strong><\/em>\u00a0jest wyposa\u017cona w wype\u0142niony silikonem mechanizm r\u00f3\u017cnicowy, aluminiow\u0105 p\u0142yt\u0119 silnika, stalowe ko\u0142a z\u0119bate oraz zintegrowane ko\u0142o z\u0119bate wej\u015bciowe i wa\u0142ek g\u00f3rny.<\/span><\/span><\/p>\n<p><span class=\"VIiyi\" lang=\"pl\"><span class=\"JLqJ4b ChMk0b\" data-language-for-alternatives=\"pl\" data-language-to-translate-into=\"en\" data-number-of-phrases=\"2\" data-phrase-index=\"1\"><img src=\"https:\/\/riku.pl\/zdjecia_opis\/94076\/Velineon.jpg\" alt=\"\" \/><\/span><\/span><\/p>\n<p><strong>Zesp\u00f3\u0142 nap\u0119dowy Velineon<\/strong><br \/>\n<strong><em>Velineon \u00ae 3500<\/em><\/strong>\u00a0jest bezszczotkowym silnikiem precyzyjnie dopasowanym do zastosowania w skali\u00a0<strong><em>1:10<\/em><\/strong>\u00a0zapewniaj\u0105c doskona\u0142\u0105 r\u00f3wnowag\u0119 maksymalnej mocy i wydajno\u015bci. Elektroniczny regulator obrot\u00f3w\u00a0<strong><em>VXL-3s\u00a0<\/em><\/strong>zapewnia pe\u0142n\u0105 kontrol\u0119 nad p\u0142ynnym ruszanie i precyzyjnym sterowaniem, bez potrzeby dodatkowych czujnik\u00f3w i okablowania.<\/p>\n<p><img src=\"https:\/\/riku.pl\/zdjecia_opis\/94076\/intro-features-magnum272r.jpg\" alt=\"\" \/><\/p>\n<p>&nbsp;<\/p>\n<p>&nbsp;<\/p>\n<p>&nbsp;<\/p>\n<p>&nbsp;<\/p>\n<p><span class=\"VIiyi\" lang=\"pl\"><strong><span class=\"JLqJ4b ChMk0b\" data-language-for-alternatives=\"pl\" data-language-to-translate-into=\"en\" data-number-of-phrases=\"4\" data-phrase-index=\"0\">Ca\u0142kowicie nowa przek\u0142adnia Pro Magnum 272R&#x2122;<\/span><\/strong><\/span><\/p>\n<p><span class=\"JLqJ4b ChMk0b\" data-language-for-alternatives=\"pl\" data-language-to-translate-into=\"en\" data-number-of-phrases=\"4\" data-phrase-index=\"2\">Przek\u0142adnia\u00a0<em><strong>Magnum 272R<\/strong><\/em>\u00a0jest zbudowana z my\u015bl\u0105 o bardzo du\u017cym i natychmiastowym momencie obrotowym.<\/span>\u00a0<span class=\"JLqJ4b ChMk0b\" data-language-for-alternatives=\"pl\" data-language-to-translate-into=\"en\" data-number-of-phrases=\"4\" data-phrase-index=\"3\"><em><strong>272R<\/strong><\/em>\u00a0ma anodowan\u0105 na niebiesko aluminiow\u0105 p\u0142yt\u0119 silnika, ca\u0142kowicie metalowe ko\u0142a z\u0119bate i uszczelniony, wype\u0142niony silikonem\u00a0<em><strong>4-biegowy mechanizm r\u00f3\u017cnicowy<\/strong><\/em>\u00a0dostrojony specjalnie do wy\u015bcig\u00f3w\u00a0<em><strong>Drag<\/strong><\/em>\u00a0z g\u0119stym p\u0142ynem dyferencja\u0142u\u00a0<em><strong>500K<\/strong><\/em>.<\/span><\/p>\n<p><img src=\"https:\/\/riku.pl\/zdjecia_opis\/94076\/intro-features-TSM.jpg\" alt=\"\" \/><\/p>\n<p>&nbsp;<\/p>\n<p>&nbsp;<\/p>\n<p>&nbsp;<\/p>\n<p>&nbsp;<\/p>\n<p><strong><span class=\"VIiyi\" lang=\"pl\"><span class=\"JLqJ4b ChMk0b\" data-language-for-alternatives=\"pl\" data-language-to-translate-into=\"en\" data-number-of-phrases=\"5\" data-phrase-index=\"0\">TSM z trybem Drag Race<\/span><\/span><\/strong><\/p>\n<p><span class=\"VIiyi\" lang=\"pl\"><span class=\"JLqJ4b ChMk0b\" data-language-for-alternatives=\"pl\" data-language-to-translate-into=\"en\" data-number-of-phrases=\"5\" data-phrase-index=\"2\">Dzi\u0119ki\u00a0<em><strong>&#8220;Traxxas Stability Management&#8221;<\/strong><\/em>\u00a0 \u0142atwo jest prowadzi\u0107 samoch\u00f3d jak profesjonalista.<\/span>\u00a0<span class=\"JLqJ4b ChMk0b\" data-language-for-alternatives=\"pl\" data-language-to-translate-into=\"en\" data-number-of-phrases=\"5\" data-phrase-index=\"3\"><em><strong>TSM<\/strong><\/em>\u00a0sprawia, \u017ce wy\u015bcigi staj\u0105 si\u0119 przyjemniejsze, pozwalaj\u0105c kierowcy do\u015bwiadczy\u0107 najwi\u0119kszego mo\u017cliwego przyspieszenia na prostej z niesamowit\u0105 stabilno\u015bci\u0105 i precyzyjn\u0105 kontrol\u0105.<\/span>\u00a0<span class=\"JLqJ4b ChMk0b\" data-language-for-alternatives=\"pl\" data-language-to-translate-into=\"en\" data-number-of-phrases=\"5\" data-phrase-index=\"4\">Po przekroczeniu linii mety\u00a0<em><strong>TSM<\/strong><\/em>\u00a0radykalnie poprawia skuteczno\u015b\u0107 hamowania i pomaga zapobiega\u0107 wypadkom.<\/span><\/span><\/p>\n<p><img src=\"https:\/\/riku.pl\/zdjecia_opis\/94076\/intro-features-Trans-Brake.jpg\" alt=\"\" \/><\/p>\n<p>&nbsp;<\/p>\n<p>&nbsp;<\/p>\n<p><strong><span class=\"VIiyi\" lang=\"pl\"><span class=\"JLqJ4b ChMk0b\" data-language-for-alternatives=\"pl\" data-language-to-translate-into=\"en\" data-number-of-phrases=\"5\" data-phrase-index=\"0\">Traxxas &#8211; Trans Brake<\/span><\/span><\/strong><\/p>\n<p><span class=\"VIiyi\" lang=\"pl\"><span class=\"JLqJ4b ChMk0b\" data-language-for-alternatives=\"pl\" data-language-to-translate-into=\"en\" data-number-of-phrases=\"5\" data-phrase-index=\"2\">My\u015blisz, \u017ce szybko w\u0142\u0105czasz przepustnic\u0119?<\/span>\u00a0<span class=\"JLqJ4b ChMk0b\" data-language-for-alternatives=\"pl\" data-language-to-translate-into=\"en\" data-number-of-phrases=\"5\" data-phrase-index=\"3\">To jest szybsze.<\/span>\u00a0<span class=\"JLqJ4b ChMk0b\" data-language-for-alternatives=\"pl\" data-language-to-translate-into=\"en\" data-number-of-phrases=\"5\" data-phrase-index=\"4\">Przytrzymaj prze\u0142\u0105cznik\u00a0<em><strong>Trans Brake<\/strong><\/em>\u00a0nadajnika\u00a0<em><strong>TQi<\/strong><\/em>\u00a0i ustaw przepustnic\u0119 na linii startu. Gdy flaga opadnie, zwolnij prze\u0142\u0105cznik, aby za ka\u017cdym razem uzyskiwa\u0107 najwi\u0119ksze pr\u0119dko\u015bci startu.<\/span><\/span><\/p>\n<p><img src=\"https:\/\/riku.pl\/zdjecia_opis\/94076\/intro-features-Ultimate-Traction.jpg\" alt=\"\" \/><\/p>\n<p>&nbsp;<\/p>\n<p>&nbsp;<\/p>\n<p>&nbsp;<\/p>\n<p><strong><span class=\"VIiyi\" lang=\"pl\"><span class=\"JLqJ4b ChMk0b\" data-language-for-alternatives=\"pl\" data-language-to-translate-into=\"en\" data-number-of-phrases=\"4\" data-phrase-index=\"0\">Najwy\u017csza przyczepno\u015b\u0107 i kontrola<\/span><\/span><\/strong><\/p>\n<p><span class=\"VIiyi\" lang=\"pl\"><span class=\"JLqJ4b ChMk0b\" data-language-for-alternatives=\"pl\" data-language-to-translate-into=\"en\" data-number-of-phrases=\"4\" data-phrase-index=\"2\">Realizm w skali spotyka si\u0119 z in\u017cynieryjn\u0105 wydajno\u015bci\u0105.<\/span>\u00a0<span class=\"JLqJ4b ChMk0b\" data-language-for-alternatives=\"pl\" data-language-to-translate-into=\"en\" data-number-of-phrases=\"4\" data-phrase-index=\"3\">Ultra szerokie opony\u00a0<em><strong>Mickey Thompson ET Drag Slicks<\/strong><\/em>\u00a0maj\u0105 innowacyjn\u0105 konstrukcj\u0119 osnowy i wstawki z pianki o wysokiej g\u0119sto\u015bci. Wszystko dla zapewnienia doskona\u0142ej przyczepno\u015b\u0107.<\/span><\/span><\/p>\n<p><img src=\"https:\/\/riku.pl\/zdjecia_opis\/94076\/Wheelie-Bar.jpg\" alt=\"\" \/><\/p>\n<p><span class=\"VIiyi\" lang=\"pl\"><strong><span class=\"JLqJ4b ChMk0b\" data-language-for-alternatives=\"pl\" data-language-to-translate-into=\"en\" data-number-of-phrases=\"5\" data-phrase-index=\"0\">W\u00f3zek bezpiecze\u0144stwa<\/span><\/strong><br \/>\n<span class=\"JLqJ4b ChMk0b\" data-language-for-alternatives=\"pl\" data-language-to-translate-into=\"en\" data-number-of-phrases=\"5\" data-phrase-index=\"3\"><em><strong>Drag Slash\u00a0<\/strong><\/em>zapewnia maksymaln\u0105 kontrol\u0119 dzi\u0119ki pi\u0119ciopozycyjnej konstrukcji w\u00f3zka dw\u00f3m rozmiarom k\u00f3\u0142 do wyboru.<\/span>\u00a0<span class=\"JLqJ4b ChMk0b\" data-language-for-alternatives=\"pl\" data-language-to-translate-into=\"en\" data-number-of-phrases=\"5\" data-phrase-index=\"4\">Wzmocniona rama z podw\u00f3jn\u0105 drabink\u0105 w\u00f3zka na ko\u0142ach zapewnia maksymaln\u0105 sztywno\u015b\u0107, aby uzyska\u0107 najlepszy czas i wygra\u0107!<\/span><\/span><\/p>\n<p><span class=\"VIiyi\" lang=\"pl\"><span class=\"JLqJ4b ChMk0b\" data-language-for-alternatives=\"pl\" data-language-to-translate-into=\"en\" data-number-of-phrases=\"4\" data-phrase-index=\"3\"><img src=\"https:\/\/riku.pl\/zdjecia_opis\/94076\/Overview-Waterproof.jpg\" alt=\"\" \/><\/span><\/span><\/p>\n<p>&nbsp;<\/p>\n<p>&nbsp;<\/p>\n<p><strong>Odbiornik z trybem Drag Race<\/strong><\/p>\n<p><span class=\"VIiyi\" lang=\"pl\"><span class=\"JLqJ4b ChMk0b\" data-language-for-alternatives=\"pl\" data-language-to-translate-into=\"en\" data-number-of-phrases=\"3\" data-phrase-index=\"0\">Naci\u015bnij przycisk na odbiorniku\u00a0<em><strong>TQi<\/strong><\/em>, aby w\u0142\u0105czy\u0107 wyj\u0105tkowy tryb\u00a0<em><strong>Drag Race Traxxas<\/strong><\/em>.<\/span>\u00a0<span class=\"JLqJ4b ChMk0b\" data-language-for-alternatives=\"pl\" data-language-to-translate-into=\"en\" data-number-of-phrases=\"3\" data-phrase-index=\"1\">Po aktywacji, tryb\u00a0<em><strong>Drag Race<\/strong><\/em>\u00a0wy\u0142\u0105cza\u00a0<em><strong>TSM<\/strong><\/em>\u00a0podczas przyspieszania, aby pom\u00f3c ci doskonali\u0107 swoje umiej\u0119tno\u015bci wy\u015bcigowe.<\/span>\u00a0<span class=\"JLqJ4b ChMk0b\" data-language-for-alternatives=\"pl\" data-language-to-translate-into=\"en\" data-number-of-phrases=\"3\" data-phrase-index=\"2\">Po przekroczeniu linii mety,\u00a0<em><strong>TSM<\/strong><\/em>\u00a0radykalnie poprawia skuteczno\u015b\u0107 hamowania i zapobiega wypadkom<\/span><\/span>.<\/p>\n<p><img src=\"https:\/\/riku.pl\/zdjecia_opis\/94076\/Overview-Classic-Style.jpg\" alt=\"\" \/><\/p>\n<p>&nbsp;<\/p>\n<p><strong><span class=\"VIiyi\" lang=\"pl\"><span class=\"JLqJ4b ChMk0b\" data-language-for-alternatives=\"pl\" data-language-to-translate-into=\"en\" data-number-of-phrases=\"4\" data-phrase-index=\"0\">Klasyczny styl<\/span><\/span><\/strong><\/p>\n<p><span class=\"VIiyi\" lang=\"pl\"><span class=\"JLqJ4b ChMk0b\" data-language-for-alternatives=\"pl\" data-language-to-translate-into=\"en\" data-number-of-phrases=\"4\" data-phrase-index=\"2\"><em><strong>Drag Slash<\/strong><\/em>\u00a0osza\u0142amia na ka\u017cdej ulicy dzi\u0119ki doskonale odwzorowanej karoserii\u00a0<em><strong>Chevy C10 &#8217;67<\/strong><\/em>\u00a0kt\u00f3ra dost\u0119pna jest w sze\u015bciu kolorach.<\/span>\u00a0<span class=\"JLqJ4b ChMk0b\" data-language-for-alternatives=\"pl\" data-language-to-translate-into=\"en\" data-number-of-phrases=\"4\" data-phrase-index=\"3\">Klasyczny kszta\u0142t\u00a0<em><strong>C10<\/strong><\/em>\u00a0jest przystosowany do superszerokich slick&#8217;\u00f3w i jest w pe\u0142ni szczeg\u00f3\u0142owy z formowan\u0105 os\u0142on\u0105 ch\u0142odnicy, tylnym spojlerem i kloszami o\u015bwietleniowymi gotowymi do u\u017cycia z diodami\u00a0<em><strong>LED<\/strong><\/em>.<\/span><\/span><\/p>\n<p><img src=\"https:\/\/riku.pl\/zdjecia_opis\/94076\/ProGraphix.jpg\" alt=\"\" \/><\/p>\n<p><span class=\"VIiyi\" lang=\"pl\"><strong><span class=\"JLqJ4b ChMk0b\" data-language-for-alternatives=\"pl\" data-language-to-translate-into=\"en\" data-number-of-phrases=\"4\" data-phrase-index=\"3\">Mettalic ProGraphix<\/span><\/strong><br \/>\n<span class=\"JLqJ4b ChMk0b\" data-language-for-alternatives=\"pl\" data-language-to-translate-into=\"en\" data-number-of-phrases=\"4\" data-phrase-index=\"3\">Metaliczne lakiery\u00a0<em><strong>Drag Slash<\/strong><\/em>\u00a0b\u0142yszcz\u0105 g\u0142\u0119bokim po\u0142yskiem i przyci\u0105gaj\u0105 \u015bwiat\u0142o na wytrzyma\u0142\u0105 &#8211; poliw\u0119glanow\u0105 karoseri\u0119. Mo\u017cesz wybra\u0107\u00a0jeden z sze\u015bciu kolor\u00f3w:\u00a0<em><strong>Redline, Brilliant Blue, Green Machine, Ultra Violet, Diamond White i Midnight Black<\/strong><\/em>.<\/span><\/span><\/p>\n<p><img src=\"https:\/\/riku.pl\/zdjecia_opis\/94076\/Overview-Slash-for-the-Streets.jpg\" alt=\"\" \/><\/p>\n<p>&nbsp;<\/p>\n<p>&nbsp;<\/p>\n<p><strong>Slash na ulicy<\/strong><\/p>\n<p><span class=\"VIiyi\" lang=\"pl\"><span class=\"JLqJ4b ChMk0b\" data-language-for-alternatives=\"pl\" data-language-to-translate-into=\"en\" data-number-of-phrases=\"2\" data-phrase-index=\"0\"><em><strong>Drag Slas<\/strong><\/em>h jest zbudowany na sprawdzonym &#8211; nisko po\u0142o\u017conym \u015brodku ci\u0119\u017cko\u015bci podwozia, aby utrzyma\u0107 akumulator i elektronik\u0119 blisko pod\u0142o\u017ca, zapewniaj\u0105c stabilno\u015b\u0107 na torze.<\/span>\u00a0<span class=\"JLqJ4b ChMk0b\" data-language-for-alternatives=\"pl\" data-language-to-translate-into=\"en\" data-number-of-phrases=\"2\" data-phrase-index=\"1\">Modu\u0142owa konstrukcja i wysokiej jako\u015bci osprz\u0119t sprawiaj\u0105, \u017ce\u00a0<em><strong>Drag Slash<\/strong><\/em>\u00a0jest \u0142atwy w utrzymaniu i zapewnia najwy\u017csz\u0105 wydajno\u015b\u0107.<\/span><\/span><\/p>\n<p><img src=\"https:\/\/riku.pl\/zdjecia_opis\/94076\/Overview-Optional-Lighting.jpg\" alt=\"\" \/><\/p>\n<p>&nbsp;<\/p>\n<p>&nbsp;<\/p>\n<p>&nbsp;<\/p>\n<p><strong><span class=\"VIiyi\" lang=\"pl\"><span class=\"JLqJ4b ChMk0b\" data-language-for-alternatives=\"pl\" data-language-to-translate-into=\"en\" data-number-of-phrases=\"4\" data-phrase-index=\"0\">Akcesoria<\/span><\/span><\/strong><\/p>\n<p><strong><span class=\"VIiyi\" lang=\"pl\"><span class=\"JLqJ4b ChMk0b\" data-language-for-alternatives=\"pl\" data-language-to-translate-into=\"en\" data-number-of-phrases=\"4\" data-phrase-index=\"2\">Drag Slash\u00a0jest niesamowicie dobrze wyposa\u017cony od razu po wyj\u0119ciu z pude\u0142ka, ale to dopiero pocz\u0105tek.<\/span>\u00a0<span class=\"JLqJ4b ChMk0b\" data-language-for-alternatives=\"pl\" data-language-to-translate-into=\"en\" data-number-of-phrases=\"4\" data-phrase-index=\"3\">Traxxas\u00a0oferuje pe\u0142n\u0105 gam\u0119 akcesori\u00f3w i ulepsze\u0144, w tym zestawy o\u015bwietlenia\u00a0LED, komponenty aluminiowe, p\u0142yny do tuningu i wiele innych.<\/span><\/span><\/strong><\/p>\n<p><strong>MODEL 94076-4:\u00a01\/10 Drag Slash, w pe\u0142ni zmontowany, gotowy do wy\u015bcigu z aparatur\u0105 TQi&#x2122; 2.4GHz\u00a03 kana\u0142y, systemem &#8220;Traxxas Stability Management&#8221;, zespo\u0142em nap\u0119dowym\u00a0Velineon VXL-3s\u00a0i malowan\u0105 karoseri\u0105\u00a0ProGraphix.<\/strong><\/p>\n<p><strong>Uwaga! Zestaw nie zawiera pakiet\u00f3w nap\u0119dowych oraz \u0142adowarki.<\/strong><\/p>\n<p><strong>Rekomendowane pakiety nap\u0119dowe NiMh 6-8S \/ LiPo 2-3S:<\/strong><\/p>\n<ul>\n<li><strong>pakiet LiPo 7.4 \/ 3800mAh [kat. 102866]<\/strong><\/li>\n<li><strong>pakiet LiPo 11.1 \/ 5000mAh [kat.<a href=\"http:\/\/riku.pl\/towar\/traxxas-2866-pakiet-napedowy-lipo\/p\/kontekst\/4592\/\">\u00a0<\/a>102872]<\/strong><\/li>\n<\/ul>\n<p><strong>Rekomendowana \u0142adowarka pakiet\u00f3w nap\u0119dowych:<\/strong><\/p>\n<ul>\n<li><strong>EZ-Peak Plus 100W NiMH\/LiPo [kat: 102972]<\/strong><\/li>\n<\/ul>\n","protected":false},"excerpt":{"rendered":"<p>1\/10 DRAG SLASH TSM wersja czerwona &nbsp; Producent: TRAXXAS Nr kat.\u00a094076-4R &nbsp; Zaprojektowany, aby wygra\u0107 Drag Slash\u00a0zosta\u0142 zaprojektowany z przemy\u015blanymi funkcjami i innowacyjn\u0105 wydajno\u015bci\u0105, aby wygrywa\u0107 na ka\u017cdym poziomie umiej\u0119tno\u015bci i do\u015bwiadczenia.\u00a0Przek\u0142adnia\u00a0Magnum 272R\u00a0z serii\u00a0Pro\u00a0zosta\u0142a zaprojektowana z my\u015bl\u0105 o ogromnym momencie obrotowym.\u00a0Sprawdzony system nap\u0119dowy\u00a0Velineon\u00a0zapewnia odpowiedni\u0105 moc do uzyskania ekstremalnych pr\u0119dko\u015bci.\u00a0Wyj\u0105tkowy tryb\u00a0Drag Mode\u00a0i\u00a0Trans Brake\u00a0zapewniaj\u0105 niesamowit\u0105 wszechstronno\u015b\u0107, a\u00a0Drag&#8230;<\/p>\n","protected":false},"featured_media":6304,"comment_status":"open","ping_status":"closed","template":"","meta":{"_s2mail":""},"product_cat":[487,497],"product_tag":[900],"_links":{"self":[{"href":"https:\/\/sklep.aveos.pl\/index.php\/wp-json\/wp\/v2\/product\/6294"}],"collection":[{"href":"https:\/\/sklep.aveos.pl\/index.php\/wp-json\/wp\/v2\/product"}],"about":[{"href":"https:\/\/sklep.aveos.pl\/index.php\/wp-json\/wp\/v2\/types\/product"}],"replies":[{"embeddable":true,"href":"https:\/\/sklep.aveos.pl\/index.php\/wp-json\/wp\/v2\/comments?post=6294"}],"wp:featuredmedia":[{"embeddable":true,"href":"https:\/\/sklep.aveos.pl\/index.php\/wp-json\/wp\/v2\/media\/6304"}],"wp:attachment":[{"href":"https:\/\/sklep.aveos.pl\/index.php\/wp-json\/wp\/v2\/media?parent=6294"}],"wp:term":[{"taxonomy":"product_cat","embeddable":true,"href":"https:\/\/sklep.aveos.pl\/index.php\/wp-json\/wp\/v2\/product_cat?post=6294"},{"taxonomy":"product_tag","embeddable":true,"href":"https:\/\/sklep.aveos.pl\/index.php\/wp-json\/wp\/v2\/product_tag?post=6294"}],"curies":[{"name":"wp","href":"https:\/\/api.w.org\/{rel}","templated":true}]}}