{"id":6344,"date":"2021-11-16T16:58:43","date_gmt":"2021-11-16T15:58:43","guid":{"rendered":"https:\/\/sklep.aveos.pl\/?post_type=product&#038;p=6344"},"modified":"2022-08-01T14:03:07","modified_gmt":"2022-08-01T12:03:07","slug":"traxxas-trx-4-defender-82056-4-czerwony","status":"publish","type":"product","link":"https:\/\/sklep.aveos.pl\/index.php\/produkt\/traxxas-trx-4-defender-82056-4-czerwony\/","title":{"rendered":"Traxxas TRX-4 DEFENDER 82056-4  Czerwony"},"content":{"rendered":"<p><em><strong>TRX-4 DEFENDER<\/strong><\/em><\/p>\n<p><em><strong><span id=\"result_box\" lang=\"pl\"><span class=\"hps\">Licencjonowana kopia Land Rover<\/span><\/span><\/strong><\/em><\/p>\n<p><em><strong><span lang=\"pl\"><span class=\"hps\"><img class=\"aligncenter\" src=\"http:\/\/riku.pl\/zdjecia_opis\/82056_4\/82054_4_1.png\" alt=\"\" \/><img class=\"aligncenter\" src=\"http:\/\/riku.pl\/zdjecia_opis\/82056_4\/82054_4_2.png\" alt=\"\" \/><img class=\"aligncenter\" src=\"http:\/\/riku.pl\/zdjecia_opis\/82056_4\/82054_4_3.jpg\" alt=\"\" \/><img class=\"aligncenter\" src=\"http:\/\/riku.pl\/zdjecia_opis\/82056_4\/82054_4_4.jpg\" alt=\"\" \/><\/span><\/span><\/strong><\/em><\/p>\n<p><span lang=\"pl\"><em><strong>TRX-4 Defender<\/strong><\/em> jest zupe\u0142nie nowym projektem <em><strong>Traxxas&#8217;a.<\/strong><\/em> Na\u0142adowany jest innowacjami i nowymi funkcjami, kt\u00f3re zapewniaj\u0105 wszechstronno\u015b\u0107 i du\u017ce mo\u017cliwo\u015bci. <em><strong>TRX-4<\/strong><\/em> jest licencjonowan\u0105 kopi\u0105 legendarnego samochodu <em><strong>Land Rover &#8211; Defender<\/strong><\/em>. <em><strong>TRX-4<\/strong><\/em> jest zbudowany z my\u015bl\u0105 o ekstremalnych mo\u017cliwo\u015bciach <em>off-road<\/em>.Model zosta\u0142 wyposa\u017cony w wyj\u0105tkowo du\u017cy prze\u015bwit pomi\u0119dzy podwoziem, a terenem. To pozwala na estremaln\u0105 jazd\u0119 praktycznie wsz\u0119dzie. <\/span>Dwie najbardziej istotne innowacje, to zdalna blokada dyferencja\u0142\u00f3w oraz opcja <span lang=\"pl\">wysokiej i niskiej pr\u0119dko\u015bci. To wszystko sprawia, \u017ce <em><strong>TRX-4<\/strong><\/em> jest rzeczywi\u015bcie wyj\u0105tkow\u0105 propozycj\u0105 na rynku modeli samochod\u00f3w <em><strong>R\/C<\/strong><\/em>.<\/span><\/p>\n<p>&nbsp;<\/p>\n<p><span lang=\"pl\"><img class=\"aligncenter\" src=\"http:\/\/riku.pl\/zdjecia_opis\/82056_4\/82054_4_16.jpg\" alt=\"\" \/><\/span><\/p>\n<p>&nbsp;<\/p>\n<p>&nbsp;<\/p>\n<p><img loading=\"lazy\" class=\"aligncenter\" src=\"http:\/\/riku.pl\/zdjecia_opis\/82056_4\/82054_4_5.jpg\" alt=\"\" width=\"524\" height=\"524\" \/><\/p>\n<p><em><strong>Precyzyjne sterowanie z cz\u0119stotliwo\u015bci\u0105 2,4GHz.<\/strong><\/em><\/p>\n<p>System radiowy <em><strong>TQ&#x2122;\u00a02,4GHz<\/strong><\/em> nie wymaga stosowania kwarc\u00f3w odpowiedzialnych za kana\u0142 sterowania.\u00a0Ergonomiczna konstrukcja nadajnika jest wygodna dla wszystkich,\u00a0a wzmocniona\u00a0antena wewn\u0119trzna,\u00a0odporna jest na uszkodzenia.<br \/>\nNadajnik umo\u017cliwia korzystanie z unikalnych funkcji dla <em><strong>TRX-4<\/strong><\/em>, jak blokada dyferencja\u0142\u00f3w oraz zmiana prze\u0142o\u017cenia przek\u0142adni g\u0142\u00f3wnej.<\/p>\n<p>Nadajnik jest przygotowany do wyposa\u017cenia go w modu\u0142 <strong><em>Traxxas Link Wireless Module&#x2122;<\/em><\/strong>, kt\u00f3ry zapewnia bezprzewodow\u0105 \u0142\u0105czno\u015b\u0107 z urz\u0105dzeniami pracuj\u0105cymi w systemie <strong><em>Android<\/em>lub <em>AppleiOS 4.4+ 4.3+<\/em><\/strong>.<br \/>\n<strong>Modu\u0142 <em>Traxxas Link Wireless Module&#x2122; nie wchodzi w sk\u0142ad zestawu i nale\u017cy go dokupi\u0107 oddzielnie. <\/em><\/strong><em><strong>Numer katalogowy modu\u0142u to 106511<\/strong>.<\/em><\/p>\n<p>&nbsp;<\/p>\n<p>&nbsp;<\/p>\n<p>&nbsp;<\/p>\n<p><img loading=\"lazy\" class=\"aligncenter\" src=\"http:\/\/riku.pl\/zdjecia_opis\/82056_4\/82054_4_6.jpg\" alt=\"\" width=\"524\" height=\"524\" \/><\/p>\n<p><em><strong>Silnik Titan 21T 550.<\/strong><\/em><\/p>\n<p><em><strong>TRX-4<\/strong><\/em> wyposa\u017cono w ulepszony silnik nap\u0119dowy <em><strong>Titan 21T 550<\/strong><\/em>, kt\u00f3ry wyposa\u017cono w zintegrowany wentylator ch\u0142odz\u0105cy.<\/p>\n<p>&nbsp;<\/p>\n<p>&nbsp;<\/p>\n<p>&nbsp;<\/p>\n<p><img loading=\"lazy\" class=\"aligncenter\" src=\"http:\/\/riku.pl\/zdjecia_opis\/82056_4\/82054_4_7.jpg\" alt=\"\" width=\"524\" height=\"524\" \/><\/p>\n<p><em><strong>Elektroniczny regulator obrot\u00f3w XL-5 HV.<\/strong><\/em><\/p>\n<p>Sterowanie nap\u0119du realizuje nowy &#8211; elektroniczny regulator obrot\u00f3w <strong>XL-5 HV<\/strong>. Posiada on przydatn\u0105 funkcj\u0119 trzech tryb\u00f3w zabezpieczenia termicznego i wyposa\u017cony jest w wysokopr\u0105dowe z\u0142\u0105cza elektryczne. Do tego w regulatorze <strong>XL-5<em> HV<\/em><\/strong> znajduje si\u0119 funkcja \u201e<strong>Training Mode.&#x2122;\u201d,<\/strong> kt\u00f3ra pozwala obni\u017cy\u0107 moc zespo\u0142u nap\u0119dowego o <strong>50%<\/strong> oraz funkcje <strong><em>&#8220;Sport&#8221; i &#8220;Race&#8221;<\/em>.<\/strong> Funkcja <em><strong>&#8220;Training&#8221;<\/strong><\/em> jest przydatna dla pocz\u0105tkuj\u0105cych kierowc\u00f3w i dla wszystkich kt\u00f3rzy chc\u0105 potrenowa\u0107\u00a0 technik\u0119 precyzyjnej jazdy. Regulator <strong>XL-5 VH<\/strong> jest oczywi\u015bcie wodoszczelny w my\u015bl zasady \u201eb\u0142oto i \u015bnieg, ju\u017c nie s\u0105 przeszkod\u0105 w zabawie na wolnym powietrzu\u201d. Najwa\u017cniejsz\u0105 funkcj\u0105 regulatora jest obs\u0142uga napi\u0119\u0107 pochodz\u0105cych z pakiet\u00f3w <em><strong>3S LiPo<\/strong><\/em>.<\/p>\n<p>&nbsp;<\/p>\n<p>&nbsp;<\/p>\n<p>&nbsp;<\/p>\n<p>&nbsp;<\/p>\n<p><img loading=\"lazy\" class=\"aligncenter\" src=\"http:\/\/riku.pl\/zdjecia_opis\/82056_4\/82054_4_8.jpg\" alt=\"\" width=\"524\" height=\"524\" \/><\/p>\n<p><em><strong>Serwomechanizm 2075X.<\/strong><\/em><\/p>\n<p>Serwomechanizm ok\u0142adu sterowania jest wodoszczelny i wyposa\u017cony w metalowe z\u0119batki.<\/p>\n<p>&nbsp;<\/p>\n<p>&nbsp;<\/p>\n<p>&nbsp;<\/p>\n<p><img loading=\"lazy\" class=\"aligncenter\" src=\"http:\/\/riku.pl\/zdjecia_opis\/82056_4\/82054_4_9.jpg\" alt=\"\" width=\"524\" height=\"524\" \/><\/p>\n<p>&nbsp;<\/p>\n<p><em><strong>Uk\u0142ad kierowniczy.<\/strong><\/em><\/p>\n<p><em><strong>TRX-4<\/strong><\/em> posiada uk\u0142ad kierownichy pozwalaj\u0105cy na obr\u00f3t k\u00f3\u0142 w zakresie <em><strong>2 x 45st.<\/strong><\/em> To pozwala na wykonywanie ciasnych zakr\u0119t\u00f3w w trudnym &#8211; kamienistym terenie.<\/p>\n<p>&nbsp;<\/p>\n<p>&nbsp;<\/p>\n<p>&nbsp;<\/p>\n<p>&nbsp;<\/p>\n<p>&nbsp;<\/p>\n<p><img loading=\"lazy\" class=\"aligncenter\" src=\"http:\/\/riku.pl\/zdjecia_opis\/82056_4\/82054_4_10.jpg\" alt=\"\" width=\"525\" height=\"525\" \/><\/p>\n<p><em><strong>Podwozie przystosowane do poruszania si\u0119 w bardzo trudnym terenie.<\/strong><\/em><\/p>\n<p><em><strong>Prze\u015bwit wielko\u015bci 80mm uzupe\u0142nia wszechstronne mo\u017cliwo\u015bci poruszania si\u0119 TRX-4.<\/strong><\/em><\/p>\n<p>&nbsp;<\/p>\n<p>&nbsp;<\/p>\n<p>&nbsp;<\/p>\n<p>&nbsp;<\/p>\n<p>&nbsp;<\/p>\n<p><img loading=\"lazy\" class=\"aligncenter\" src=\"http:\/\/riku.pl\/zdjecia_opis\/82056_4\/82054_4_12.jpg\" alt=\"\" width=\"524\" height=\"524\" \/><\/p>\n<p>&nbsp;<\/p>\n<p><em><strong>Umiejscowienie silnika nap\u0119dowego w blisko\u015bci przedniego zawieszenia zwi\u0119ksza mo\u017cliwo\u015bci trakcji.<\/strong><\/em><\/p>\n<p>&nbsp;<\/p>\n<p>&nbsp;<\/p>\n<p>&nbsp;<\/p>\n<p>&nbsp;<\/p>\n<p>&nbsp;<\/p>\n<p><img loading=\"lazy\" class=\"aligncenter\" src=\"http:\/\/riku.pl\/zdjecia_opis\/82056_4\/82054_4_13.jpg\" alt=\"\" width=\"524\" height=\"524\" \/><\/p>\n<p><em><strong>Dodatkowe prze\u0142o\u017cenie pozwalaj\u0105ce na bezpieczn\u0105 jazd\u0119 po terenie kamienistym.<\/strong><\/em><\/p>\n<p>&nbsp;<\/p>\n<p>&nbsp;<\/p>\n<p>&nbsp;<\/p>\n<p>&nbsp;<\/p>\n<p>&nbsp;<\/p>\n<p><img loading=\"lazy\" class=\"aligncenter\" src=\"http:\/\/riku.pl\/zdjecia_opis\/82056_4\/82054_4_14.jpg\" alt=\"\" width=\"525\" height=\"525\" \/><\/p>\n<p><em><strong>Blokada dyferencja\u0142\u00f3w bez kt\u00f3rej pokonywanie kamienistych zboczy jest niemo\u017cliwe.<\/strong><\/em><\/p>\n<p>&nbsp;<\/p>\n<p>&nbsp;<\/p>\n<p>&nbsp;<\/p>\n<p><img loading=\"lazy\" class=\"aligncenter\" src=\"http:\/\/riku.pl\/zdjecia_opis\/82056_4\/82054_4_15.jpg\" alt=\"\" width=\"524\" height=\"524\" \/><\/p>\n<p><em><strong>Przek\u0142adnia g\u0142\u00f3wna umo\u017cliwiaj\u0105ca jazd\u0119 na dw\u00f3ch prze\u0142o\u017ceniach.<\/strong><\/em><br \/>\n<strong>UWAGA &#8211; potrzebne do uruchomienia modelu:<\/strong><\/p>\n<ul>\n<li>pakiet nap\u0119dowy &#8211; <em><strong>2S \/ 3S LiPo (6S \/ 7S NiMh)<\/strong><\/em><\/li>\n<li>\u0142adowarka pakietu nap\u0119dowego<\/li>\n<li>zasilanie nadajnika &#8211; <em><strong>4 baterie typu AA<\/strong><\/em><\/li>\n<\/ul>\n","protected":false},"excerpt":{"rendered":"<p><em><strong>TRX-4 DEFENDER<\/strong><\/em><\/p>\n<p><em><strong><span id=\"result_box\" lang=\"pl\"><span class=\"hps\">Licencjonowana kopia Land Rover<\/span><\/span><\/strong><\/em><\/p>\n<p>Producent: TRAXXAS<br \/>\nNr kat. <strong>82056-4<\/strong><\/p>\n","protected":false},"featured_media":6345,"comment_status":"open","ping_status":"closed","template":"","meta":{"_s2mail":""},"product_cat":[487],"product_tag":[534,539,532,533],"_links":{"self":[{"href":"https:\/\/sklep.aveos.pl\/index.php\/wp-json\/wp\/v2\/product\/6344"}],"collection":[{"href":"https:\/\/sklep.aveos.pl\/index.php\/wp-json\/wp\/v2\/product"}],"about":[{"href":"https:\/\/sklep.aveos.pl\/index.php\/wp-json\/wp\/v2\/types\/product"}],"replies":[{"embeddable":true,"href":"https:\/\/sklep.aveos.pl\/index.php\/wp-json\/wp\/v2\/comments?post=6344"}],"wp:featuredmedia":[{"embeddable":true,"href":"https:\/\/sklep.aveos.pl\/index.php\/wp-json\/wp\/v2\/media\/6345"}],"wp:attachment":[{"href":"https:\/\/sklep.aveos.pl\/index.php\/wp-json\/wp\/v2\/media?parent=6344"}],"wp:term":[{"taxonomy":"product_cat","embeddable":true,"href":"https:\/\/sklep.aveos.pl\/index.php\/wp-json\/wp\/v2\/product_cat?post=6344"},{"taxonomy":"product_tag","embeddable":true,"href":"https:\/\/sklep.aveos.pl\/index.php\/wp-json\/wp\/v2\/product_tag?post=6344"}],"curies":[{"name":"wp","href":"https:\/\/api.w.org\/{rel}","templated":true}]}}