{"id":6367,"date":"2021-11-25T10:45:50","date_gmt":"2021-11-25T09:45:50","guid":{"rendered":"https:\/\/sklep.aveos.pl\/?post_type=product&#038;p=6367"},"modified":"2023-02-24T13:42:01","modified_gmt":"2023-02-24T12:42:01","slug":"mini-se","status":"publish","type":"product","link":"https:\/\/sklep.aveos.pl\/index.php\/produkt\/mini-se\/","title":{"rendered":"DJI Mini SE"},"content":{"rendered":"<h3>\u00a0 \u00a0 \u00a0 \u00a0 \u00a0 \u00a0 \u00a0 \u00a0 \u00a0 \u00a0 \u00a0Dost\u0119pne w dystrybucji od 29.11.2021\u00a0 \u00a0zapraszamy do kontaktu pod nr 502 237 604<\/h3>\n<h3><\/h3>\n<h3>DJI Mini SE &#8211; przyjazny dla wszystkich u\u017cytkownik\u00f3w<\/h3>\n<p>DJI Mini SE to nowa, ulepszona wersja DJI Mavic Mini. Tw\u00f3rz zdj\u0119cia 12 MP i filmy 2.7K z lotu ptaka, a nast\u0119pnie uzupe\u0142niaj je o fantastyczne efekty za pomoc\u0105 polskoj\u0119zycznej aplikacji DJI Fly. Ten niewielki, lekki i sk\u0142adany dron mo\u017ce Ci towarzyszy\u0107 niemal wsz\u0119dzie! Czas lotu do 30 minut oraz transmisja obrazu HD na odleg\u0142o\u015b\u0107 do 2 km pozwol\u0105 Ci na swobodn\u0105 eksploracj\u0119 przestworzy, a dolny system wizyjny oraz GPS zwi\u0119kszaj\u0105 bezpiecze\u0144stwo u\u017cytkowania. Mini SE jest te\u017c bajecznie prosty w obs\u0142udze, dzi\u0119ki czemu idealnie nada si\u0119 r\u00f3wnie\u017c dla pocz\u0105tkuj\u0105cych. Dron zosta\u0142 wyposa\u017cony w port USB-C i ma konstrukcj\u0119 DJI Mini 2, kt\u00f3ra zapewnia wi\u0119ksz\u0105 odporno\u015b\u0107 na wiatr.<\/p>\n<p>&nbsp;<\/p>\n<p>&nbsp;<\/p>\n<p><img loading=\"lazy\" src=\"https:\/\/b2b.innpro.pl\/data\/include\/cms\/12DJI\/Mini-SE\/02.jpg\" width=\"1100\" height=\"700\" border=\"0\" \/><\/p>\n<p>&nbsp;<\/p>\n<h3>Niewielki rozmiar i kompaktowo\u015b\u0107<\/h3>\n<p>DJI Mini SE wa\u017cy zaledwie 249 gram\u00f3w. Opr\u00f3cz tego, \u017ce mo\u017cesz go z \u0142atwo\u015bci\u0105 wsz\u0119dzie zabra\u0107, to w\u0142a\u015bnie jego niska waga sprawia, \u017ce w wi\u0119kszo\u015bci kraj\u00f3w jest zwolniony z obowi\u0105zku rejestracji.<\/p>\n<p><img loading=\"lazy\" src=\"https:\/\/b2b.innpro.pl\/data\/include\/cms\/12DJI\/Mini-SE\/03.jpg\" width=\"1100\" height=\"700\" border=\"0\" \/><\/p>\n<p>&nbsp;<\/p>\n<h3>Intuicyjna aplikacja<\/h3>\n<p>Zupe\u0142nie nowa aplikacja jest bardzo intuicyjna i umo\u017cliwia \u0142atw\u0105 edycj\u0119 wideo. Dzi\u0119ki inteligentnemu poradnikowi latania, w szybki spos\u00f3b nauczysz si\u0119 obs\u0142ugi DJI Mini SE.<\/p>\n<p><img loading=\"lazy\" src=\"https:\/\/b2b.innpro.pl\/data\/include\/cms\/12DJI\/Mini-SE\/04.jpg\" alt=\"\" width=\"1100\" height=\"701\" border=\"0\" \/><\/p>\n<p>&nbsp;<\/p>\n<h3>Kreatywne szablony<\/h3>\n<p>Dzi\u0119ki kreatywnym szablonom aplikacji DJI Fly nawet u\u017cytkownicy niemaj\u0105cy do\u015bwiadczenia w edycji wideo mog\u0105 stworzy\u0107 niesamowity materia\u0142 i w \u0142atwy spos\u00f3b udost\u0119pni\u0107 go swoim bliskim.<\/p>\n<p><img loading=\"lazy\" src=\"https:\/\/b2b.innpro.pl\/data\/include\/cms\/12DJI\/Mini-SE\/06.jpg\" alt=\"\" width=\"1100\" height=\"700\" border=\"0\" \/><\/p>\n<p>&nbsp;<\/p>\n<h3>Wysoka jako\u015b\u0107 stworzonych materia\u0142\u00f3w<\/h3>\n<p>DJI Mini SE wykonuje zdj\u0119cia w rozdzielczo\u015bci 12MP i nagrywa wideo w 2,7K, a doskona\u0142\u0105 stabilno\u015b\u0107 i pi\u0119kne, p\u0142ynne uj\u0119cia, zapewnia 3-osiowy gimbal.<\/p>\n<p><img loading=\"lazy\" src=\"https:\/\/b2b.innpro.pl\/data\/include\/cms\/12DJI\/Mini-SE\/07.jpg\" alt=\"\" width=\"1100\" height=\"701\" border=\"0\" \/><\/p>\n<p>&nbsp;<\/p>\n<h3>W zestawie<\/h3>\n<ul>\n<li>Dron<\/li>\n<li>Aparatura steruj\u0105ca<\/li>\n<li>Inteligentny akumulator<\/li>\n<li>\u015amig\u0142a (2 sztuki)<\/li>\n<li>Kabel micro USB do USB<\/li>\n<li>Kable micro USB-C do USB<\/li>\n<li>Os\u0142ona gimbala<\/li>\n<li>Kabel do aparatury\u00a0 (3 sztuki)<\/li>\n<li>Dr\u0105\u017cki aparatury<\/li>\n<li>\u015arubki do \u015bmigie\u0142 (6 sztuk)<\/li>\n<li>\u015arubokr\u0119t<\/li>\n<\/ul>\n<p>&nbsp;<\/p>\n<h3>Specyfikacja<\/h3>\n<p>&nbsp;<\/p>\n<div class=\"table-wrapper\">\n<table>\n<tbody>\n<tr>\n<th>Producent<\/th>\n<td>DJI<\/td>\n<\/tr>\n<tr>\n<th>Model<\/th>\n<td>Mini SE<\/td>\n<\/tr>\n<tr>\n<th>Waga startowa<\/th>\n<td>249 g<\/td>\n<\/tr>\n<tr>\n<th>Wymiary<\/th>\n<td>Z\u0142o\u017cony: 138\u00d781\u00d758 mm<br \/>\nRoz\u0142o\u017cony: 159\u00d7203\u00d756 mm<br \/>\nRoz\u0142o\u017cony (ze \u015bmig\u0142ami): 245\u00d7289\u00d756 mm<\/td>\n<\/tr>\n<tr>\n<th>Przek\u0105tna<\/th>\n<td>213 mm<\/td>\n<\/tr>\n<tr>\n<th>Maks. pr\u0119dko\u015b\u0107 wznoszenia<\/th>\n<td>4 m\/s (Tryb S)<br \/>\n2 m\/s (Tryb P)<br \/>\n1.5 m\/s (Tryb C)<\/td>\n<\/tr>\n<tr>\n<th>Maksymalna pr\u0119dko\u015b\u0107 opadania<\/th>\n<td>3 m\/s (Tryb S)<br \/>\n1.8 m\/s (Tryb P)<br \/>\n1 m\/s (Tryb C)<\/td>\n<\/tr>\n<tr>\n<th>Maksymalna pr\u0119dko\u015b\u0107<\/th>\n<td>13 m\/s (Tryb S)<br \/>\n1.8 m\/s (Tryb P)<br \/>\n4 m\/s (Tryb C)<\/td>\n<\/tr>\n<tr>\n<th>Maks. Pu\u0142ap<\/th>\n<td>3000 m n.p.m<\/td>\n<\/tr>\n<tr>\n<th>Maksymalny czas lotu<\/th>\n<td>30 min<\/td>\n<\/tr>\n<tr>\n<th>Maksymalna odporno\u015b\u0107 na wiatr<\/th>\n<td>10,5 m\/s<\/td>\n<\/tr>\n<tr>\n<th>Maksymalny k\u0105t nachylenia<\/th>\n<td>30\u00b0 (tryb S), 20\u00b0 (tryb P), 20\u00b0 (tryb C)<\/td>\n<\/tr>\n<tr>\n<th>Maksymalna pr\u0119dko\u015b\u0107 k\u0105towa<\/th>\n<td>150\u00b0\/s (tryb S), 130\u00b0\/s (tryb P), 30\u00b0\/s (tryb C)<\/td>\n<\/tr>\n<tr>\n<th>Zakres temperatury roboczej<\/th>\n<td>0\u00b0 to 40\u00b0C<\/td>\n<\/tr>\n<tr>\n<th>Cz\u0119stotliwo\u015b\u0107 robocza<\/th>\n<td>2.400 &#8211; 2.4835 GHz<br \/>\n5.725 &#8211; 5.850 GHz<\/td>\n<\/tr>\n<tr>\n<th>EIRP<\/th>\n<td>2.400 &#8211; 2.483 GHz (CE)\uff1a\u226419 dBm<br \/>\n5.725-5.850 GHz (CE)\uff1a\u226414 dBm<\/td>\n<\/tr>\n<tr>\n<th>GNSS<\/th>\n<td>GPS+GLONASS<\/td>\n<\/tr>\n<tr>\n<th>Zakres dok\u0142adno\u015bci zawisu<\/th>\n<td>Pionowo:<br \/>\n0,1 m (Z pozycjonowaniem wizyjnym)<br \/>\n0,5 m (Z pozycjonowaniem GPS)Poziomo:<br \/>\n0,3 m (Z pozycjonowaniem wizyjnym)<br \/>\n1,5 m (Z pozycjonowaniem GPS)<\/td>\n<\/tr>\n<tr>\n<th>Zasi\u0119g mechaniczny (gimbal)<\/th>\n<td>Tilt: -110\u00b0 &#8211; 35\u00b0, Roll: -35\u00b0-35\u00b0, Pan: -20\u00b0 &#8211; 20\u00b0<\/td>\n<\/tr>\n<tr>\n<th>Zakres pracy\u00a0(gimbal)<\/th>\n<td>Tilt: -90\u00b0\u20130\u00b0 (domy\u015blnie), -90\u00b0 &#8211; 20\u00b0 (tryb rozszerzony)<\/td>\n<\/tr>\n<tr>\n<th>Stabilizacja\u00a0(gimbal)<\/th>\n<td>3-osiowa (tilt, roll, pan)<\/td>\n<\/tr>\n<tr>\n<th>Maksymalna pr\u0119dko\u015b\u0107 nachylenia\u00a0(gimbal)<\/th>\n<td>120\u00b0\/s<\/td>\n<\/tr>\n<tr>\n<th>Zakres drga\u0144 k\u0105towych\u00a0(gimbal)<\/th>\n<td>\u00b10.01\u00b0<\/td>\n<\/tr>\n<tr>\n<th>Dolny (system czujnik\u00f3w)<\/th>\n<td>0.5 &#8211; 10 m<\/td>\n<\/tr>\n<tr>\n<th>Wykrywane powierzchnie\u00a0(system czujnik\u00f3w)<\/th>\n<td>Powierzchnia o wyra\u017anym wzorze, odpowiednim o\u015bwietleniu (ponad 15 luks\u00f3w), ze wsp\u00f3\u0142czynnikiem odbicia rozproszonego (&gt;20%)<\/td>\n<\/tr>\n<tr>\n<th>Sensor (kamera)<\/th>\n<td>1\/2,3&#8243; CMOS \/ 12 Megapixeli<\/td>\n<\/tr>\n<tr>\n<th>Obiektyw\u00a0(kamera)<\/th>\n<td>K\u0105t widzenia ok. 83\u00b0<br \/>\nOdpowiednik formatu 35mm: 24mm<br \/>\nPrzys\u0142ona f\/2,8<br \/>\nZasi\u0119g 1m &#8211; \u221e<\/td>\n<\/tr>\n<tr>\n<th>Zakres ISO\u00a0(kamera)<\/th>\n<td>Wideo: 100 &#8211; 3200<br \/>\nZdj\u0119cia: 100 &#8211; 3200 (manual), 100 &#8211; 1600 (auto)<\/td>\n<\/tr>\n<tr>\n<th>Czas otwarcia migawki\u00a0(kamera)<\/th>\n<td>4 &#8211; 1 \/ 8000 s<\/td>\n<\/tr>\n<tr>\n<th>Maks. rozdzielczo\u015b\u0107 obrazu\u00a0(kamera)<\/th>\n<td>4:3 &#8211; 4000\u00d73000<br \/>\n16:9 &#8211; 4000\u00d72250<\/td>\n<\/tr>\n<tr>\n<th>Tryby fotografowania\u00a0(kamera)<\/th>\n<td>Zdj\u0119cie pojedyncze<br \/>\nInterwa\u0142: 2\/3\/5\/7\/10\/15\/20\/30\/60s<\/td>\n<\/tr>\n<tr>\n<th>Tryby nagrywania wideo\u00a0(kamera)<\/th>\n<td>2.7K: 2720\u00d71530 25\/30p<br \/>\nFHD: 1920\u00d71080 25\/30\/50\/60p<\/td>\n<\/tr>\n<tr>\n<th>Maks. pr\u0119dko\u015b\u0107 zapisu\u00a0(kamera)<\/th>\n<td>40 Mb\/s<\/td>\n<\/tr>\n<tr>\n<th>Wspierane systemy plik\u00f3w\u00a0(kamera)<\/th>\n<td>FAT32 (\u226432 GB); exFAT (&gt;32 GB)<\/td>\n<\/tr>\n<tr>\n<th>Format zdj\u0119\u0107\u00a0(kamera)<\/th>\n<td>JPEG<\/td>\n<\/tr>\n<tr>\n<th>Formaty wideo\u00a0(kamera)<\/th>\n<td>MP4 (MPEG-4 AVC\/H.264)<\/td>\n<\/tr>\n<tr>\n<th>Cz\u0119stotliwo\u015b\u0107 robocza\u00a0(Aparatura steruj\u0105ca i transmisja wideo)<\/th>\n<td>2,400 &#8211; 2,4835 GHz, 5,725 &#8211; 5,850 GHz<\/td>\n<\/tr>\n<tr>\n<th>Maks. odleg\u0142o\u015b\u0107 transmisji (bez przeszk\u00f3d, bez zak\u0142\u00f3ce\u0144)\u00a0(Aparatura steruj\u0105ca i transmisja wideo)<\/th>\n<td>2.4 GHz: 2000 m (MIC\/CE)<br \/>\n5.8 GHz: 500 m (CE)<\/td>\n<\/tr>\n<tr>\n<th>Temperatura robocza\u00a0(Aparatura steruj\u0105ca i transmisja wideo)<\/th>\n<td>0\u00b0 &#8211; 40\u00b0C<\/td>\n<\/tr>\n<tr>\n<th>Moc nadajnika\u00a0(Aparatura steruj\u0105ca i transmisja wideo)<\/th>\n<td>2.4 GHz: &lt;19 dBm (MIC\/CE)<br \/>\n5.8 GHz: &lt;14 dBm (CE)<\/td>\n<\/tr>\n<tr>\n<th>Akumulator\u00a0(Aparatura steruj\u0105ca i transmisja wideo)<\/th>\n<td>2600 mAh<\/td>\n<\/tr>\n<tr>\n<th>Napi\u0119cie operacyjne\u00a0(Aparatura steruj\u0105ca i transmisja wideo)<\/th>\n<td>1200 mA 3.6 V (Android)<br \/>\n450 mA 3.6 V (iOS)<\/td>\n<\/tr>\n<tr>\n<th>Wspierane rozmiary smartfon\u00f3w\u00a0(Aparatura steruj\u0105ca i transmisja wideo)<\/th>\n<td>Maks. d\u0142ugo\u015b\u0107: 160 mm<br \/>\nMaks. grubo\u015b\u0107: 6.5-8.5 mm<\/td>\n<\/tr>\n<tr>\n<th>Wspierane typy port\u00f3w USB\u00a0(Aparatura steruj\u0105ca i transmisja wideo)<\/th>\n<td>Lightning, Micro USB (Type-B), USB-C<\/td>\n<\/tr>\n<tr>\n<th>Transmisja wideo\u00a0(Aparatura steruj\u0105ca i transmisja wideo)<\/th>\n<td>Wi-Fi<\/td>\n<\/tr>\n<tr>\n<th>Jako\u015b\u0107 transmisji na \u017cywo\u00a0(Aparatura steruj\u0105ca i transmisja wideo)<\/th>\n<td>720p\/30fps<\/td>\n<\/tr>\n<tr>\n<th>Max. Bitrate\u00a0(Aparatura steruj\u0105ca i transmisja wideo)<\/th>\n<td>4 Mb\/s<\/td>\n<\/tr>\n<tr>\n<th>Op\u00f3\u017anienie (zale\u017cy od warunk\u00f3w i urz\u0105dzenia mobilnego)\u00a0(Aparatura steruj\u0105ca i transmisja wideo)<\/th>\n<td>170-240 ms<\/td>\n<\/tr>\n<tr>\n<th>Wej\u015bcie (\u0142adowarka)<\/th>\n<td>100-240 V, 50\/60 Hz, 0.5A<\/td>\n<\/tr>\n<tr>\n<th>Wyj\u015bcie\u00a0(\u0142adowarka)<\/th>\n<td>12V 1.5 A \/ 9V 2A \/ 5V 3A<\/td>\n<\/tr>\n<tr>\n<th>Moc znamionowa\u00a0(\u0142adowarka)<\/th>\n<td>18 W<\/td>\n<\/tr>\n<tr>\n<th>Pojemno\u015b\u0107 (akumulator)<\/th>\n<td>2250 mAh<\/td>\n<\/tr>\n<tr>\n<th>Napi\u0119cie\u00a0(akumulator)<\/th>\n<td>7.7 V<\/td>\n<\/tr>\n<tr>\n<th>Maksymalne napi\u0119cie\u00a0(akumulator)<\/th>\n<td>8.8 V<\/td>\n<\/tr>\n<tr>\n<th>Typ akumulatora\u00a0(akumulator)<\/th>\n<td>LiPo 2S<\/td>\n<\/tr>\n<tr>\n<th>Pojemno\u015b\u0107 (Wh)\u00a0(akumulator)<\/th>\n<td>17.32 Wh<\/td>\n<\/tr>\n<tr>\n<th>Waga netto\u00a0(akumulator)<\/th>\n<td>82.5 g<\/td>\n<\/tr>\n<tr>\n<th>Temperatura robocza\u00a0(akumulator)<\/th>\n<td>5\u00b0 &#8211; 40\u00b0C<\/td>\n<\/tr>\n<tr>\n<th>Maksymalna moc \u0142adowania\u00a0(akumulator)<\/th>\n<td>29 W<\/td>\n<\/tr>\n<tr>\n<th>Nazwa aplikacji<\/th>\n<td>DJI Fly<\/td>\n<\/tr>\n<tr>\n<th>System operacyjny<\/th>\n<td>iOS v10.0 lub nowszy Android v6.0 lub nowszy<\/td>\n<\/tr>\n<tr>\n<th>Wspierane karty SD<\/th>\n<td>UHS-I kasa pr\u0119dko\u015bci 3 lub wy\u017cej. A lista rekomendowanych kart micro SD poni\u017cej.<\/td>\n<\/tr>\n<tr>\n<th>Rekomendowane karty SD<\/th>\n<td>16 GB: SanDisk Extreme<\/p>\n<p>32 GB: Samsung Pro Endurance, Samsung Evo Plus, SanDisk Industrial, SanDisk Extreme V30 A1, SanDisk Extreme V30 A2, SanDisk Extreme Pro V30 A1, SanDisk Extreme Pro V30 A2, Lexar 633x, Lexar 667x<\/p>\n<p>64 GB: Samsung Pro Endurance, Samsung Evo Plus, SanDisk Extreme V30 A1, SanDisk Extreme V30 A2, Lexar 633x, Lexar 667x, Lexar 1000x, Lexar High Endurance, Toshiba EXCERIA M303 V30 A1, Netac Pro V30 A1<\/p>\n<p>128 GB: Samsung Pro Plus, Samsung Evo Plus, SanDisk Extreme V30 A1, SanDisk Extreme V30 A2, SanDisk Extreme Plus V30 A1, SanDisk Extreme Plus V30 A2, Lexar 633x, Lexar 667x, Lexar 1000x, Lexar High Endurance, Toshiba EXCERIA M303 V30 A1, Netac Pro V30 A1<\/p>\n<p>256 GB: SanDisk Extreme V30 A1, SanDisk Extreme V30 A2<\/td>\n<\/tr>\n<\/tbody>\n<\/table>\n<\/div>\n<p>&nbsp;<\/p>\n","protected":false},"excerpt":{"rendered":"<h3>DJI Mini SE &#8211; przyjazny dla wszystkich u\u017cytkownik\u00f3w<\/h3>\n<p>DJI Mini SE to nowa, ulepszona wersja DJI Mavic Mini.<\/p>\n","protected":false},"featured_media":6376,"comment_status":"open","ping_status":"closed","template":"","meta":{"_s2mail":""},"product_cat":[505,497,484],"product_tag":[543],"_links":{"self":[{"href":"https:\/\/sklep.aveos.pl\/index.php\/wp-json\/wp\/v2\/product\/6367"}],"collection":[{"href":"https:\/\/sklep.aveos.pl\/index.php\/wp-json\/wp\/v2\/product"}],"about":[{"href":"https:\/\/sklep.aveos.pl\/index.php\/wp-json\/wp\/v2\/types\/product"}],"replies":[{"embeddable":true,"href":"https:\/\/sklep.aveos.pl\/index.php\/wp-json\/wp\/v2\/comments?post=6367"}],"wp:featuredmedia":[{"embeddable":true,"href":"https:\/\/sklep.aveos.pl\/index.php\/wp-json\/wp\/v2\/media\/6376"}],"wp:attachment":[{"href":"https:\/\/sklep.aveos.pl\/index.php\/wp-json\/wp\/v2\/media?parent=6367"}],"wp:term":[{"taxonomy":"product_cat","embeddable":true,"href":"https:\/\/sklep.aveos.pl\/index.php\/wp-json\/wp\/v2\/product_cat?post=6367"},{"taxonomy":"product_tag","embeddable":true,"href":"https:\/\/sklep.aveos.pl\/index.php\/wp-json\/wp\/v2\/product_tag?post=6367"}],"curies":[{"name":"wp","href":"https:\/\/api.w.org\/{rel}","templated":true}]}}