{"id":6388,"date":"2021-12-09T14:53:38","date_gmt":"2021-12-09T13:53:38","guid":{"rendered":"https:\/\/sklep.aveos.pl\/?post_type=product&#038;p=6388"},"modified":"2023-12-14T14:28:48","modified_gmt":"2023-12-14T13:28:48","slug":"maverick-ion-rx","status":"publish","type":"product","link":"https:\/\/sklep.aveos.pl\/index.php\/produkt\/maverick-ion-rx\/","title":{"rendered":"Maverick iON RX"},"content":{"rendered":"<p style=\"font-weight: 400;\"><b><strong>Ma\u0142y a jednak wielki!<br \/>\nMaverick iON RX<\/strong><\/b><\/p>\n<p style=\"font-weight: 400;\">Reputacja Maverick RC zwi\u0105zana z dobr\u0105 zabaw\u0105 w nie du\u017cym koszcie jest kontynuowana dzi\u0119ki niezwykle imponuj\u0105cemu iON RX! Ten zdalnie sterowany samoch\u00f3d rajdowy w skali 1:18 daje ekscytuj\u0105ce emocje por\u00f3wnywalne ze znacznie wi\u0119kszymi modelami RC a to wszystko, mo\u017cesz zmie\u015bci\u0107 w d\u0142oni! Odporna na zachlapania elektronika, nap\u0119d na 4 ko\u0142a i opony terenowe oznaczaj\u0105, \u017ce mo\u017cesz wjecha\u0107 w dowolne miejsce i bawi\u0107 si\u0119 swoim modelem RC!<\/p>\n<p style=\"font-weight: 400;\">Mocny wa\u0142 nap\u0119dowy i uszczelnione mechanizmy r\u00f3\u017cnicowe przenosz\u0105 moc z silnika szczotkowego na pod\u0142o\u017ce przez wszystkie cztery ko\u0142a, zapewniaj\u0105c niesamowit\u0105 stabilno\u015b\u0107 i sterowno\u015b\u0107. Dziel\u0105c wiele tych samych cz\u0119\u015bci, co inne pojazdy z serii iON, iON RX jest wyposa\u017cony w aerodynamiczne nadwozie wy\u015bcigowe i tylny spojler dla dodatkowej przyczepno\u015bci. Nisko profilowe gumowe opony z bie\u017cnikiem kolcowym, wspomagane przez amortyzatory olejowe, zapewniaj\u0105 przyczepno\u015b\u0107 i kontrol\u0119 jakiej potrzebujesz!<\/p>\n<p style=\"font-weight: 400;\">Seria Maverick iON zawiera r\u00f3wnie\u017c ca\u0142kowicie now\u0105 elektronik\u0119 i jest liderem dzi\u0119ki fantastycznym rozwi\u0105zaniom z najwy\u017cszej p\u00f3\u0142ki: akumulator Maverick Element 1200 mAh Ni-MH z uniwersaln\u0105 \u0142adowark\u0105, radio MTX-248 2 GHz i wodoodporny odbiornik i regulator pr\u0119dko\u015bci w jednym- MSRS-248. Imponuj\u0105ca pr\u0119dko\u015b\u0107 maksymalna i przyspieszenie gwarantuje silnik o rozmiarze 370, kt\u00f3ry zapewnia wyj\u0105tkowe przygody i wy\u015bcigow\u0105 zabaw\u0119!<\/p>\n<p>&nbsp;<\/p>\n<p style=\"font-weight: 400;\">Silnik zamontowany w Maverick iON RX to niezawodny silnik szczotkowy MM-28 o rozmiarze 370, dzi\u0119ki czemu kierowcy mog\u0105 bawi\u0107 si\u0119 przez wiele godzin! W uk\u0142adzie nap\u0119dowym 4WD zastosowano wydajne \u0142o\u017cyska kulkowe, aby zapewni\u0107 kierowcom maksymalny czas pracy i wydajno\u015b\u0107, a tak\u017ce odpowiedni\u0105 os\u0142on\u0119 przek\u0142adni, kt\u00f3ra zapobiega przedostawaniu si\u0119 brudu i zanieczyszcze\u0144 do k\u00f3\u0142 z\u0119batych. Mechanizmy r\u00f3\u017cnicowe z przodu i z ty\u0142u z \u0142atwo\u015bci\u0105 przenosz\u0105 moc silnika na wytrzyma\u0142e p\u00f3\u0142osie nap\u0119dowe, a na koniec na przyczepne opony na wszystkich czterech ko\u0142ach.<\/p>\n<p><span style=\"font-weight: 400;\">\u00a0<\/span><\/p>\n<p style=\"font-weight: 400;\"><b><strong>Specyfikacja:<\/strong><\/b><\/p>\n<ol>\n<li style=\"font-weight: 400;\">Formowana os\u0142ona k\u00f3\u0142 z\u0119batych i uszczelniony uk\u0142ad nap\u0119dowy &#8211; Chroni ko\u0142a przed kamieniami i brudem<\/li>\n<li style=\"font-weight: 400;\">Cz\u0119\u015bci z anodyzowanego na z\u0142oto aluminium &#8211; By podkre\u015bli\u0107 styl twojego modelu RC!<\/li>\n<li style=\"font-weight: 400;\">Trwa\u0142e zawieszenie &#8211; Dla imponuj\u0105cych wra\u017ce\u0144 podczas sterowania<\/li>\n<li style=\"font-weight: 400;\">Wzmocniona kompozytowa p\u0142yta pod\u0142ogowa &#8211; Stanowi solidn\u0105 podstaw\u0119 dla zawieszenia i uk\u0142adu nap\u0119dowego<\/li>\n<li style=\"font-weight: 400;\">Mocne elementy zawieszenia &#8211; Solidna konstrukcja dla trwa\u0142o\u015bci modelu<\/li>\n<li style=\"font-weight: 400;\">\u0141o\u017cyska kulkowe &#8211; Dla zwi\u0119kszenia \u017cywotno\u015bci, trwa\u0142o\u015bci i zmniejszenia opor\u00f3w tarcia<\/li>\n<li style=\"font-weight: 400;\">Du\u017cy przedni zderzak &#8211; Ochrona w przypadku kolizji<\/li>\n<li style=\"font-weight: 400;\">Amortyzatory olejowe &#8211; Zapewniaj\u0105 dodatkow\u0105 kontrol\u0119<\/li>\n<li style=\"font-weight: 400;\">Sterowanie \u201ebellcrank\u201d- Precyzyjne sterowanie i pe\u0142na kontrola<\/li>\n<li style=\"font-weight: 400;\">Nap\u0119d 4WD &#8211; Zapewnia imponuj\u0105ce przy\u015bpieszenie<\/li>\n<\/ol>\n<p style=\"font-weight: 400;\"><b><strong>Wprowadzony w 2008 roku<\/strong><\/b><\/p>\n<p style=\"font-weight: 400;\">Maverick RC od lat jest ulubie\u0144cem fan\u00f3w w ca\u0142ej Europie i Wielkiej Brytanii! Zestawy i cz\u0119\u015bci Maverick s\u0105 opracowywane w Wielkiej Brytanii przez prawdziwych fan\u00f3w RC &#8211; te same umys\u0142y, kt\u00f3re ci\u0105gle tworz\u0105\u00a0 sprz\u0119t HPI Racing!<br \/>\nMaverick RC by\u0142 stale rozwijany, aby zapewni\u0107 Ci najlepsz\u0105 i najbardziej satysfakcjonuj\u0105c\u0105 zabaw\u0119 z samochodami zdalnie sterowanymi za rozs\u0105dne pieni\u0105dze. Zawsze staramy si\u0119 ulepsza\u0107 nasze produkty poprzez testy i opinie klient\u00f3w, inwestuj\u0105c ca\u0142\u0105 nasz\u0105 energi\u0119, aby\u015b dobrze si\u0119 bawi\u0142 na drodze, torze wy\u015bcigowym, pla\u017cy, w parku &#8230; gdziekolwiek lubisz prowadzi\u0107 sw\u00f3j model!<\/p>\n<p style=\"font-weight: 400;\">Mocny serwomechanizm MS-28 steruj\u0105cy skr\u0119tem uk\u0142adu kierowniczego za po\u015brednictwem dwupunktowego uk\u0142adu d\u017awigniowego, kt\u00f3ry zawiera zintegrowany mechanizm \u201eservo saver\u201d zabezpieczaj\u0105cy przed przeci\u0105\u017ceniem, chroni\u0105cy serwomechanizm przed uszkodzeniem.<\/p>\n<p style=\"font-weight: 400;\">Wyko\u0144czenie ka\u017cdego modelu Maverick iON to w pe\u0142ni szczeg\u00f3\u0142owe, ca\u0142kowicie pomalowane i klejone nadwozie o konstrukcji, kt\u00f3ra nie tylko niesamowicie wygl\u0105da, ale zapewnia dodatkow\u0105 ochron\u0119 komponent\u00f3w podwozia.<\/p>\n<p style=\"font-weight: 400;\"># MV12805 Maverick iON RX 1\/18 RTR elektryczny model RC \u201eRallycross\u201d<\/p>\n<p style=\"font-weight: 400;\"><b><strong>Funkcje:<\/strong><\/b><\/p>\n<ul style=\"font-weight: 400;\">\n<li>Gotowy pojazd 4WD w skali 1\/18 z nadajnikiem, akumulatorem i \u0142adowark\u0105<\/li>\n<li>Standardowo we wszystkich zestawach iON: MSRS-248 regulator pr\u0119dko\u015bci do przodu \/ do ty\u0142u ESC<\/li>\n<li>Standard we wszystkich zestawach ION: akumulator Maverick Element 7,2 V 1200 mAh Ni-MH<\/li>\n<li>Standard we wszystkich zestawach iON: nadajnik MTX-248 2,4 Ghz 2-kana\u0142owy iON<\/li>\n<li>Silnik MM-28 370<\/li>\n<li>Serwo steruj\u0105ce MS-28<\/li>\n<li>Dodatkowa szczelna os\u0142ona przek\u0142adni z\u0119batych<\/li>\n<li>Wzmocnione podwozie tubowe ze zoptymalizowanym rozk\u0142adem masy<\/li>\n<li>Amortyzatory olejowe ze spr\u0119\u017cynami progresywnymi<\/li>\n<li>Dwupunktowy uk\u0142ad kierowniczy z zintegrowanym serwomechanizmem<\/li>\n<li>Standard we wszystkich zestawach ION: z\u0142oty kolor amortyzator\u00f3w<\/li>\n<li>W pe\u0142ni niezale\u017cne zawieszenie z podw\u00f3jnymi wahaczami<\/li>\n<li>Mocne przednie zwrotnice z piast\u0105 typu C.<\/li>\n<li>Mocny, wydajny nap\u0119d 4WD<\/li>\n<li>Mechanizmy r\u00f3\u017cnicowe z przodu i z ty\u0142u<\/li>\n<li>W pe\u0142ni \u0142o\u017cyskowany uk\u0142ad nap\u0119dowy<\/li>\n<li>Karoserie fabrycznie wyko\u0144czone, pomalowane i pokryte kalkomani\u0105<\/li>\n<\/ul>\n<p style=\"font-weight: 400;\"><b><strong>NOWO\u015a\u0106<\/strong><\/b> dla wszystkich zestaw\u00f3w ION: dost\u0119pna pe\u0142na gama opcjonalnych cz\u0119\u015bci z aluminium anodowanego na z\u0142oto<\/p>\n<p><span style=\"font-weight: 400;\">\u00a0<\/span><\/p>\n<p>&nbsp;<\/p>\n<p>&nbsp;<\/p>\n","protected":false},"excerpt":{"rendered":"<p style=\"font-weight: 400;\"><b><strong>Ma\u0142y a jednak wielki!<br \/>\nMaverick iON RX<\/strong><\/b><\/p>\n<p style=\"font-weight: 400;\">Reputacja Maverick RC zwi\u0105zana z dobr\u0105 zabaw\u0105 w nie du\u017cym koszcie jest kontynuowana dzi\u0119ki niezwykle imponuj\u0105cemu iON RX!<\/p>\n","protected":false},"featured_media":6394,"comment_status":"open","ping_status":"closed","template":"","meta":{"_s2mail":""},"product_cat":[487,484],"product_tag":[],"_links":{"self":[{"href":"https:\/\/sklep.aveos.pl\/index.php\/wp-json\/wp\/v2\/product\/6388"}],"collection":[{"href":"https:\/\/sklep.aveos.pl\/index.php\/wp-json\/wp\/v2\/product"}],"about":[{"href":"https:\/\/sklep.aveos.pl\/index.php\/wp-json\/wp\/v2\/types\/product"}],"replies":[{"embeddable":true,"href":"https:\/\/sklep.aveos.pl\/index.php\/wp-json\/wp\/v2\/comments?post=6388"}],"wp:featuredmedia":[{"embeddable":true,"href":"https:\/\/sklep.aveos.pl\/index.php\/wp-json\/wp\/v2\/media\/6394"}],"wp:attachment":[{"href":"https:\/\/sklep.aveos.pl\/index.php\/wp-json\/wp\/v2\/media?parent=6388"}],"wp:term":[{"taxonomy":"product_cat","embeddable":true,"href":"https:\/\/sklep.aveos.pl\/index.php\/wp-json\/wp\/v2\/product_cat?post=6388"},{"taxonomy":"product_tag","embeddable":true,"href":"https:\/\/sklep.aveos.pl\/index.php\/wp-json\/wp\/v2\/product_tag?post=6388"}],"curies":[{"name":"wp","href":"https:\/\/api.w.org\/{rel}","templated":true}]}}