{"id":6420,"date":"2022-02-02T16:10:50","date_gmt":"2022-02-02T15:10:50","guid":{"rendered":"https:\/\/sklep.aveos.pl\/?post_type=product&#038;p=6420"},"modified":"2024-01-18T13:30:08","modified_gmt":"2024-01-18T12:30:08","slug":"quantum-r","status":"publish","type":"product","link":"https:\/\/sklep.aveos.pl\/index.php\/produkt\/quantum-r\/","title":{"rendered":"Maverick QuantumR FLUX 1\/8 4WD Brushless Street Truck Grey #150351"},"content":{"rendered":"<p>Gama Quantum podbi\u0142a szturmem graczy RC dzi\u0119ki swoimi wysoko lataj\u0105cymi modelami terenowymi. Ale teraz zmieniamy gr\u0119 i dodajemy przyczepne, \u017c\u0105dne przyczepno\u015bci, poruszaj\u0105ce si\u0119 po drogach, w postaci niesamowicie SZYBKICH samochod\u00f3w wy\u015bcigowych nap\u0119dzanych akumulatorami do 14,8 V\u00a0 4S<\/p>\n<p>Zgadza si\u0119, rodzina Quantum ju\u017c podbi\u0142a ziemi\u0119, wi\u0119c teraz nadszed\u0142 czas, aby zaw\u0142adn\u0105\u0107 drog\u0105!<\/p>\n<p>Nie daj si\u0119 zwie\u015b\u0107, ten samoch\u00f3d terenowy nadal odpowiada surowej naturze Quantum z nap\u0119dem 4WD, niezale\u017cnym zawieszeniem z podw\u00f3jnymi wahaczami, regulowanymi aluminiowymi amortyzatorami gwintowanymi wype\u0142nionymi olejem i wytrzyma\u0142ymi metalowymi 4-biegowymi mechanizmami r\u00f3\u017cnicowymi, wszystkie zaprojektowane z my\u015bl\u0105 o osza\u0142amiaj\u0105cej szybko\u015bci, driftach i \u015blizgach.<\/p>\n<p>FUNKCJE:<br \/>\n&#8211; Nap\u0119d wa\u0142ka 4WD<br \/>\n&#8211; Niezale\u017cne zawieszenie podw\u00f3jnego wahacza<br \/>\n&#8211; Regulowane aluminiowe amortyzatory gwintowane wype\u0142nione olejem<br \/>\n&#8211; Poduszkowe wsporniki zawieszenia przedniego i tylnego<br \/>\n&#8211; Przednie uniwersalne wa\u0142y nap\u0119dowe HD<br \/>\n&#8211; Kubki r\u00f3\u017cnicowe HD<br \/>\n&#8211; Wa\u0142 amortyzatora HD<br \/>\n&#8211; \u015aruby rzymskie HD<br \/>\n&#8211; Wytrzyma\u0142y metalowy 4-biegowy mechanizm r\u00f3\u017cnicowy z przodu i z ty\u0142u<br \/>\n&#8211; \u015arodkowy mechanizm r\u00f3\u017cnicowy<br \/>\n&#8211; Dwupunktowy system sterowania korb\u0105 dzwonow\u0105 ze zintegrowanym oszcz\u0119dzaniem serwomechanizmu<br \/>\n&#8211; Formowana obudowa wanny ze wzmocnieniem sze\u015bciok\u0105tnym<br \/>\n&#8211; Zamkni\u0119ta skrzynka odbiorcza chroni przed \u017cywio\u0142ami<br \/>\n&#8211; Kompletny zestaw \u0142o\u017cysk kulkowych<br \/>\n&#8211; 17mm aluminiowa piasta sze\u015bciok\u0105tna<br \/>\n&#8211; Opony Tredz &#8211; Opasane<br \/>\n&#8211; Wst\u0119pnie przyci\u0119ta fabrycznie wyko\u0144czona i oklejona karoseria<br \/>\n&#8211; Cz\u0119\u015bci detali nadwozia formowane z tworzywa sztucznego &#8211; z wieloma opcjami silnika<br \/>\n&#8211; Dost\u0119pne w wielu opcjach kolorystycznych<br \/>\n&#8211; Mo\u017cliwo\u015b\u0107 pod\u0142\u0105czenia 4S LiPo<br \/>\n&#8211; 3674 Silnik bezszczotkowy 2250KV z wa\u0142em 5,0 mm<br \/>\n&#8211; Wodoodporny ESC 120A<br \/>\n&#8211; Wodoodporny serwomechanizm o wadze 15 kg z metalow\u0105 przek\u0142adni\u0105<br \/>\n&#8211; Zestaw radiowy 2,4 GHz z wodoodpornym odbiornikiem<\/p>\n<p>&nbsp;<\/p>\n<p>Specyfikacja:<br \/>\nD\u0142ugo\u015b\u0107: 597mm<br \/>\nSzeroko\u015b\u0107: 276mm<br \/>\nWysoko\u015b\u0107: 187mm<br \/>\nRozstaw osi: 322mm<\/p>\n<p>&nbsp;<\/p>\n<p>Do uruchomienia potrzebujesz \u0142adowarki i akumulatora kt\u00f3re normalnie nie s\u0105 dost\u0119pne w zestawie.<\/p>\n<p>Kupuj\u0105c model zapytaj o LiPo 4S 5600mAh 120C od 180z\u0142<\/p>\n","protected":false},"excerpt":{"rendered":"<p>&nbsp;<\/p>\n<p>&nbsp;<\/p>\n<p style=\"text-align: center;\"><strong>Nowy model Maverick Quantum R zasilany akumulatorami 3S\u00a0 oraz 4S!<\/strong><\/p>\n","protected":false},"featured_media":6425,"comment_status":"open","ping_status":"closed","template":"","meta":{"_s2mail":""},"product_cat":[487,497],"product_tag":[875,600,818,572],"_links":{"self":[{"href":"https:\/\/sklep.aveos.pl\/index.php\/wp-json\/wp\/v2\/product\/6420"}],"collection":[{"href":"https:\/\/sklep.aveos.pl\/index.php\/wp-json\/wp\/v2\/product"}],"about":[{"href":"https:\/\/sklep.aveos.pl\/index.php\/wp-json\/wp\/v2\/types\/product"}],"replies":[{"embeddable":true,"href":"https:\/\/sklep.aveos.pl\/index.php\/wp-json\/wp\/v2\/comments?post=6420"}],"wp:featuredmedia":[{"embeddable":true,"href":"https:\/\/sklep.aveos.pl\/index.php\/wp-json\/wp\/v2\/media\/6425"}],"wp:attachment":[{"href":"https:\/\/sklep.aveos.pl\/index.php\/wp-json\/wp\/v2\/media?parent=6420"}],"wp:term":[{"taxonomy":"product_cat","embeddable":true,"href":"https:\/\/sklep.aveos.pl\/index.php\/wp-json\/wp\/v2\/product_cat?post=6420"},{"taxonomy":"product_tag","embeddable":true,"href":"https:\/\/sklep.aveos.pl\/index.php\/wp-json\/wp\/v2\/product_tag?post=6420"}],"curies":[{"name":"wp","href":"https:\/\/api.w.org\/{rel}","templated":true}]}}