{"id":6490,"date":"2022-07-26T14:56:11","date_gmt":"2022-07-26T12:56:11","guid":{"rendered":"https:\/\/sklep.aveos.pl\/?post_type=product&#038;p=6490"},"modified":"2023-05-25T14:28:10","modified_gmt":"2023-05-25T12:28:10","slug":"scx24-bronco-2021","status":"publish","type":"product","link":"https:\/\/sklep.aveos.pl\/index.php\/produkt\/scx24-bronco-2021\/","title":{"rendered":"Axial SCX24 Ford Bronco 2021 1:24 4WD RTR"},"content":{"rendered":"<p>W zestawie znajduje si\u0119 gotowy z\u0142o\u017cony model RC auta Axial SCX24 Ford Bronco 2021 w skali 1:24 z zainstalowanymi komponentami:<\/p>\n<p>silnik szczotkowy Tazer 180 88T,<\/p>\n<p><u>odbiornik ze zintegrowanym regulatorem Horizon<\/u>,<\/p>\n<p>serwo AS-1 micro: SCX24,<\/p>\n<p><u>nadajnik Horizon 2.4GHz<\/u>,<\/p>\n<p>akumulator LiPol Dynamite\u00ae 350mAh 2S 7,4V,<\/p>\n<p>\u0142adowarka USB LiPol,<\/p>\n<p>4x baterie AA.<\/p>\n<p>&nbsp;<\/p>\n<h3>Charakterystyka<\/h3>\n<p>Model RC auta na zdalne sterowanie w skali 1:24 Axial SCX24\u00a0<strong>z licencjonowan\u0105 karoseri\u0105 Ford Bronco 2021 i licencjonowanymi oponami Nitto Trail Grappler z felgami Factory Ford Wildtrak<\/strong>. Model z nap\u0119dem 4&#215;4 jest z\u0142o\u017cony i przygotowany do jazdy, wszystko potrzebne znajduje si\u0119 w zestawie. Aparatura RC 2,4GHz, silnik Dynamite\u00ae 88T, akumulator LiPol Dynamite 350mAh 7.4V z \u0142adowark\u0105 USB. Dzi\u0119ki zastosowaniu nowoczesnego akumulatora LiPol\u00a0<strong>czas jazdy przekracza 40 minut<\/strong>!<\/p>\n<p>Model jest wyposa\u017cony w niezwykle szczeg\u00f3\u0142ow\u0105 licencjonowan\u0105 karoseri\u0119 Forda Bronco z gamy modelowej 2021. Opr\u00f3cz przedniego o\u015bwietlenia LED, karoseria zawiera makiet\u0119 przedniego grilla, lusterka, klamki drzwi, tylne ko\u0142o zapasowe i baga\u017cnik dachowy z akcesoriami. Przezroczyste szyby zapewniaj\u0105 doskona\u0142y wygl\u0105d, dzi\u0119ki czemu mo\u017cna zobaczy\u0107 wn\u0119trze z sylwetk\u0105 kierowcy.\u00a0<b>Karoseria wykonana jest z wytrzyma\u0142ego tworzywa ABS<\/b><\/p>\n<p>&nbsp;<\/p>\n<p>Z modelem RC\u00a0<b>Axial SCX24 Ford Bronco 2021<\/b>\u00a0mo\u017cna je\u017adzi\u0107 w domu, w ogrodzie, a nawet stworzy\u0107 w\u0142asny tor z mniejszych kamieni lub ga\u0142\u0119zi. Wystarczy na\u0142adowa\u0107 akumulator za pomoc\u0105 \u0142adowarki USB, w\u0142o\u017cy\u0107 go do samochodu i gotowe. Realistyczne nadwozie i du\u017ce ko\u0142a terenowe z powi\u0119kszonym prze\u015bwitem przywodz\u0105 na my\u015bl wygl\u0105d znanego na ca\u0142ym \u015bwiecie samochodu. Sercem tego pot\u0119\u017cnego nap\u0119du jest uk\u0142ad nap\u0119dowy, sk\u0142adaj\u0105cy si\u0119 z silnika klasy 180 i wielostopniowej przek\u0142adni, kt\u00f3ra dostarcza niezb\u0119dn\u0105 moc na osie. Z przek\u0142adni moment obrotowy jest przenoszony na wa\u0142y wielowypustowe oraz na sztywne osie za po\u015brednictwem przek\u0142adni \u015blimakowych. Dlatego nie ma potrzeby stosowania hamulca, a moment obrotowy nie zna granic<\/p>\n<p>&nbsp;<\/p>\n<p>To ulepszone podwozie zawiera kilka nowych funkcji:<\/p>\n<ul>\n<li>Nowy 4 kana\u0142owy nadajnik\n<ul>\n<li>Pe\u0142na regulacja (trymer, rewers, podw\u00f3jne wychylenie sterowania)<\/li>\n<li>Dioda LED sygnalizuj\u0105ca w\u0142\u0105czenie zasilania nadajnika, parowanie oraz\u00a0<strong>poziom akumulatora w modelu<\/strong><\/li>\n<\/ul>\n<\/li>\n<li>Nowa jednostka steruj\u0105ca\n<ul>\n<li>4 kana\u0142y<\/li>\n<li>Zdalne sterowanie \u015bwiate\u0142 przez 3 kana\u0142<\/li>\n<li>Mo\u017cliwo\u015b\u0107 dodania przez u\u017cytkownika kierunkowskaz\u00f3w\/\u015bwiate\u0142 ostrzegawczych, sterowanych przez kana\u0142 4<\/li>\n<\/ul>\n<\/li>\n<li>Nowa \u0142adowarka USB<\/li>\n<\/ul>\n<p>&nbsp;<\/p>\n<p>&nbsp;<\/p>\n<h4>Sztywne metalowe \u015bciany boczne<\/h4>\n<p>Podobnie jak platforma Axial SCX10 w skali 1:10, podwozie Axial SCX24 posiada solidne stalowe szyny ramy podwozia i wzmocnienia, kt\u00f3re zapewniaj\u0105 odpowiedni\u0105 sztywno\u015b\u0107 podwozia przy du\u017cym skr\u0119cie osi.<\/p>\n<p>&nbsp;<\/p>\n<div class=\"image\"><img src=\"https:\/\/www.scorpio-polska.pl\/content\/descriptions\/axial\/AXI00002_b01.jpg\" alt=\"axial\/AXI00002_b01.jpg\" \/><\/div>\n<p>&nbsp;<\/p>\n<div class=\"image\"><\/div>\n<div class=\"text\">\n<h4>Mocny silnik z wielostopniow\u0105 przek\u0142adni\u0105<\/h4>\n<p>Model samochodu RC Axial SCX24 jest nap\u0119dzany przez silnik serii\u00a0<a class=\"itemdialog\" title=\"Silnik szczotkowy Tazer 88T z z\u0119batk\u0105: SCX24\" href=\"https:\/\/www.scorpio-polska.pl\/katalog\/dynamite\/silnik-szczotkowy-tazer-88t-z-z%C4%99batk%C4%85-scx24-p64641.html\" data-code=\"DYNS1217\">180 z 88 zwojami<\/a>\u00a0na wirniku. Silnik posiada optymalny moment obrotowy potrzebny do wje\u017cd\u017cania na strome wzniesienia. Jest on zamontowany na metalowym \u0142o\u017cu silnika, kt\u00f3re pomaga ch\u0142odzi\u0107 silnik i utrzymywa\u0107 optymaln\u0105 temperatur\u0119.<\/p>\n<\/div>\n<p><img src=\"https:\/\/www.scorpio-polska.pl\/content\/descriptions\/axial\/AXI00002_b02.jpg\" alt=\"axial\/AXI00002_b02.jpg\" \/><\/p>\n<p>&nbsp;<\/p>\n<section class=\"block-item\">\n<div class=\"image\"><\/div>\n<div class=\"text\">\n<h4>Mocny silnik z wielostopniow\u0105 przek\u0142adni\u0105<\/h4>\n<p>Model samochodu RC Axial SCX24 jest nap\u0119dzany przez silnik serii\u00a0<a class=\"itemdialog\" title=\"Silnik szczotkowy Tazer 88T z z\u0119batk\u0105: SCX24\" href=\"https:\/\/www.scorpio-polska.pl\/katalog\/dynamite\/silnik-szczotkowy-tazer-88t-z-z%C4%99batk%C4%85-scx24-p64641.html\" data-code=\"DYNS1217\">180 z 88 zwojami<\/a>\u00a0na wirniku. Silnik posiada optymalny moment obrotowy potrzebny do wje\u017cd\u017cania na strome wzniesienia. Jest on zamontowany na metalowym \u0142o\u017cu silnika, kt\u00f3re pomaga ch\u0142odzi\u0107 silnik i utrzymywa\u0107 optymaln\u0105 temperatur\u0119.<\/p>\n<\/div>\n<\/section>\n<section class=\"block-item\">\n<div class=\"image\"><img src=\"https:\/\/www.scorpio-polska.pl\/content\/descriptions\/axial\/AXI00002_b03.jpg\" alt=\"axial\/AXI00002_b03.jpg\" \/><\/div>\n<div class=\"text\">\n<h4>Przek\u0142adnia \u015blimakowa<\/h4>\n<p>Przedni i tylny mechanizm r\u00f3\u017cnicowy s\u0105 wyposa\u017cone w przek\u0142adnie \u015blimakowe, kt\u00f3re zapewniaj\u0105 osiom bardzo wysoki moment obrotowy, a tak\u017ce pe\u0142ni\u0105 funkcj\u0119 hamulca i dzi\u0119ki niewielkim rozmiarom zapewniaj\u0105 dodatkowy prze\u015bwit niezb\u0119dny do pokonywania przeszk\u00f3d.<\/p>\n<\/div>\n<p><img src=\"https:\/\/www.scorpio-polska.pl\/content\/descriptions\/axial\/AXI00002_b02.jpg\" alt=\"axial\/AXI00002_b02.jpg\" \/><\/p>\n<\/section>\n<p>&nbsp;<\/p>\n<div class=\"image\"><\/div>\n<div class=\"text\">\n<h4>Osie bezpo\u015brednie<\/h4>\n<p>O\u015b przednia i tylna sk\u0142adaj\u0105 si\u0119 z dwucz\u0119\u015bciowej, formowanej, kompozytowej osi sta\u0142ej. Aby zapewni\u0107 optymalne prowadzenie, w zawieszeniu SCX24&#x2122; zastosowano trzy- i czterowahaczowe zawieszenie przednie oraz czterowahaczowe zawieszenie tylne.<\/p>\n<\/div>\n<p><img src=\"https:\/\/www.scorpio-polska.pl\/content\/descriptions\/axial\/AXI00006_PP_5.jpg\" alt=\"axial\/AXI00006_PP_5.jpg\" \/><\/p>\n<p>&nbsp;<\/p>\n<p>&nbsp;<\/p>\n<div class=\"image\"><\/div>\n<div class=\"text\">\n<h4>Stalowe wa\u0142y osi<\/h4>\n<p>W przypadku stosowania mechanizm\u00f3w r\u00f3\u017cnicowych z przek\u0142adni\u0105 \u015blimakow\u0105 moment obrotowy jest przenoszony na ko\u0142a za pomoc\u0105 stalowych wa\u0142k\u00f3w, kt\u00f3re charakteryzuj\u0105 si\u0119 du\u017c\u0105 wytrzyma\u0142o\u015bci\u0105 i sztywno\u015bci\u0105, gdy ko\u0142a s\u0105 uruchomione. Moment obrotowy jest przenoszony na piasty sze\u015bciok\u0105tne za pomoc\u0105 sworznia.<\/p>\n<p><img src=\"https:\/\/www.scorpio-polska.pl\/content\/descriptions\/axial\/AXI00002_b04.jpg\" alt=\"axial\/AXI00002_b04.jpg\" \/><\/p>\n<\/div>\n<div class=\"image\"><\/div>\n<div class=\"text\">\n<h4>Rowkowane wa\u0142y nap\u0119dowe<\/h4>\n<p>Przednie i tylne wa\u0142y nap\u0119dowe pomi\u0119dzy przek\u0142adni\u0105 a przedni\u0105 i tyln\u0105 osi\u0105 s\u0105 wa\u0142ami wielowypustowymi, co umo\u017cliwia du\u017ce przesuni\u0119cie osiowe i maksymalne przeniesienie momentu obrotowego.<\/p>\n<p><img src=\"https:\/\/www.scorpio-polska.pl\/content\/descriptions\/axial\/AXI00002_b05.jpg\" alt=\"axial\/AXI00002_b05.jpg\" \/><\/p>\n<\/div>\n<p>&nbsp;<\/p>\n<div class=\"image\"><\/div>\n<div class=\"text\">\n<h4>Funkcjonalne amortyzatory<\/h4>\n<p>Nawet tak ma\u0142y samoch\u00f3d RC mo\u017ce mie\u0107 atrapy amortyzator\u00f3w z imitacj\u0105 zbiornik\u00f3w pomocniczych. Pomimo prostej konstrukcji ze spr\u0119\u017cyn\u0105 \u015brubow\u0105 i plastikowym korpusem, amortyzatory s\u0105 doskonale funkcjonalne.<\/p>\n<p><img src=\"https:\/\/www.scorpio-polska.pl\/content\/descriptions\/axial\/AXI00002_b06.jpg\" alt=\"axial\/AXI00002_b06.jpg\" \/><\/p>\n<\/div>\n<div class=\"image\"><\/div>\n<div class=\"text\">\n<h4>4-wahaczowe zawieszenie tylne<\/h4>\n<p>W geometrii tylnego zawieszenia zastosowano 4-elementow\u0105 konstrukcj\u0119, kt\u00f3ra zosta\u0142a zoptymalizowana pod k\u0105tem ograniczenia skr\u0119ce\u0144 osi i skr\u0119cania momentem obrotowym.<\/p>\n<p><img src=\"https:\/\/www.scorpio-polska.pl\/content\/descriptions\/axial\/AXI00006_PP_10.jpg\" alt=\"axial\/AXI00006_PP_10.jpg\" \/><\/p>\n<\/div>\n<p>&nbsp;<\/p>\n<div class=\"image\"><\/div>\n<div class=\"text\">\n<h4>Mocne serwo skr\u0119tu Axial AS-1<\/h4>\n<p>Kluczowym elementem w modelu ekspedycyjnym RC jest odpowiednio mocne serwo uk\u0142adu kierowniczego z wytrzyma\u0142ym mechanizmem. Bezpo\u015brednio nad przedni\u0105 osi\u0105 znajduje si\u0119\u00a0Serwo skr\u0119tu AS-1, kt\u00f3re umo\u017cliwia precyzyjne kierowanie, a jednocze\u015bnie zapewnia ochron\u0119 przek\u0142adni i elektroniki serwa w przypadku przeszkody w kierowaniu lub uderzenia w przednie ko\u0142o.<\/p>\n<p><img src=\"https:\/\/www.scorpio-polska.pl\/content\/descriptions\/axial\/AXI00002_b13.jpg\" alt=\"axial\/AXI00002_b13.jpg\" \/><\/p>\n<\/div>\n<p>&nbsp;<\/p>\n<div class=\"image\"><\/div>\n<div class=\"text\">\n<h4>Wyposa\u017cone w \u0142o\u017cyska kulkowe<\/h4>\n<p>Model ten jest w pe\u0142ni wyposa\u017cony w \u0142o\u017cyska kulkowe w przek\u0142adni, osiach i nap\u0119dach. Mo\u017cna je\u017adzi\u0107 bez obawy o zu\u017cyte \u0142o\u017cysko \u015blizgowe.<\/p>\n<p><img src=\"https:\/\/www.scorpio-polska.pl\/content\/descriptions\/axial\/AXI00002_b12.jpg\" alt=\"axial\/AXI00002_b12.jpg\" \/><\/p>\n<\/div>\n<p>&nbsp;<\/p>\n<div class=\"image\"><\/div>\n<div class=\"text\">\n<h4>Felgi Ford Wildtrak z oponami Nitto Trail Grappler M\/T<\/h4>\n<p>Oficjalnie licencjonowane ko\u0142a Wildtrak s\u0105 formowane w kolorze czarnym i posiadaj\u0105 wspania\u0142e makietowe detale. Opony Nitto Trail Grappler oferuj\u0105 fantastyczne po\u0142\u0105czenie osi\u0105g\u00f3w terenowych przy zachowaniu doskona\u0142ych w\u0142a\u015bciwo\u015bci jezdnych.<\/p>\n<p><img src=\"https:\/\/www.scorpio-polska.pl\/content\/descriptions\/axial\/AXI00006_PP_11.jpg\" alt=\"axial\/AXI00006_PP_11.jpg\" \/><\/p>\n<\/div>\n<p>&nbsp;<\/p>\n<section class=\"block-item\">\n<div class=\"image\"><\/div>\n<div class=\"text\">\n<h4>Zainstalowane przednie o\u015bwietlenie LED<\/h4>\n<p>Dwa jasne, bia\u0142e \u015bwiat\u0142a LED s\u0105 fabrycznie zamontowane w przednim zderzaku, aby o\u015bwietla\u0107 obszar przed pojazdem. Przednie \u015bwiat\u0142a w modelu mog\u0105 by\u0107 zdalnie sterowane za pomoc\u0105 nadajnika (3-kana\u0142owego) i maj\u0105 nast\u0119puj\u0105ce funkcje:<\/p>\n<ul>\n<li>\u015awiat\u0142a \u015bwiec\u0105 ci\u0105gle<\/li>\n<li>\u015awiat\u0142a migaj\u0105<\/li>\n<li>\u015awiat\u0142a s\u0105 wy\u0142\u0105czone<\/li>\n<\/ul>\n<p><img src=\"https:\/\/www.scorpio-polska.pl\/content\/descriptions\/axial\/AXI00006_PP_9.jpg\" alt=\"axial\/AXI00006_PP_9.jpg\" \/><\/p>\n<\/div>\n<\/section>\n<p>&nbsp;<\/p>\n<div class=\"image\"><\/div>\n<div class=\"text\">\n<h4>Nowy nadajnik<\/h4>\n<p>Czterokana\u0142owy nadajnik Horizon 2,4GHz ma wszystko, co jest potrzebne do pracy. Na nadajniku znajduj\u0105 si\u0119 prze\u0142\u0105czniki nast\u0119puj\u0105cych funkcji: trymer sterowania i gazu, podw\u00f3jne wychylenie kierownicy, parowanie, rewers gazu i kierownicy. Sterownik 3-kana\u0142owy jest sterownikiem tr\u00f3jpo\u0142o\u017ceniowym. Nadajnik zawiera tak\u017ce mechaniczny prze\u0142\u0105cznik w\u0142\u0105czania zasilania.<\/p>\n<p>Na przednim panelu znajduj\u0105 si\u0119 r\u00f3wnie\u017c trzy diody LED, kt\u00f3re sygnalizuj\u0105: w\u0142\u0105czenie zasilania nadajnika, parowanie oraz\u00a0<strong>stan na\u0142adowania akumulatora w modelu.<\/strong><\/p>\n<p>Sygnalizacja na\u0142adowania akumulatora w modelu:<\/p>\n<ul>\n<li>Zielona &#8211; w pe\u0142ni na\u0142adowany<\/li>\n<li>\u017b\u00f3\u0142ta &#8211; po\u0142owicznie na\u0142adowany<\/li>\n<li>Czerwona &#8211; prawie roz\u0142adowany<\/li>\n<li>Migaj\u0105ca czerwona &#8211; roz\u0142adowany<\/li>\n<\/ul>\n<p><img src=\"https:\/\/www.scorpio-polska.pl\/content\/descriptions\/axial\/scx24_v2_vys.gif\" alt=\"axial\/scx24_v2_vys.gif\" \/><\/p>\n<\/div>\n<p>&nbsp;<\/p>\n<div class=\"image\"><\/div>\n<div class=\"text\">\n<h4>Jednostka steruj\u0105ca<\/h4>\n<p>Jednostka steruj\u0105ca Horizon \u0142\u0105czy w sobie regulator i odbiornik. Zawiera 4 kana\u0142y i konektory dla \u015bwiate\u0142 i kierunkowskaz\u00f3w (funkcje \u015bwiate\u0142 i kierunkowskaz\u00f3w s\u0105 fabrycznie przypisane odpowiednio do trzeciego i czwartego kana\u0142u).\u00a0<i><b>(Kierunkowskazy nie s\u0105 montowane w modelu, ale mog\u0105 by\u0107 uzupe\u0142nione przez u\u017cytkownika).<\/b>\u00a0W przypadku uzupe\u0142nienia przez u\u017cytkownika, kierunkowskazy mog\u0105 by\u0107 sterowane zdalnie za pomoc\u0105 4-kana\u0142owego nadajnika i mia\u0142yby nast\u0119puj\u0105ce funkcje: wy\u0142\u0105czone, miganie odpowiednich kierunkowskaz\u00f3w podczas skr\u0119cania w okre\u015blonym kierunku, \u015bwiat\u0142a ostrzegawcze, szybko migaj\u0105ce \u015bwiat\u0142a ostrzegawcze.<\/i><\/p>\n<p>Podczas kompletowania kierunkowskaz\u00f3w nale\u017cy dobra\u0107 odpowiedni\u0105 rezystancj\u0119 w zale\u017cno\u015bci od koloru i typu diody LED.<\/p>\n<p><img src=\"https:\/\/www.scorpio-polska.pl\/content\/descriptions\/axial\/hrz00015.jpg\" alt=\"axial\/hrz00015.jpg\" \/><\/p>\n<\/div>\n<p>&nbsp;<\/p>\n<p><img class=\"aligncenter\" src=\"https:\/\/www.scorpio-polska.pl\/content\/descriptions\/axial\/AXI00006T1_A13_ESXFWX8G.jpg\" alt=\"Axial SCX24 Ford Bronco 2021 1:24 4WD RTR\" \/><\/p>\n<p>&nbsp;<\/p>\n<h4>W\u0142asno\u015bci<\/h4>\n<ul>\n<li>RC auto Axial SCX24 jest ca\u0142kowicie zmontowane i gotowe do u\u017cycia, wszystko co potrzebne znajduje si\u0119 w opakowaniu<\/li>\n<li>Realistyczny wygl\u0105d karoserii Forda Bronco 2021 ze szczeg\u00f3\u0142owymi elementami i o\u015bwietleniem LED<\/li>\n<li>Licencjonowane opony Nitto Trail Grappler M\/T z ko\u0142ami Wildtrak<\/li>\n<li>Zainstalowana jednostka steruj\u0105ca Horizon, silnik i serwo AS-1<\/li>\n<li>3-punktowe zawieszenie przednie i 4-punktowe zawieszenie tylne<\/li>\n<li>Metalowe ramy boczne podwozia<\/li>\n<li>Przek\u0142adnia z osi\u0105 \u015brubow\u0105<\/li>\n<li>Odchylany korpus jest mocowany za pomoc\u0105 tylko jednego klipsa<\/li>\n<li>W komplecie z \u0142o\u017cyskami kulkowymi<\/li>\n<li>4-kana\u0142owy nadajnik 2,4 Ghz<\/li>\n<li>Zdalnie sterowane przednie \u015bwiat\u0142a LED<\/li>\n<li>Nowa \u0142adowarka USB DYNC1063<\/li>\n<\/ul>\n","protected":false},"excerpt":{"rendered":"<div>Marka:\u00a0<b>Axia<\/b><b>l<\/b><\/div>\n<div>Kod towaru:\u00a0<b>AXI00006<\/b><\/div>\n","protected":false},"featured_media":6491,"comment_status":"open","ping_status":"closed","template":"","meta":{"_s2mail":""},"product_cat":[590,484],"product_tag":[591],"_links":{"self":[{"href":"https:\/\/sklep.aveos.pl\/index.php\/wp-json\/wp\/v2\/product\/6490"}],"collection":[{"href":"https:\/\/sklep.aveos.pl\/index.php\/wp-json\/wp\/v2\/product"}],"about":[{"href":"https:\/\/sklep.aveos.pl\/index.php\/wp-json\/wp\/v2\/types\/product"}],"replies":[{"embeddable":true,"href":"https:\/\/sklep.aveos.pl\/index.php\/wp-json\/wp\/v2\/comments?post=6490"}],"wp:featuredmedia":[{"embeddable":true,"href":"https:\/\/sklep.aveos.pl\/index.php\/wp-json\/wp\/v2\/media\/6491"}],"wp:attachment":[{"href":"https:\/\/sklep.aveos.pl\/index.php\/wp-json\/wp\/v2\/media?parent=6490"}],"wp:term":[{"taxonomy":"product_cat","embeddable":true,"href":"https:\/\/sklep.aveos.pl\/index.php\/wp-json\/wp\/v2\/product_cat?post=6490"},{"taxonomy":"product_tag","embeddable":true,"href":"https:\/\/sklep.aveos.pl\/index.php\/wp-json\/wp\/v2\/product_tag?post=6490"}],"curies":[{"name":"wp","href":"https:\/\/api.w.org\/{rel}","templated":true}]}}