{"id":6540,"date":"2022-08-30T15:30:07","date_gmt":"2022-08-30T13:30:07","guid":{"rendered":"https:\/\/sklep.aveos.pl\/?post_type=product&#038;p=6540"},"modified":"2022-08-30T15:42:46","modified_gmt":"2022-08-30T13:42:46","slug":"zestaw-3-filtrow-polarpro-shutter-do-dji-mini-3-pro","status":"publish","type":"product","link":"https:\/\/sklep.aveos.pl\/index.php\/produkt\/zestaw-3-filtrow-polarpro-shutter-do-dji-mini-3-pro\/","title":{"rendered":"Zestaw 3 filtr\u00f3w PolarPro Shutter do DJI Mini 3 Pro"},"content":{"rendered":"<h3>Zestaw 3 filtr\u00f3w PolarPro Shutter do DJI Mini 3 Pro<\/h3>\n<p>Filtry PolarPro zosta\u0142y specjalnie zaprojektowane dla DJI Mini 3 Pro. W zestawie znajdziesz 3 sztuki produktu: filtr ND8, ND16 i ND32, kt\u00f3re pozwalaj\u0105c zmniejszy\u0107 pr\u0119dko\u015b\u0107 migawki do poziomu kinowego. Doskonale sprawdz\u0105 si\u0119 do filmowania w ci\u0105gu dnia lub w jasnym otoczeniu. Lekk\u0105 wag\u0119 zawdzi\u0119czaj\u0105 ramce z aluminium, wi\u0119c nie musisz si\u0119 obawia\u0107, \u017ce produkt wp\u0142ynie na jako\u015b\u0107 lotu drona. Soczewka zosta\u0142a wykonana z niemieckiego szk\u0142a hartowanego CinemaSeries, kt\u00f3re cechuje si\u0119 niskim wsp\u00f3\u0142czynnikiem za\u0142amania \u015bwiat\u0142a. Filtry umieszczono w etui ochronnym, dzi\u0119ki czemu masz pewno\u015b\u0107, \u017ce nie zostan\u0105 uszkodzone.<\/p>\n<p><img loading=\"lazy\" src=\"https:\/\/b2b.innpro.pl\/data\/include\/cms\/02PolarPro\/MINI3-PRO-SHUTTER\/1.jpg?v=1657190161393\" width=\"1100\" height=\"700\" border=\"0\" \/><\/p>\n<p>&nbsp;<\/p>\n<h3>W zestawie<\/h3>\n<ul>\n<li>x3 filtry PolarPro Shutter do DJI Mini 3 Pro<\/li>\n<li>etui ochronne<\/li>\n<\/ul>\n<h3>Specyfikacja:<\/h3>\n<div class=\"table-wrapper\">\n<table>\n<tbody>\n<tr>\n<th>Producent<\/th>\n<td>PolarPro<\/td>\n<\/tr>\n<tr>\n<th>Nazwa<\/th>\n<td>Filtry Shutter<\/td>\n<\/tr>\n<tr>\n<th>Waga<\/th>\n<td>~1.7 g<\/td>\n<\/tr>\n<tr>\n<th>Wymiary<\/th>\n<td>17.2 x 21.6 x 5.9 mm<\/td>\n<\/tr>\n<tr>\n<th>Waga etui<\/th>\n<td>100 g<\/td>\n<\/tr>\n<tr>\n<th>Wymiary etui<\/th>\n<td>75.1 x 56.9 x 16.4 mm<\/td>\n<\/tr>\n<\/tbody>\n<\/table>\n<\/div>\n","protected":false},"excerpt":{"rendered":"<h3>Zestaw 3 filtr\u00f3w PolarPro Shutter do DJI Mini 3 Pro<\/h3>\n<p>W zestawie znajdziesz 3 sztuki produktu:<\/p>\n<p>filtr ND8,<\/p>\n<p>ND16,<\/p>\n<p>ND32<\/p>\n","protected":false},"featured_media":6545,"comment_status":"open","ping_status":"closed","template":"","meta":{"_s2mail":""},"product_cat":[415,484],"product_tag":[543,917,916],"_links":{"self":[{"href":"https:\/\/sklep.aveos.pl\/index.php\/wp-json\/wp\/v2\/product\/6540"}],"collection":[{"href":"https:\/\/sklep.aveos.pl\/index.php\/wp-json\/wp\/v2\/product"}],"about":[{"href":"https:\/\/sklep.aveos.pl\/index.php\/wp-json\/wp\/v2\/types\/product"}],"replies":[{"embeddable":true,"href":"https:\/\/sklep.aveos.pl\/index.php\/wp-json\/wp\/v2\/comments?post=6540"}],"wp:featuredmedia":[{"embeddable":true,"href":"https:\/\/sklep.aveos.pl\/index.php\/wp-json\/wp\/v2\/media\/6545"}],"wp:attachment":[{"href":"https:\/\/sklep.aveos.pl\/index.php\/wp-json\/wp\/v2\/media?parent=6540"}],"wp:term":[{"taxonomy":"product_cat","embeddable":true,"href":"https:\/\/sklep.aveos.pl\/index.php\/wp-json\/wp\/v2\/product_cat?post=6540"},{"taxonomy":"product_tag","embeddable":true,"href":"https:\/\/sklep.aveos.pl\/index.php\/wp-json\/wp\/v2\/product_tag?post=6540"}],"curies":[{"name":"wp","href":"https:\/\/api.w.org\/{rel}","templated":true}]}}