{"id":6568,"date":"2022-10-18T14:34:02","date_gmt":"2022-10-18T12:34:02","guid":{"rendered":"https:\/\/sklep.aveos.pl\/?post_type=product&#038;p=6568"},"modified":"2023-07-15T12:41:21","modified_gmt":"2023-07-15T10:41:21","slug":"vorteks-4x2","status":"publish","type":"product","link":"https:\/\/sklep.aveos.pl\/index.php\/produkt\/vorteks-4x2\/","title":{"rendered":"Arrma Vorteks 4X2 Boost 1:10 RTR Basic"},"content":{"rendered":"<h3>Zawarto\u015b\u0107 zestawu<\/h3>\n<p>Zestaw zawiera kompletnie z\u0142o\u017cony model RC auta na zdalne sterowanie Arrma Vorteks 4&#215;2 Boost 550 Mega 2WD 1:10 RTR z zainstalowanymi komponentami:\u00a0Arrma silnik szczotkowy Mega 550 12T,\u00a0<u>jednostka steruj\u0105ca Spektrum 2w1 reg. 40A<\/u>,\u00a0Spektrum serwo S650 5kg. Zestaw zawiera nadajnik Spektrum SLT2 2.4GHz, 4x AA baterie do nadajnika.<\/p>\n<h3>Charakterystyka<\/h3>\n<div class=\"image-container\">\n<div class=\"image-wrapper\"><img class=\"aligncenter\" src=\"https:\/\/www.scorpio-polska.pl\/content\/descriptions\/arrma\/ARA4105V4_a01.jpg\" alt=\"Boost\" \/><\/div>\n<\/div>\n<p>Arrma Vorteks 4&#215;2 Boost 550 Mega 2WD 1:10 RTR to \u015bwietny wyb\u00f3r dla pocz\u0105tkuj\u0105cych. Wyrafinowana modu\u0142owa konstrukcja podwozia zapewniaj\u0105ca \u0142atwy dost\u0119p do podzespo\u0142\u00f3w, olejowe amortyzatory z silikonowymi o-ringami, nadajnik Spektrum&#x2122; SLT&#x2122;.<\/p>\n<div class=\"video-container\">\n<div class=\"video-wrapper\"><iframe loading=\"lazy\" src=\"https:\/\/www.youtube.com\/embed\/4Fs1KVVbs2M\" width=\"560\" height=\"315\" frameborder=\"0\" allowfullscreen=\"allowfullscreen\" data-mce-fragment=\"1\"><\/iframe><\/div>\n<div class=\"video-caption\"><\/div>\n<\/div>\n<p>Je\u015bli szukacie swojego pierwszego off-roadowego specja\u0142u, nie ma nic innego jak ARRMA\u00ae Vorteks 4X2 BOOST 550 MEGA Brushed 2WD. Wyr\u00f3\u017cnia si\u0119 szybko\u015bci\u0105 i wytrzyma\u0142o\u015bci\u0105, a oparty na sprawdzonej platformie ARRMA 4X4 samoch\u00f3d mo\u017cna przekszta\u0142ci\u0107 w 4WD za pomoc\u0105 silnika bezszczotkowego i akumulatora 3S LiPol, gdy b\u0119dziecie gotowi na wi\u0119ksz\u0105 moc. Jednak nawet bez tych ulepsze\u0144, Vorteks&#x2122; 4X2 BOOST 550 MEGA 2WD mo\u017ce osi\u0105gn\u0105\u0107 pr\u0119dko\u015b\u0107 prawie 50km\/h przy zastosowaniu opcjonalnego prze\u0142o\u017cenia. Dla trwa\u0142o\u015bci w ka\u017cdym terenie, zawiera solidne kompozytowe podwozie, \u0142o\u017cyska kulkowe z gumowymi nak\u0142adkami. Vorteks&#x2122; 4X2 BOOST zosta\u0142 zaprojektowany tak, aby wytrzyma\u0107 obci\u0105\u017cenia zwi\u0105zane z pierwszymi pr\u00f3bami pocz\u0105tkuj\u0105cych.<\/p>\n<div class=\"image-container\">\n<div class=\"image-wrapper\"><img class=\"alignnone\" src=\"https:\/\/www.scorpio-polska.pl\/content\/descriptions\/arrma\/ARA4105V4_a02.jpg\" alt=\"Boost\" \/><\/div>\n<\/div>\n<p>Doskona\u0142a i pomys\u0142owa modu\u0142owa konstrukcja podwozia opracowana przez in\u017cynier\u00f3w ARRMA, u\u0142atwi dost\u0119p do podzespo\u0142\u00f3w. Oddzielnie wyjmowane modu\u0142y dla uk\u0142adu zasilania, elektroniki i cz\u0119\u015bci mechanizm\u00f3w r\u00f3\u017cnicowych umo\u017cliwiaj\u0105 szybk\u0105 i \u0142atw\u0105 konserwacj\u0119. Samoodpowietrzaj\u0105ce si\u0119, wype\u0142nione olejem amortyzatory z silikonowymi o-ringami wykorzystuj\u0105 sprawdzon\u0105 konstrukcj\u0119 u\u0142atwiaj\u0105c\u0105 konserwacj\u0119. Wysokie os\u0142ony podwozia ograniczaj\u0105 przedostawanie si\u0119 zanieczyszcze\u0144 do miski podwozia. Sztywne wie\u017ce amortyzator\u00f3w utrzymuj\u0105 przedni\u0105 i tyln\u0105 o\u015b spr\u0119\u017cy\u015bcie na podwoziu i zapewniaj\u0105 ochron\u0119 podczas nier\u00f3wno\u015bci terenowych.<\/p>\n<div class=\"image-container\">\n<div class=\"image-wrapper\"><img class=\"alignnone\" src=\"https:\/\/www.scorpio-polska.pl\/content\/descriptions\/arrma\/ARA4105V4_a03.jpg\" alt=\"Boost\" \/><\/div>\n<\/div>\n<p>Model Vorteks&#x2122; 4X2 BOOST 550 MEGA Brushed 2WD RC w zestawie z nadajnikiem Spektrum&#x2122; SLT2&#x2122; i odbiornikiem SLT&#x2122; 2 w 1 z regulatorem 40A. Nadajnik jest ergonomicznie zaprojektowany do d\u0142ugiej, niem\u0119cz\u0105cej jazdy i posiada piankow\u0105 kierownic\u0119 dla precyzyjnego sterowania opuszkami palc\u00f3w. Nowi kierowcy b\u0119d\u0105 mogli ustawi\u0107 limity otwarcia przepustnicy na 50% lub 75%, dop\u00f3ki nie b\u0119d\u0105 gotowi uwolni\u0107 swojego pe\u0142nego potencja\u0142u pr\u0119dko\u015bci. Masywne, wieloramienne, czarne ko\u0142a MT z wentylowanymi oponami dBoots\u00ae Fortress&#x2122; KATAR&#x2122; zapewniaj\u0105 Vorteksowi&#x2122; 4X2 BOOST 550 MEGA Brushed 2WD skuteczn\u0105 trakcj\u0119 podczas jazdy po niemal ka\u017cdym terenie &#8211; w tym off-road, dirt, trawa, parkingi i asfalt.<\/p>\n<div class=\"image-container\">\n<div class=\"image-wrapper\"><img class=\"aligncenter\" src=\"https:\/\/www.scorpio-polska.pl\/content\/descriptions\/arrma\/ARA4105V4_a04.jpg\" alt=\"Boost\" \/><\/div>\n<\/div>\n<p>Vorteks&#x2122; 4X2 BOOST jest gotowy do u\u017cycia silnika tr\u00f3jfazowego, wi\u0119c mo\u017cesz \u0142atwo zmieni\u0107 na super moc 3S LiPol, kiedy tylko b\u0119dziecie gotowi na szybsz\u0105 jazd\u0119. Z\u00a0<a class=\"itemdialog\" title=\"Arrma zestaw tuningowy 4WD: 4x2\" href=\"https:\/\/www.scorpio-polska.pl\/katalog\/arrma\/arrma-zestaw-tuningowy-4wd-4x2-p70720.html\" data-code=\"ARA210003\">zestawem przek\u0142adni 4X4 BOOST<\/a>\u00a0(sprzedawanym oddzielnie), mo\u017cna uzyska\u0107 dodatkow\u0105 trakcj\u0119 4WD w zaledwie trzech krokach!<\/p>\n<div class=\"image-container\">\n<div class=\"image-wrapper\"><img class=\"aligncenter\" src=\"https:\/\/www.scorpio-polska.pl\/content\/descriptions\/arrma\/ARA4105V4_a05.jpg\" alt=\"Boost\" \/><\/div>\n<\/div>\n<h4>Kluczowe w\u0142asno\u015bci Vorteks&#x2122; 4X2 BOOST<\/h4>\n<ul class=\"column-2\">\n<li>Silnik szczotkowy MEGA 550 12T<\/li>\n<li>Wodoodporne cyfrowe serwo Spektrum&#x2122; S650 z momentem 5kg.cm<\/li>\n<li>Metalowe ko\u0142a z\u0119bate dyferencja\u0142u<\/li>\n<li>Modu\u0142 uz\u0119bienia 1,35 g\u0142\u00f3wnego dyferencja\u0142u<\/li>\n<li>Sztywne kompozytowe podwozie z podwy\u017cszon\u0105 wysoko\u015bci\u0105 brzegu odpornego na zabrudzenia<\/li>\n<li>Sterowanie z serwo-saverem<\/li>\n<li>System sterowania z regulowan\u0105 sztywno\u015bci\u0105 zawieszenia<\/li>\n<li>\u0141atwo dost\u0119pna konstrukcja modularna \u2013 modu\u0142y mozna szybko i \u0142atwo wyj\u0105\u0107 w celu serwisowania<\/li>\n<li>Podw\u00f3jne trapezoidalne zawieszenie z przodu i z ty\u0142u zapewniaj\u0105ce doskona\u0142e prowadzenie<\/li>\n<li>Odpowietrzane opony dBoots\u00ae Fortress&#x2122; KATAR&#x2122;, kt\u00f3re rozpraszaj\u0105 wod\u0119 dla zwi\u0119kszenia trwa\u0142o\u015bci<\/li>\n<li>Nadajnik Spektrum&#x2122; 2,4 GHz SLT2&#x2122; z trybami gazu 50\/75\/100%<\/li>\n<li>Odbiornik Spektrum SLT 2-v-1 z regulatorem 40A<\/li>\n<\/ul>\n<div class=\"block-2\">\n<section class=\"block-item\">\n<div class=\"image\"><img class=\"aligncenter\" src=\"https:\/\/www.scorpio-polska.pl\/content\/descriptions\/arrma\/ARA4103V4_b01.jpg\" alt=\"arrma\/ARA4103V4_b01.jpg\" \/><\/div>\n<div class=\"text\">\n<h4>Modularna koncepcja podwozia<\/h4>\n<p>Arrma Vorteks&#x2122; 4X2 BOOST 550 MEGA Brushed 2WD w skali 1:10 posiada \u0142atwo dost\u0119pny system modu\u0142owy ARRMA\u00ae. Oddzielne, \u0142atwo zdejmowane modu\u0142y podwozia dla uk\u0142adu zasilania, elektroniki i element\u00f3w r\u00f3\u017cnicowych umo\u017cliwiaj\u0105 szybk\u0105 i \u0142atw\u0105 rutynow\u0105 konserwacj\u0119.<\/p>\n<\/div>\n<\/section>\n<section class=\"block-item\">\n<div class=\"image\"><img class=\"aligncenter\" src=\"https:\/\/www.scorpio-polska.pl\/content\/descriptions\/arrma\/ARA4102V4_b02.jpg\" alt=\"arrma\/ARA4102V4_b02.jpg\" \/><\/div>\n<div class=\"text\">\n<h4>Sztywne kompozytowe podwozie<\/h4>\n<p>Wysoka wydajno\u015b\u0107 modelu Arrma Vorteks 4X2 BOOST jest podkre\u015blona przez mocne kompozytowe podwozie, mi\u0119kkie zawieszenie uk\u0142adu kierowniczego, sprz\u0119g\u0142o cierne i \u0142o\u017cyska kulkowe. Przed\u0142u\u017cone brzegi wanny podwozia zapobiegaj\u0105ce zabrudzeniom.<\/p>\n<\/div>\n<\/section>\n<section class=\"block-item\">\n<div class=\"image\"><img class=\"aligncenter\" src=\"https:\/\/www.scorpio-polska.pl\/content\/descriptions\/arrma\/ARA4102V4_b03.jpg\" alt=\"arrma\/ARA4102V4_b03.jpg\" \/><\/div>\n<div class=\"text\">\n<h4>Upgrade na nap\u0119d 4WD!<\/h4>\n<p>Z zestawem nap\u0119dowym 4X4 BOOST (sprzedawany oddzielnie), Vorteks&#x2122; 4X2 BOOST 550 MEGA Brushed 2WD mo\u017ce by\u0107 \u0142atwo przekszta\u0142cony w dodatkow\u0105 trakcj\u0119 4WD w trzech prostych krokach.<\/p>\n<\/div>\n<\/section>\n<section class=\"block-item\">\n<div class=\"image\"><img class=\"aligncenter\" src=\"https:\/\/www.scorpio-polska.pl\/content\/descriptions\/arrma\/ARA4102V4_b04.gif\" alt=\"arrma\/ARA4102V4_b04.gif\" \/><\/div>\n<div class=\"text\">\n<h4>Wi\u0119ksze mozliwo\u015bci nap\u0119du<\/h4>\n<p>Arrma Vorteks&#x2122; 4X2 BOOST 2WD 1:10 oparty jest na sprawdzonej platformie ARRMA 4X4. Oznacza to, \u017ce mo\u017cna \u0142atwo zmieni\u0107 dostarczony silnik 550 MEGA DC na silnik tr\u00f3jfazowy LiPol 3S, gdy b\u0119dziemy gotowi na wysok\u0105 wydajno\u015b\u0107.<\/p>\n<\/div>\n<\/section>\n<section class=\"block-item\">\n<div class=\"image\"><img class=\"aligncenter\" src=\"https:\/\/www.scorpio-polska.pl\/content\/descriptions\/arrma\/ARA4105V4_b05.jpg\" alt=\"arrma\/ARA4105V4_b05.jpg\" \/><\/div>\n<div class=\"text\">\n<h4>Uniwersalne opony dBOOTS\u00ae KATAR&#x2122;<\/h4>\n<p>Masywne, wieloramienne, czarne ko\u0142a MT z wentylowanymi, terenowymi oponami dBoots\u00ae Fortress&#x2122; KATAR&#x2122;, zapewniaj\u0105 autu Vorteks&#x2122; 4X2 BOOST 2WDskuteczn\u0105 trakcj\u0119 podczas jazdy niemal wsz\u0119dzie, od brudu i trawy po parkingi, powierzchnie utwardzone lub asfaltowe.<\/p>\n<\/div>\n<\/section>\n<section class=\"block-item\">\n<div class=\"image\"><img class=\"aligncenter\" src=\"https:\/\/www.scorpio-polska.pl\/content\/descriptions\/arrma\/ARA4102V4_b06.jpg\" alt=\"arrma\/ARA4102V4_b06.jpg\" \/><\/div>\n<div class=\"text\">\n<h4>Nadajnik SPEKTRUM&#x2122; SLT&#x2122; 2.4GHz<\/h4>\n<p>Do\u0142\u0105czony nadajnik Spektrum&#x2122; SLT2&#x2122; jest doskonale wywa\u017cony dla d\u0142ugich, niem\u0119cz\u0105cych przeja\u017cd\u017cek i posiada piankow\u0105 kierownic\u0119 dla precyzyjnego sterowania palcami. Nowi je\u017ad\u017acy mog\u0105 ustawi\u0107 ograniczenia przepustnicy na 50% lub 75%, dop\u00f3ki nie b\u0119d\u0105 gotowi do osi\u0105gni\u0119cia pe\u0142nego potencja\u0142u pr\u0119dko\u015bci.<\/p>\n<\/div>\n<\/section>\n<\/div>\n<div class=\"image-container\">\n<div class=\"image-wrapper\"><img class=\"aligncenter\" src=\"https:\/\/www.scorpio-polska.pl\/content\/descriptions\/arrma\/ARA4102V4_a05.jpg\" alt=\"Boost\" \/><\/div>\n<\/div>\n<h3>Polecamy zakup<\/h3>\n<p>Do uruchomienia modelu <strong>nale\u017cy dokupi\u0107 akumulator i \u0142adowark\u0119<\/strong>.<\/p>\n<section class=\"flex\">\n<div class=\"image\"><img class=\"aligncenter\" src=\"https:\/\/www.scorpio-polska.pl\/content\/descriptions\/arrma\/battery.jpg\" alt=\"arrma\/battery.jpg\" \/><\/div>\n<div class=\"text\">\n<h4>Zalecane akumulatory<\/h4>\n<p>Do zwyk\u0142ego je\u017cd\u017cenia i dla dzieci polecamy zakup akumulatora NiMH 8.4V (wysoki). Dla lepszego przy\u015bpieszenia i d\u0142u\u017cszego czasu jazdy polecamy akumulator 2S LiPol z konektorem IC3 lub EC3.<\/p>\n<p>&nbsp;<\/p>\n<ul>\n<li>Dla lepszego przy\u015bpieszenia i d\u0142u\u017cszego czasu jazdy akumulator LiPol\u00a0Black Magic 7.4V 5000mAh.<\/li>\n<li>Dla lepszego przyspieszenia i d\u0142u\u017cszego czasu jazdy akumulator LiPol\u00a0Spektrum 7.4V 5000mAh, lub\u00a0Spektrum G2 7.4V 5000mAh<\/li>\n<\/ul>\n<p>&nbsp;<\/p>\n<p>&nbsp;<\/p>\n<\/div>\n<\/section>\n<section class=\"flex\">\n<div class=\"image\"><img class=\"aligncenter\" src=\"https:\/\/www.scorpio-polska.pl\/content\/descriptions\/arrma\/charger.jpg\" alt=\"arrma\/charger.jpg\" \/><\/div>\n<\/section>\n<section class=\"flex\">\n<div class=\"image\"><img class=\"aligncenter\" src=\"https:\/\/www.scorpio-polska.pl\/content\/descriptions\/arrma\/ARA210003.jpg\" alt=\"arrma\/ARA210003.jpg\" \/><\/div>\n<div class=\"text\">\n<h4>Upgrade na nap\u0119d 4&#215;4<\/h4>\n<p>Kiedy ju\u017c b\u0119dziesz lepiej je\u017adzi\u0142 i b\u0119dziesz czerpa\u0142 z tego przyjemno\u015b\u0107, mo\u017cesz rozbudowa\u0107 ten pocz\u0105tkuj\u0105cy model 2WD do pe\u0142nego nap\u0119du 4WD, jak w dro\u017cszych modelach. W celu wykonania upgrade wystarczy zainstalowa\u0107\u00a0zestaw tuningowy przek\u0142adni.<\/p>\n<\/div>\n<\/section>\n<section class=\"flex\">\n<div class=\"image\"><img src=\"https:\/\/www.scorpio-polska.pl\/content\/descriptions\/arrma\/tools.jpg\" alt=\"arrma\/tools.jpg\" \/><\/div>\n<div class=\"text\">\n<h4>Akcesoria do normalnej pracy<\/h4>\n<p>Do normalnej eksploatacji samochodu RC potrzebny jest klej do opon, klej do \u015brub, zestaw narz\u0119dzi i olej silikonowy do amortyzator\u00f3w. Z naszej oferty polecamy niedrogi\u00a0zestaw narz\u0119dzi do samochod\u00f3w RC.<\/p>\n<p>Klej do opon przykleja opony do felgi. Opona musi by\u0107 zawsze mocno przyklejona do felgi na ca\u0142ym obwodzie! Je\u015bli opona nie b\u0119dzie przyklejona na ca\u0142ym obwodzie, mo\u017ce p\u0119kn\u0105\u0107. Klej do opon ma specjalny sk\u0142ad, kt\u00f3ry jest w stanie \u0142\u0105czy\u0107 takie materia\u0142y jak guma czy nylon, a jednocze\u015bnie po stwardnieniu jest elastyczny. Polecamy\u00a0klej do opon Robitronic\u00a0z naszej oferty &#8211; zobacz polecane akcesoria.<\/p>\n<p>Od czasu do czasu konieczne jest dodanie\u00a0oleju silikonowego do amortyzator\u00f3w\u00a0modelu i wymiana\u00a0oleju w mechanizmach r\u00f3\u017cnicowych. Podczas normalnej pracy wyst\u0119puje tylko niewielki wyciek oleju silikonowego wzd\u0142u\u017c t\u0142oczysk amortyzatora. Je\u015bli powierzchnia t\u0142oczysk amortyzatora lub stan uszczelek jest w z\u0142ym stanie, wyciek oleju mo\u017ce by\u0107 du\u017cy. W takich przypadkach dostarczane s\u0105 zestawy naprawcze lub pojedyncze cz\u0119\u015bci. Z naszej oferty olej\u00f3w silikonowych polecamy oleje silikonowe TLR (Team Losi Racing), zobacz zalecane akcesoria.<\/p>\n<p>Do rutynowej konserwacji wymagany jest\u00a0klej do \u015brub. \u015aruby wkr\u0119cane w materia\u0142 metalowy (np. \u015bruby w silniku, \u015bruby ustalaj\u0105ce w z\u0119batce) nale\u017cy zabezpieczy\u0107 przed poluzowaniem za pomoc\u0105 tego kleju.<\/p>\n<\/div>\n<\/section>\n","protected":false},"excerpt":{"rendered":"<p>Model RC Arrma Vorteks 4&#215;2 Boost Mega 2WD 1:10 RTR to \u015bwietny wyb\u00f3r dla pocz\u0105tkuj\u0105cych. Wyrafinowana konstrukcja modu\u0142owa z \u0142atw\u0105 konwersj\u0105 na nap\u0119d 4&#215;4. Wersja bez akumulatora i \u0142adowarki.<\/p>\n","protected":false},"featured_media":6577,"comment_status":"open","ping_status":"closed","template":"","meta":{"_s2mail":""},"product_cat":[487,497],"product_tag":[886],"_links":{"self":[{"href":"https:\/\/sklep.aveos.pl\/index.php\/wp-json\/wp\/v2\/product\/6568"}],"collection":[{"href":"https:\/\/sklep.aveos.pl\/index.php\/wp-json\/wp\/v2\/product"}],"about":[{"href":"https:\/\/sklep.aveos.pl\/index.php\/wp-json\/wp\/v2\/types\/product"}],"replies":[{"embeddable":true,"href":"https:\/\/sklep.aveos.pl\/index.php\/wp-json\/wp\/v2\/comments?post=6568"}],"wp:featuredmedia":[{"embeddable":true,"href":"https:\/\/sklep.aveos.pl\/index.php\/wp-json\/wp\/v2\/media\/6577"}],"wp:attachment":[{"href":"https:\/\/sklep.aveos.pl\/index.php\/wp-json\/wp\/v2\/media?parent=6568"}],"wp:term":[{"taxonomy":"product_cat","embeddable":true,"href":"https:\/\/sklep.aveos.pl\/index.php\/wp-json\/wp\/v2\/product_cat?post=6568"},{"taxonomy":"product_tag","embeddable":true,"href":"https:\/\/sklep.aveos.pl\/index.php\/wp-json\/wp\/v2\/product_tag?post=6568"}],"curies":[{"name":"wp","href":"https:\/\/api.w.org\/{rel}","templated":true}]}}