{"id":6582,"date":"2022-10-21T16:06:43","date_gmt":"2022-10-21T14:06:43","guid":{"rendered":"https:\/\/sklep.aveos.pl\/?post_type=product&#038;p=6582"},"modified":"2023-06-01T13:46:51","modified_gmt":"2023-06-01T11:46:51","slug":"zestaw-nadajnik-odbiornik-flysky-fs-g7pr7p","status":"publish","type":"product","link":"https:\/\/sklep.aveos.pl\/index.php\/produkt\/zestaw-nadajnik-odbiornik-flysky-fs-g7pr7p\/","title":{"rendered":"Zestaw nadajnik + odbiornik FlySky FS-G7P+R7P"},"content":{"rendered":"<h3>Zestaw nadajnik + odbiornik FlySky FS-G7P+R7P<\/h3>\n<p>Jeste\u015b fanem modeli na zdalne sterowanie? Posiadasz samochodzik, \u0142\u00f3d\u017a czy robota? Zyskaj wi\u0119ksz\u0105 kontrol\u0119 z zestawem FlySky FS-G7P+R7P. Nadajnik i odbiornik posiadaj\u0105 2-kierunkow\u0105 komunikacj\u0119, dzi\u0119ki kt\u00f3rej mo\u017cesz odczytywa\u0107 dane z modelu w czasie rzeczywistym. Nadajnik oferuje przyjazny u\u017cytkownikowi, intuicyjny interfejs oraz port danych typu C. Wydajne zasilanie umo\u017cliwia prac\u0119 nawet do 10 godzin.<\/p>\n<p><img loading=\"lazy\" src=\"https:\/\/b2b.innpro.pl\/data\/include\/cms\/FlySky\/FS-G7PplusR7P\/11.jpg\" alt=\"\" width=\"1100\" height=\"700\" border=\"0\" \/><\/p>\n<p>&nbsp;<\/p>\n<h3>Szeroka funkcjonalno\u015b\u0107<\/h3>\n<p>Wydajny chip zapewnia wiele przydatnych funkcji. 2-kierunkowa komunikacja umo\u017cliwia przesy\u0142anie danych z modelu. S\u0105 to informacje o stanie na\u0142adowania, pr\u0119dko\u015bci, temperaturze czy napi\u0119ciu. Co wi\u0119cej, uzyskasz r\u00f3wnie\u017c dost\u0119p do programowania mikser\u00f3w \u2013 m.in. miksera sterowania czy 4WS.<\/p>\n<p><img loading=\"lazy\" src=\"https:\/\/b2b.innpro.pl\/data\/include\/cms\/FlySky\/FS-G7PplusR7P\/2.jpg\" alt=\"\" width=\"1100\" height=\"700\" border=\"0\" \/><\/p>\n<p>&nbsp;<\/p>\n<h3>Przyjazny u\u017cytkownikowi<\/h3>\n<p>Nadajnik cechuje si\u0119 przemy\u015blanym pod k\u0105tem wygody u\u017cytkowania designem. Oferuje prze\u0142\u0105czniki samoblokuj\u0105ce, pokr\u0119t\u0142a, prze\u0142\u0105cznik pi\u0119ciodro\u017cny czy przyciski resetu. Co wi\u0119cej, interfejs u\u017cytkownika zaprojektowano w spos\u00f3b czytelny, by\u015b m\u00f3g\u0142 rozpocz\u0105\u0107 korzystanie bez przymusu nauki skomplikowanych ustawie\u0144. Interfejs jest dost\u0119pny w 2 j\u0119zykach \u2013 angielskim i chi\u0144skim.<\/p>\n<p><img loading=\"lazy\" src=\"https:\/\/b2b.innpro.pl\/data\/include\/cms\/FlySky\/FS-G7PplusR7P\/4.jpg\" alt=\"\" width=\"1100\" height=\"700\" border=\"0\" \/><\/p>\n<p>&nbsp;<\/p>\n<h3>Wydajne zasilanie<\/h3>\n<p>Sp\u0119dzasz d\u0142ugie godziny ze swoim ulubionym modelem na zdalne sterowanie? Nie martw si\u0119 o kr\u00f3tk\u0105 prac\u0119 nadajnika! FC-G7P pobiera energi\u0119 z 4 baterii AA (1.5V) lub akumulatora 2S. Pozwala to osi\u0105gn\u0105\u0107 nawet 10 godzin ci\u0105g\u0142ego dzia\u0142ania, dzi\u0119ki czemu nie b\u0119dziesz musia\u0142 robi\u0107 niezamierzonych przerw.<\/p>\n<p><img loading=\"lazy\" src=\"https:\/\/b2b.innpro.pl\/data\/include\/cms\/FlySky\/FS-G7PplusR7P\/1.jpg\" alt=\"\" width=\"1100\" height=\"700\" border=\"0\" \/><\/p>\n<p>&nbsp;<\/p>\n<h3>Port danych typu C<\/h3>\n<p>Nadajnik wyposa\u017cono w port danych typu C. Umo\u017cliwia on aktualizacj\u0119 oprogramowania, pod\u0142\u0105czenie zewn\u0119trznego \u017ar\u00f3d\u0142a zasilania oraz zapewnia obs\u0142ug\u0119 gier i symulator\u00f3w, takich jak VRC, F1 2018\/2019, SANS, Spinning Tire, czy Eurocar.<\/p>\n<p><img loading=\"lazy\" src=\"https:\/\/b2b.innpro.pl\/data\/include\/cms\/FlySky\/FS-G7PplusR7P\/5.jpg\" alt=\"\" width=\"1100\" height=\"700\" border=\"0\" \/><\/p>\n<p>&nbsp;<\/p>\n<h3>Wi\u0119cej mo\u017cliwo\u015bci<\/h3>\n<p>Korzystaj\u0105c z aplikacji FlySky Assistant 3.0, otrzymasz dost\u0119p do aktualizacji oprogramowania, przechowywania oraz kopiowania danych pozyskiwanych z modelu. Nadajnik FS-G7P jest te\u017c kompatybilny z odbiornikami FS-R4P, FS-R4B, FS-R7P, HW-709, HW-711 oraz innymi odbiornikami, wykorzystuj\u0105cymi protok\u00f3\u0142 ANT.<\/p>\n<p><img loading=\"lazy\" src=\"https:\/\/b2b.innpro.pl\/data\/include\/cms\/FlySky\/FS-G7PplusR7P\/6.jpg\" alt=\"\" width=\"1100\" height=\"700\" border=\"0\" \/><\/p>\n<p>&nbsp;<\/p>\n<h3>Specyfikacja:<\/h3>\n<p>&nbsp;<\/p>\n<div class=\"table-wrapper\">\n<table>\n<tbody>\n<tr>\n<th>Producent<\/th>\n<td>FlySky<\/td>\n<\/tr>\n<tr>\n<th>Model<\/th>\n<td>FS-G7P+R7P<\/td>\n<\/tr>\n<tr>\n<th>Kana\u0142y<\/th>\n<td>7<\/td>\n<\/tr>\n<tr>\n<th>Modele<\/th>\n<td>Samoch\u00f3d, \u0142\u00f3d\u017a, robot<\/td>\n<\/tr>\n<tr>\n<th>Cz\u0119stotliwo\u015b\u0107 bezprzewodowa<\/th>\n<td>2.4G<\/td>\n<\/tr>\n<tr>\n<th>Moc nadawania<\/th>\n<td>&lt;20 dBm<\/td>\n<\/tr>\n<tr>\n<th>Protok\u00f3\u0142 bezprzewodowy<\/th>\n<td>ANT<\/td>\n<\/tr>\n<tr>\n<th>Zasi\u0119g<\/th>\n<td>&gt;300m (ziemia)<\/td>\n<\/tr>\n<tr>\n<th>Rozdzielczo\u015b\u0107 kana\u0142\u00f3w<\/th>\n<td>4096<\/td>\n<\/tr>\n<tr>\n<th>Zasilanie<\/th>\n<td>1,5AA x 4 lub 2S<\/td>\n<\/tr>\n<tr>\n<th>Port \u0142adowania<\/th>\n<td>Brak<\/td>\n<\/tr>\n<tr>\n<th>Alarm niskiego napi\u0119cia<\/th>\n<td>\uff1c4,2V \/ 7,2V<\/td>\n<\/tr>\n<tr>\n<th>Typ anteny<\/th>\n<td>Wbudowana, pojedyncza<\/td>\n<\/tr>\n<tr>\n<th>Port danych<\/th>\n<td>Typ C<\/td>\n<\/tr>\n<tr>\n<th>Zakres temperatur<\/th>\n<td>-10 \u2103 &#8211; + 60 \u2103<\/td>\n<\/tr>\n<tr>\n<th>Zakres wilgotno\u015bci<\/th>\n<td>20% -95%<\/td>\n<\/tr>\n<tr>\n<th>Aktualizacja online<\/th>\n<td>Tak<\/td>\n<\/tr>\n<tr>\n<th>Kolor<\/th>\n<td>Czarny<\/td>\n<\/tr>\n<tr>\n<th>Wymiary<\/th>\n<td>136,4 x 111,8 x 197,5 mm<\/td>\n<\/tr>\n<tr>\n<th>Waga<\/th>\n<td>305g<\/td>\n<\/tr>\n<tr>\n<th>Certyfikaty<\/th>\n<td>CE, FCC ID: N4ZG7P00<\/td>\n<\/tr>\n<\/tbody>\n<\/table>\n<\/div>\n","protected":false},"excerpt":{"rendered":"<div class=\"projector_row code code_wrapper\"><label>Kod produktu<\/label><\/p>\n<div>033186<\/div>\n<\/div>\n<div class=\"projector_row code_kzs code_wrapper\"><label>Kod producenta<\/label><\/p>\n<div id=\"kzs_val\">FS-G7P+R7P<\/div>\n<\/div>\n<div class=\"projector_row code_ean code_wrapper\"><label>Kod EAN<\/label><\/p>\n<div id=\"ean_val\">5907489609203<\/div>\n<\/div>\n<div class=\"projector_row warranty code_wrapper\"><label>Gwarancja producenta<\/label><\/p>\n<div>12 miesi\u0119cy.<\/div>\n<\/div>\n","protected":false},"featured_media":6591,"comment_status":"open","ping_status":"closed","template":"","meta":{"_s2mail":""},"product_cat":[918,497],"product_tag":[],"_links":{"self":[{"href":"https:\/\/sklep.aveos.pl\/index.php\/wp-json\/wp\/v2\/product\/6582"}],"collection":[{"href":"https:\/\/sklep.aveos.pl\/index.php\/wp-json\/wp\/v2\/product"}],"about":[{"href":"https:\/\/sklep.aveos.pl\/index.php\/wp-json\/wp\/v2\/types\/product"}],"replies":[{"embeddable":true,"href":"https:\/\/sklep.aveos.pl\/index.php\/wp-json\/wp\/v2\/comments?post=6582"}],"wp:featuredmedia":[{"embeddable":true,"href":"https:\/\/sklep.aveos.pl\/index.php\/wp-json\/wp\/v2\/media\/6591"}],"wp:attachment":[{"href":"https:\/\/sklep.aveos.pl\/index.php\/wp-json\/wp\/v2\/media?parent=6582"}],"wp:term":[{"taxonomy":"product_cat","embeddable":true,"href":"https:\/\/sklep.aveos.pl\/index.php\/wp-json\/wp\/v2\/product_cat?post=6582"},{"taxonomy":"product_tag","embeddable":true,"href":"https:\/\/sklep.aveos.pl\/index.php\/wp-json\/wp\/v2\/product_tag?post=6582"}],"curies":[{"name":"wp","href":"https:\/\/api.w.org\/{rel}","templated":true}]}}