{"id":6592,"date":"2022-10-26T18:15:56","date_gmt":"2022-10-26T16:15:56","guid":{"rendered":"https:\/\/sklep.aveos.pl\/?post_type=product&#038;p=6592"},"modified":"2023-11-20T15:12:45","modified_gmt":"2023-11-20T14:12:45","slug":"action-3-adv-combo","status":"publish","type":"product","link":"https:\/\/sklep.aveos.pl\/index.php\/produkt\/action-3-adv-combo\/","title":{"rendered":"Kamera DJI Osmo Action 3 Adventure Combo"},"content":{"rendered":"<h3><img loading=\"lazy\" src=\"https:\/\/b2b.innpro.pl\/data\/include\/cms\/12DJI\/DJI-Action-3-Adventure\/13.jpg\" alt=\"\" width=\"1000\" height=\"637\" border=\"0\" \/><\/h3>\n<h3><img loading=\"lazy\" src=\"https:\/\/b2b.innpro.pl\/data\/include\/cms\/12DJI\/DJI-Action-3-Adventure\/14.jpg\" alt=\"\" width=\"1000\" height=\"637\" border=\"0\" \/><\/h3>\n<h3>DJI Osmo Action 3 Adventure Combo &#8211; Beyond the Edge<\/h3>\n<p>Przekraczaj granice i tw\u00f3rz zapieraj\u0105ce dech w piersiach filmy 4K\/120FPS z elektroniczn\u0105 stabilizacj\u0105 obrazu. Nowa kamera DJI Osmo Action 3 zosta\u0142a wyposa\u017cona w a\u017c 2 ekrany dotykowe, wyr\u00f3\u017cnia si\u0119 tak\u017ce wysok\u0105 odporno\u015bci\u0105 na zimno i d\u0142ugim czasem pracy. Mo\u017cesz wi\u0119c bez obaw korzysta\u0107 z niej nawet w wyj\u0105tkowo wymagaj\u0105cych warunkach! Co wi\u0119cej, za spraw\u0105 ulepszonej konstrukcji z \u0142atwo\u015bci\u0105 przymocujesz j\u0105 do wybranego uchwytu i bez problemu ustawisz j\u0105 zar\u00f3wno w pionie, jak i w poziomie. Nadaj swoim filmom unikalny charakter za pomoc\u0105 aplikacji LightCut lub DJI Mimo, kontroluj kamer\u0119 g\u0142osem i uchwy\u0107 pi\u0119kno podwodnego \u015bwiata dzi\u0119ki wodoodporno\u015bci do 16 m!<\/p>\n<p><img loading=\"lazy\" src=\"https:\/\/b2b.innpro.pl\/data\/include\/cms\/12DJI\/DJI-Action-3-Adventure\/3.jpg\" alt=\"\" width=\"1100\" height=\"700\" border=\"0\" \/><\/p>\n<p>&nbsp;<\/p>\n<h3>Wyj\u0105tkowa jako\u015b\u0107 obrazu<\/h3>\n<p>Daj si\u0119 zaskoczy\u0107 fantastyczn\u0105 jako\u015bci\u0105 obrazu. Kamera Action 3 zosta\u0142a wyposa\u017cona w 1\/1,7-calow\u0105 matryc\u0119 i pozwala nagrywa\u0107 spektakularne filmy 4K\/120FPS. Wyr\u00f3\u017cnia si\u0119 tak\u017ce superszerokim polem widzenia 155\u00b0, kt\u00f3re sprawi, \u017ce ka\u017cde uj\u0119cie b\u0119dzie jeszcze bardziej wyj\u0105tkowe. Zale\u017cy Ci na wiernym odwzorowaniu kolor\u00f3w? Action 3 spieszy z pomoc\u0105! Urz\u0105dzenie ma wbudowany czujnik temperatury barwowej, kt\u00f3rego zadaniem jest inteligentna regulacja balansu bieli i AE. W efekcie mo\u017cesz cieszy\u0107 si\u0119 \u017cyw\u0105, pi\u0119kn\u0105 kolorystyk\u0105, nawet gdy nagrywasz w skomplikowanych warunkach o\u015bwietleniowych &#8211; na przyk\u0142ad nurkuj\u0105c g\u0142\u0119boko pod powierzchni\u0105.<\/p>\n<p><img loading=\"lazy\" src=\"https:\/\/b2b.innpro.pl\/data\/include\/cms\/12DJI\/DJI-Action-3-Adventure\/4.jpg\" alt=\"\" width=\"1100\" height=\"700\" border=\"0\" \/><\/p>\n<p>&nbsp;<\/p>\n<h3>Zaawansowane technologie EIS<\/h3>\n<p>Zapewnij sobie niezawodn\u0105 stabilizacj\u0119 obrazu. Najnowsza technologia RockSteady 3.0 wykorzystuje kolejn\u0105 generacj\u0119 inteligentnych algorytm\u00f3w, dzi\u0119ki czemu skutecznie redukuje wstrz\u0105sy kamery. Mo\u017cesz wi\u0119c nagrywa\u0107 niewiarygodnie p\u0142ynne materia\u0142y 4K\/120 FPS! To jednak nie koniec! Dost\u0119pna jest r\u00f3wnie\u017c technologia HorizonSteady, kt\u00f3ra pomaga eliminowa\u0107 drgania i koryguje pochylenie w poziomie pod ka\u017cdym k\u0105tem. To oznacza, \u017ce Twoje filmy mog\u0105 by\u0107 wyr\u00f3wnane horyzontalnie nawet przy silnych wstrz\u0105sach i obrotach o 360\u00b0. Action 3 oferuje te\u017c funkcj\u0119 HorizonBalancing. Do jej zada\u0144 nale\u017cy korygowanie pochylenia w poziomie w zakresie \u00b145\u00b0. Pozwala te\u017c nagrywa\u0107 stabilne filmy 4K\/60FPS.<\/p>\n<p><img loading=\"lazy\" src=\"https:\/\/b2b.innpro.pl\/data\/include\/cms\/12DJI\/DJI-Action-3-Adventure\/1.jpg\" alt=\"\" width=\"1100\" height=\"700\" border=\"0\" \/><\/p>\n<p>&nbsp;<\/p>\n<h3>Zadbaj o wysok\u0105 jako\u015b\u0107 d\u017awi\u0119ku<\/h3>\n<p>Nagrywaj filmy, kt\u00f3re b\u0119d\u0105 zachwyca\u0107 nie tylko doskona\u0142ej jako\u015bci obrazem, ale te\u017c czystym, naturalnym d\u017awi\u0119kiem. Action 3 ma wbudowany mikrofon, kt\u00f3ry bez problemu t\u0142umi nawet szum wiatru. Dzi\u0119ki temu idealnie sprawdzi si\u0119 r\u00f3wnie\u017c podczas filmowania w ruchu lub na dworze! Mo\u017cesz te\u017c regulowa\u0107 kierunek odbioru. Zale\u017cy Ci na jeszcze lepszej jako\u015bci d\u017awi\u0119ku? Nie ma problemu! Kamera jest kompatybilna z przeno\u015bnym systemem audio DJI Mic. Pozwala te\u017c pod\u0142\u0105czy\u0107 inny mikrofon zewn\u0119trzny za pomoc\u0105 kabla USB-C do 3,5 mm. Na uwag\u0119 zas\u0142uguje r\u00f3wnie\u017c fakt, \u017ce dzi\u0119ki wysokiej jako\u015bci obrazu i d\u017awi\u0119ku, Action 3 sprawdzi si\u0119 si\u0119 tak\u017ce w roli kamerki internetowej.<\/p>\n<p><img loading=\"lazy\" src=\"https:\/\/b2b.innpro.pl\/data\/include\/cms\/12DJI\/DJI-Action-3-Adventure\/6.jpg\" alt=\"\" width=\"1100\" height=\"700\" border=\"0\" \/><\/p>\n<p>&nbsp;<\/p>\n<h3>U\u0142atwiona obs\u0142uga &#8211; kontrola g\u0142osem i 2 ekrany dotykowe<\/h3>\n<p>Ciesz si\u0119 wygodn\u0105 obs\u0142ug\u0105 kamery &#8211; nawet gdy jest zamontowana poza zasi\u0119giem wzroku lub masz zaj\u0119te r\u0119ce. Action 3 obs\u0142uguje komunikaty i komendy g\u0142osowe, mo\u017cesz wi\u0119c w ka\u017cdej chwili pozna\u0107 aktualnie u\u017cywany tryb lub zmieni\u0107 ustawienia. Wystarczy kilka s\u0142\u00f3w! Ju\u017c nigdy nie przegapisz okazji do wykonania unikalnego uj\u0119cia. Co wi\u0119cej, oba ekrany urz\u0105dzenia s\u0105 dotykowe. Przedni wy\u015bwietlacz u\u0142atwi Ci kadrowanie selfie, sprawdzi si\u0119 te\u017c podczas nagrywania vlog\u00f3w. Umo\u017cliwia tak\u017ce szybkie dostosowanie ustawie\u0144 i odtwarzanie wideo &#8211; ju\u017c nie musisz za ka\u017cdym razem obraca\u0107 kamery!<\/p>\n<p><img loading=\"lazy\" src=\"https:\/\/b2b.innpro.pl\/data\/include\/cms\/12DJI\/DJI-Action-3-Adventure\/9.jpg\" alt=\"\" width=\"1100\" height=\"700\" border=\"0\" \/><\/p>\n<p>&nbsp;<\/p>\n<h3>Dopracowana konstrukcja<\/h3>\n<p>Teraz mo\u017cesz z \u0142atwo\u015bci\u0105 zamontowa\u0107 kamer\u0119 na wybranym uchwycie lub mocowaniu, a w razie potrzeby szybko wymieni\u0107 akcesoria. Urz\u0105dzenie wyr\u00f3\u017cnia si\u0119 ulepszon\u0105 konstrukcj\u0105, co sprawia, \u017ce jest wyj\u0105tkowo proste w instalacji i demonta\u017cu. Ponadto poziomo-pionowa ramka ochronna pozwala w mgnieniu oka prze\u0142\u0105czy\u0107 si\u0119 na nagrywanie w pionie. Dzi\u0119ki temu bez problemu stworzysz doskona\u0142y materia\u0142 do swoich medi\u00f3w spo\u0142eczno\u015bciowych! Co wi\u0119cej, udoskonalony design, imponuj\u0105ca si\u0142a magnetyczna i dodatkowy klips zapewniaj\u0105 kamerze wi\u0119ksz\u0105 stabilno\u015b\u0107, odporno\u015b\u0107 na uderzenia i wytrzyma\u0142o\u015b\u0107.<\/p>\n<p><img loading=\"lazy\" src=\"https:\/\/b2b.innpro.pl\/data\/include\/cms\/12DJI\/DJI-Action-3-Adventure\/8.jpg\" alt=\"\" width=\"1100\" height=\"700\" border=\"0\" \/><\/p>\n<p>&nbsp;<\/p>\n<h3>Sprawdzi si\u0119 w ka\u017cdych warunkach<\/h3>\n<p>Nagrywaj, gdzie chcesz i jak d\u0142ugo chcesz. Action 3 bez problemu radzi sobie nawet w niskich temperaturach do -20\u00b0C &#8211; w takich warunkach zapewnia czas pracy na poziomie oko\u0142o 150 minut. W bardziej sprzyjaj\u0105cych okoliczno\u015bciach umo\u017cliwia nagrywanie nawet przez 160 minut. Co wi\u0119cej, kamera obs\u0142uguje szybkie \u0142adowanie. Wystarczy oko\u0142o 18 minut, aby na\u0142adowa\u0107 j\u0105 do 80% i filmowa\u0107 przez kolejne 2 godziny! Action 3 pozwala te\u017c nagrywa\u0107 pod wod\u0105 &#8211; wyr\u00f3\u017cnia si\u0119 wodoodporno\u015bci\u0105 do 16 m. Ponadto oba ekrany urz\u0105dzenia zosta\u0142y wykonane z wytrzyma\u0142ego szk\u0142a Gorilla Glass, kt\u00f3re jest odporne na upadek z wysoko\u015bci nawet 1,5 m. Pokryto je tak\u017ce pow\u0142ok\u0105 hydrofobow\u0105.<\/p>\n<p><img loading=\"lazy\" src=\"https:\/\/b2b.innpro.pl\/data\/include\/cms\/12DJI\/DJI-Action-3-Adventure\/11.jpg\" alt=\"\" width=\"1100\" height=\"700\" border=\"0\" \/><\/p>\n<p>&nbsp;<\/p>\n<h3>Edytuj filmy za pomoc\u0105 kilku klikni\u0119\u0107<\/h3>\n<p>Nadaj swoim filmom niepowtarzalny charakter. Wypr\u00f3buj aplikacj\u0119 DJI Mimo, kt\u00f3ra oferuje mi\u0119dzy innymi funkcj\u0119 InvisiStick for Skiing umo\u017cliwiaj\u0105c\u0105 szybkie usuwanie selfie sticka z nagranych materia\u0142\u00f3w. Dzi\u0119ki temu bez trudu stworzysz oryginalne uj\u0119cie, p\u0119dz\u0105c na nartach lub snowboardzie! Action 3 obs\u0142uguje te\u017c transmisj\u0119 na \u017cywo przez WiFi, pozwoli wi\u0119c zabra\u0107 Twoich widz\u00f3w w samo centrum wydarze\u0144. Dost\u0119pna jest tak\u017ce aplikacja LightCut, kt\u00f3ra zosta\u0142a zoptymalizowana pod k\u0105tem pracy z now\u0105 kamer\u0105 DJI. Automatycznie wybiera klipy i \u0142\u0105czy je z szablonami, a nast\u0119pnie generuje oryginalne filmy, kt\u00f3rymi mo\u017cesz od razu podzieli\u0107 si\u0119 ze znajomymi!<\/p>\n<p><img loading=\"lazy\" src=\"https:\/\/b2b.innpro.pl\/data\/include\/cms\/12DJI\/DJI-Action-3-Adventure\/5.jpg\" alt=\"\" width=\"1100\" height=\"700\" border=\"0\" \/><\/p>\n<p>&nbsp;<\/p>\n<h3>Mn\u00f3stwo dodatkowych akcesori\u00f3w<\/h3>\n<p>Wypr\u00f3buj dost\u0119pne w oddzielnej sprzeda\u017cy akcesoria i u\u0142atw sobie nagrywanie spektakularnych materia\u0142\u00f3w. Chcesz filmowa\u0107 podczas nurkowania? Skorzystaj z obudowy wodoodpornej, kt\u00f3ra pozwoli Ci bezpiecznie zanurzy\u0107 kamer\u0119 na g\u0142\u0119boko\u015b\u0107 do 60 m! Mo\u017cesz te\u017c zaopatrzy\u0107 si\u0119 w wykonan\u0105 ze szk\u0142a Gorilla Glass os\u0142on\u0119 ochronn\u0105 obiektywu, uchwyt wyporno\u015bciowy, mocowanie na przyssawk\u0119, \u0142adowark\u0119 USB-C 30 W, baz\u0119 samoprzylepn\u0105, uchwyt podbr\u00f3dkowy do kasku i mocowanie na kierownic\u0119. Dost\u0119pne s\u0105 tak\u017ce zestawy akcesori\u00f3w, kt\u00f3re z powodzeniem wykorzystasz na przyk\u0142ad do nagrywania pod wod\u0105 lub podczas jazdy na rowerze.<\/p>\n<p><img loading=\"lazy\" src=\"https:\/\/b2b.innpro.pl\/data\/include\/cms\/12DJI\/DJI-Action-3-Adventure\/12.jpg\" alt=\"\" width=\"1100\" height=\"700\" border=\"0\" \/><\/p>\n<p>&nbsp;<\/p>\n<h3>Rozszerzony zestaw Adventure Combo<\/h3>\n<p>Zyskaj wi\u0119cej mo\u017cliwo\u015bci nagrywania ju\u017c na starcie. Rozszerzony zestaw Osmo Action 3 Adventure Combo opr\u00f3cz podstawowego wyposa\u017cenia zawiera kilka dodatkowych akcesori\u00f3w. Znajdziesz w nim mi\u0119dzy innymi wi\u0119cej akumulator\u00f3w, a tak\u017ce przeznaczone do ich \u0142adowania i przechowywania etui, kt\u00f3re w po\u0142\u0105czeniu z nimi sprawdzi si\u0119 te\u017c w roli powerbanku. Oferuje r\u00f3wnie\u017c miejsce na 2 karty microSD. To jednak nie koniec niespodzianek! Rozszerzony zestaw zawiera tak\u017ce wysi\u0119gnik teleskopowy 1,5 m, za pomoc\u0105 kt\u00f3rego bez trudu zrobisz sobie wspania\u0142e selfie lub wypr\u00f3bujesz r\u00f3\u017cne k\u0105ty nagrywania. Jego d\u0142ugo\u015b\u0107 mo\u017cna regulowa\u0107 w zakresie 0,3-1,5 m.<\/p>\n<p><img loading=\"lazy\" src=\"https:\/\/b2b.innpro.pl\/data\/include\/cms\/12DJI\/DJI-Action-3-Adventure\/10.jpg\" alt=\"\" width=\"1100\" height=\"700\" border=\"0\" \/><\/p>\n<p>&nbsp;<\/p>\n<h3>W zestawie<\/h3>\n<ul>\n<li>Kamera Osmo Action 3 x1<\/li>\n<li>Akumulator Osmo Action 3 Extreme Battery x3<\/li>\n<li>Poziomo-pionowa ramka ochronna x1<\/li>\n<li>Gumowa os\u0142ona obiektywu x2<\/li>\n<li>Mocowanie adaptera z szybkoz\u0142\u0105czk\u0105 x2<\/li>\n<li>P\u0142aska baza samoprzylepna Osmo x1<\/li>\n<li>\u015aruba blokuj\u0105ca Osmo x2<\/li>\n<li>Kabel PD USB-C do USB-C x1<\/li>\n<li>Wielofunkcyjne etui na akumulatory Osmo Action 3 x1<\/li>\n<li>Wysi\u0119gnik teleskopowy 1,5 m x1<\/li>\n<li>Naklejka z logo DJI x2<\/li>\n<li>Przewodnik Szybki Start x1<\/li>\n<li>Disclaimer x1<\/li>\n<li>Karta gwarancyjna x1<\/li>\n<\/ul>\n<h3>Specyfikacja:<\/h3>\n<h3><strong>Og\u00f3lne<\/strong><\/h3>\n<div class=\"table-wrapper\">\n<div class=\"table-wrapper\">\n<table>\n<tbody>\n<tr>\n<th>Wymiary (D x S x W)<\/th>\n<td>70,5 x 44,2 x 32,8 mm<\/td>\n<\/tr>\n<tr>\n<th>Waga<\/th>\n<td>145 g<\/td>\n<\/tr>\n<tr>\n<th>Wodoodporno\u015b\u0107<\/th>\n<td>Do 16 m [1] bez obudowy wodoodpornej, do 60 m z obudow\u0105 wodoodporn\u0105<\/td>\n<\/tr>\n<tr>\n<th>Liczba mikrofon\u00f3w<\/th>\n<td>3<\/td>\n<\/tr>\n<tr>\n<th>Ekrany dotykowe<\/th>\n<td>Przedni ekran: 1,4 cala, 326 ppi, 320&#215;320<br \/>\nTylny ekran: 2,25 cala, 326 ppi, 360&#215;640<br \/>\nJasno\u015b\u0107 przedniego \/ tylnego ekranu 750 \u00b150 cd\/m2<\/td>\n<\/tr>\n<tr>\n<th>Obs\u0142ugiwane karty SD<\/th>\n<td>microSD (do 256 GB)<\/td>\n<\/tr>\n<tr>\n<th>Zalecane karty microSD<\/th>\n<td>Zalecane modele: SanDisk Extreme 32GB V30 A2 UHS-I Speed Grade 3 SanDisk Extreme Pro 32GB V30 A2 UHS-I Speed Grade 3 Kingston Canvas Go!Plus 64GB UHS-I Speed Grade 3 Kingston Canvas Go!Plus 128GB UHS-I Speed Grade 3 Kingston Canvas React Plus 64GB UHS-II Speed Grade 3 Kingston Canvas React Plus 128GB UHS-II Speed Grade 3 Kingston Canvas React Plus 256GB UHS-II Speed Grade 3 Samsung Pro Plus 256GB V30 A2 UHS-I Speed Grade 3<\/td>\n<\/tr>\n<\/tbody>\n<\/table>\n<\/div>\n<h3>Kamera<\/h3>\n<div class=\"table-wrapper\">\n<table>\n<tbody>\n<tr>\n<th>Matryca<\/th>\n<td>1\/1,7- calowa, CMOS<\/td>\n<\/tr>\n<tr>\n<th>Obiektyw<\/th>\n<td>FOV: 155\u00b0<br \/>\nPrzys\u0142ona: f\/2.8<br \/>\nEkwiwalent: 12,7 mm<br \/>\nZakres ostro\u015bci: 0,3 m do \u221e<\/td>\n<\/tr>\n<tr>\n<th>Zakres ISO<\/th>\n<td>Zdj\u0119cia: 100-12800<br \/>\nWideo: 100-12800<\/td>\n<\/tr>\n<tr>\n<th>Czas otwarcia migawki elektronicznej<\/th>\n<td>Zdj\u0119cia: 1\/8000-30 s<br \/>\nWideo: 1\/8000 s do limitu liczby klatek na sekund\u0119<\/td>\n<\/tr>\n<tr>\n<th>Maks. rozdzielczo\u015b\u0107 zdj\u0119\u0107<\/th>\n<td>4000&#215;3000<\/td>\n<\/tr>\n<tr>\n<th>Zoom<\/th>\n<td>Zoom cyfrowy<br \/>\nZdj\u0119cia: 4x<br \/>\nWideo: 2x (&gt; 60FPS), 3x (\u2264 60 FPS, funkcja HorizonSteady w\u0142\u0105czona), 4x (\u226460FPS, funkcja HorizonSteady wy\u0142\u0105czona) Slow Motion \/ Timelapse: niedost\u0119pne<\/td>\n<\/tr>\n<tr>\n<th>Tryby zdj\u0119\u0107<\/th>\n<td>Single: 12 MP<br \/>\nCountdown: wy\u0142\u0105czony \/ 0,5 \/ 1 \/ 2 \/ 3 \/ 5 \/ 10 s<\/td>\n<\/tr>\n<tr>\n<th>Rozdzielczo\u015b\u0107 wideo<\/th>\n<td>4K (4:3): 4096\u00d73072 @ 24\/25\/30\/48\/50\/60FPS 4K (16:9): 3840\u00d72160 @ 100\/120FPS 4K (16:9): 3840\u00d72160 @ 24\/25\/30\/48\/50\/60FPS 2.7K (4:3): 2688\u00d72016 @ 24\/25\/30\/48\/50\/60FPS 2.7K (16:9): 2688\u00d71512 @ 100\/120FPS 2.7K (16:9): 2688\u00d71512 @ 24\/25\/30\/48\/50\/60FPS 1080p (16:9): 1920\u00d71080 @ 100\/120\/200\/240FPS 1080p (16:9): 1920\u00d71080 @ 24\/25\/30\/48\/50\/60FPS<\/td>\n<\/tr>\n<tr>\n<th>Slow Motion<\/th>\n<td>4K: 4x (120FPS)<br \/>\n2.7K: 4x (120FPS)<br \/>\n1080p: 8x (240FPS), 4x (120FPS)<\/td>\n<\/tr>\n<tr>\n<th>Hyperlapse<\/th>\n<td>4K \/ 2.7K \/ 1080p: Auto \/ 2x \/ 5x \/ 10x \/ 15x \/ 30x<\/td>\n<\/tr>\n<tr>\n<th>Timelapse<\/th>\n<td>4K \/ 2.7K \/ 1080p @ 30FPS<br \/>\nInterwa\u0142y: 0,5\/1\/2\/3\/4\/5\/6\/7\/8\/10\/13\/15\/20\/25\/30\/40 s<br \/>\nCzas trwania: 5\/10\/20\/30 min, 1\/2\/3\/5 h, \u221e<\/td>\n<\/tr>\n<tr>\n<th>Stabilizacja<\/th>\n<td>Elektroniczna stabilizacja obrazu (EIS) [2]<br \/>\nRockSteady 3.0<br \/>\nHorizonBalancing<br \/>\nHorizonSteady<\/td>\n<\/tr>\n<tr>\n<th>Maks. bitrate wideo<\/th>\n<td>130 Mbps<\/td>\n<\/tr>\n<tr>\n<th>Obs\u0142ugiwany system plik\u00f3w<\/th>\n<td>exFAT<\/td>\n<\/tr>\n<tr>\n<th>Format zdj\u0119\u0107<\/th>\n<td>JPEG \/ RAW<\/td>\n<\/tr>\n<tr>\n<th>Format wideo<\/th>\n<td>MP4 (H.264 \/ HEVC)<\/td>\n<\/tr>\n<tr>\n<th>Pojemno\u015b\u0107 pami\u0119ci wbudowanej<\/th>\n<td>Kamera nie ma wbudowanej pami\u0119ci. Istnieje jednak mo\u017cliwo\u015b\u0107 poszerzenia pojemno\u015bci za pomoc\u0105 karty microSD.<\/td>\n<\/tr>\n<tr>\n<th>Wyj\u015bcie audio<\/th>\n<td>48 kHz, AAC<\/td>\n<\/tr>\n<\/tbody>\n<\/table>\n<h3><strong>Akumulator<\/strong><\/h3>\n<\/div>\n<\/div>\n<div class=\"table-wrapper\">\n<table>\n<tbody>\n<tr>\n<th>Rodzaj<\/th>\n<td>LiPo 1S<\/td>\n<\/tr>\n<tr>\n<th>Pojemno\u015b\u0107<\/th>\n<td>1770 mAh<\/td>\n<\/tr>\n<tr>\n<th>Energia<\/th>\n<td>6,8 Wh<\/td>\n<\/tr>\n<tr>\n<th>Napi\u0119cie<\/th>\n<td>3,85 V<\/td>\n<\/tr>\n<tr>\n<th>Temperatura pracy<\/th>\n<td>-20\u00b0C &#8211; 45\u00b0C (-4\u00b0F &#8211; 113\u00b0F)<\/td>\n<\/tr>\n<tr>\n<th>Temperatura \u0142adowania<\/th>\n<td>5\u00b0C &#8211; 40\u00b0C (41\u00b0F &#8211; 104\u00b0F)<\/td>\n<\/tr>\n<tr>\n<th>Czas pracy<\/th>\n<td>Ok. 160 min [3]<\/td>\n<\/tr>\n<\/tbody>\n<\/table>\n<h3><strong>\u0141\u0105czno\u015b\u0107<\/strong><\/h3>\n<table>\n<tbody>\n<tr>\n<th>Cz\u0119stotliwo\u015b\u0107 robocza Wi-Fi<\/th>\n<td>2,400-2,4835 GHz<br \/>\n5,150-5,250 GHz<br \/>\n5,725-5,850 GHz<\/td>\n<\/tr>\n<tr>\n<th>Protok\u00f3\u0142 Wi-Fi<\/th>\n<td>802.11 a\/b\/g\/n\/ac<\/td>\n<\/tr>\n<tr>\n<th>Moc transmisji Wi-Fi (EIRP)<\/th>\n<td>2,4 GHz: &lt; 16 dBm (FCC \/ CE \/ SRRC \/ MIC)<br \/>\n5,1 GHz &lt; 14 dBm (FCC \/ CE \/ SRRC \/ MIC)<br \/>\n5,8 GHz &lt; 14 dBm (FCC \/ CE \/ SRRC)<\/td>\n<\/tr>\n<tr>\n<th>Cz\u0119stotliwo\u015b\u0107 robocza Bluetooth<\/th>\n<td>2,400-2,4835 GHz<\/td>\n<\/tr>\n<tr>\n<th>Moc transmisji Bluetooth (EIRP)<\/th>\n<td>&lt; 4 dBm<\/td>\n<\/tr>\n<tr>\n<th>Protok\u00f3\u0142 Bluetooth<\/th>\n<td>BLE 5.0<\/td>\n<\/tr>\n<tr>\n<th>Przypisy<\/th>\n<td>1. Przed u\u017cyciem zamknij os\u0142on\u0119 gniazda na akumulator i os\u0142on\u0119 portu USB-C, a nast\u0119pnie doci\u015bnij os\u0142on\u0119 ochronn\u0105 obiektywu. W wypadku d\u0142ugotrwa\u0142ego nagrywania pod wod\u0105 lub w \u015brodowiskach o wysokim poziomie ci\u015bnienia wody zaleca si\u0119 korzystanie z obudowy wodoodpornej. Obudowa wodooporna zapewnia kamerze stopie\u0144 ochrony IP68. Nie nale\u017cy u\u017cywa\u0107 kamery w gor\u0105cych \u017ar\u00f3d\u0142ach ani nara\u017ca\u0107 jej na dzia\u0142anie substancji \u017cr\u0105cych. 2. Elektroniczna stabilizacja obrazu (EIS) nie jest obs\u0142ugiwana w trybach Slow Motion i Timelapse. Funkcja HorizonSteady jest dost\u0119pna tylko podczas nagrywania film\u00f3w 1080p (16:9) lub 2.7K (16:9) z liczb\u0105 klatek na sekund\u0119 60 FPS lub ni\u017csz\u0105. Funkcja HorizonBalancing jest dost\u0119pna tylko podczas nagrywania film\u00f3w 1080p (16:9), 2.7K (16:9) lub 4K (16:9) z liczb\u0105 klatek na sekund\u0119 60 FPS lub ni\u017csz\u0105. 3. Przetestowano przy 25\u00b0C, w \u015brodowisku laboratoryjnym, podczas nagrywania filmu 1080p\/30FPS, przy wy\u0142\u0105czonej elektronicznej stabilizacji obrazu i wy\u0142\u0105czonych ekranach. Podane informacje nale\u017cy traktowa\u0107 wy\u0142\u0105cznie jako punkt odniesienia.<\/td>\n<\/tr>\n<\/tbody>\n<\/table>\n<\/div>\n","protected":false},"excerpt":{"rendered":"<div class=\"projector_row code_kzs code_wrapper\"><label>Kod producenta<\/label><\/p>\n<div id=\"kzs_val\">CP.OS.00000221.01<\/div>\n<\/div>\n<div class=\"projector_row warranty code_wrapper\"><label>Gwarancja producenta<\/label><\/p>\n<div>24 miesi\u0105ce.<\/div>\n<\/div>\n","protected":false},"featured_media":6598,"comment_status":"open","ping_status":"closed","template":"","meta":{"_s2mail":""},"product_cat":[919,497],"product_tag":[920,543],"_links":{"self":[{"href":"https:\/\/sklep.aveos.pl\/index.php\/wp-json\/wp\/v2\/product\/6592"}],"collection":[{"href":"https:\/\/sklep.aveos.pl\/index.php\/wp-json\/wp\/v2\/product"}],"about":[{"href":"https:\/\/sklep.aveos.pl\/index.php\/wp-json\/wp\/v2\/types\/product"}],"replies":[{"embeddable":true,"href":"https:\/\/sklep.aveos.pl\/index.php\/wp-json\/wp\/v2\/comments?post=6592"}],"wp:featuredmedia":[{"embeddable":true,"href":"https:\/\/sklep.aveos.pl\/index.php\/wp-json\/wp\/v2\/media\/6598"}],"wp:attachment":[{"href":"https:\/\/sklep.aveos.pl\/index.php\/wp-json\/wp\/v2\/media?parent=6592"}],"wp:term":[{"taxonomy":"product_cat","embeddable":true,"href":"https:\/\/sklep.aveos.pl\/index.php\/wp-json\/wp\/v2\/product_cat?post=6592"},{"taxonomy":"product_tag","embeddable":true,"href":"https:\/\/sklep.aveos.pl\/index.php\/wp-json\/wp\/v2\/product_tag?post=6592"}],"curies":[{"name":"wp","href":"https:\/\/api.w.org\/{rel}","templated":true}]}}