{"id":6600,"date":"2022-10-27T13:34:55","date_gmt":"2022-10-27T11:34:55","guid":{"rendered":"https:\/\/sklep.aveos.pl\/?post_type=product&#038;p=6600"},"modified":"2022-11-05T14:01:21","modified_gmt":"2022-11-05T13:01:21","slug":"savox-15kg","status":"publish","type":"product","link":"https:\/\/sklep.aveos.pl\/index.php\/produkt\/savox-15kg\/","title":{"rendered":"Serwo Savox SV-1254 MG 46g (15kg\/ 0,085sec)"},"content":{"rendered":"<p><strong>SC-0253MG<\/strong>\u00a0to bezszczotkowe serwo renomowanej firmy Savox. Bardzo dobre parametry techniczne, wygl\u0105d zewn\u0119trzny na 5+, niewielkie wymiary (doskona\u0142e do pojazd\u00f3w 1\/10), stosunkowo niska cena, czyli jednym s\u0142owem: produkt godny polecenia &#8230;<\/p>\n<p><strong>Dane techniczne:<\/strong><\/p>\n<ul>\n<li>zasilanie: 6V &#8211; 7,4V<\/li>\n<li>moment ca\u0142kowity (Kg\/cm): 12kg. (6V) \/ 15kg. (7,4V)<\/li>\n<li>pr\u0119dko\u015b\u0107 (sek\/60)&#8221;:\u00a00,11sec. (6V) \/\u00a00,085sec. (7,4V)<\/li>\n<li>wymiary: 40,8&#215;20,2&#215;25,4 mm.<\/li>\n<li>waga (g):\u00a046<\/li>\n<li>z\u0119batki:\u00a0Steel<\/li>\n<li>ilo\u015b\u0107 \u0142o\u017cysk: 1BB<\/li>\n<\/ul>\n","protected":false},"excerpt":{"rendered":"<div class=\"projector_row code_kzs code_wrapper\"><label>Kod producenta<\/label><\/p>\n<div id=\"kzs_val\">1SV25181<\/div>\n<\/div>\n<div class=\"projector_row code_ean code_wrapper\"><label>Kod EAN<\/label><\/p>\n<div id=\"ean_val\">4710006993379<\/div>\n<\/div>\n","protected":false},"featured_media":6601,"comment_status":"open","ping_status":"closed","template":"","meta":{"_s2mail":""},"product_cat":[918],"product_tag":[876,572,921],"_links":{"self":[{"href":"https:\/\/sklep.aveos.pl\/index.php\/wp-json\/wp\/v2\/product\/6600"}],"collection":[{"href":"https:\/\/sklep.aveos.pl\/index.php\/wp-json\/wp\/v2\/product"}],"about":[{"href":"https:\/\/sklep.aveos.pl\/index.php\/wp-json\/wp\/v2\/types\/product"}],"replies":[{"embeddable":true,"href":"https:\/\/sklep.aveos.pl\/index.php\/wp-json\/wp\/v2\/comments?post=6600"}],"wp:featuredmedia":[{"embeddable":true,"href":"https:\/\/sklep.aveos.pl\/index.php\/wp-json\/wp\/v2\/media\/6601"}],"wp:attachment":[{"href":"https:\/\/sklep.aveos.pl\/index.php\/wp-json\/wp\/v2\/media?parent=6600"}],"wp:term":[{"taxonomy":"product_cat","embeddable":true,"href":"https:\/\/sklep.aveos.pl\/index.php\/wp-json\/wp\/v2\/product_cat?post=6600"},{"taxonomy":"product_tag","embeddable":true,"href":"https:\/\/sklep.aveos.pl\/index.php\/wp-json\/wp\/v2\/product_tag?post=6600"}],"curies":[{"name":"wp","href":"https:\/\/api.w.org\/{rel}","templated":true}]}}