{"id":6602,"date":"2022-10-27T13:39:51","date_gmt":"2022-10-27T11:39:51","guid":{"rendered":"https:\/\/sklep.aveos.pl\/?post_type=product&#038;p=6602"},"modified":"2023-07-15T12:38:57","modified_gmt":"2023-07-15T10:38:57","slug":"serwo-srt","status":"publish","type":"product","link":"https:\/\/sklep.aveos.pl\/index.php\/produkt\/serwo-srt\/","title":{"rendered":"Serwo bezszczotkowe SRT BH6027 HV 65g (25kg\/ 0,08sec)"},"content":{"rendered":"<p>Serwomechanizmy cyfrowe marki SRT to \u015bwiatowa czo\u0142\u00f3wka poz wzgl\u0119dem jako\u015bci i wytrzyma\u0142o\u015bci produkt\u00f3w. Korzystaj\u0105 z nich najlepsi zawodnicy na \u015bwiecie.<\/p>\n<p><strong>Dane techniczne:<\/strong><\/p>\n<ul>\n<li>zasilanie:\u00a06V &#8211; 8,4V<\/li>\n<li>moment ca\u0142kowity (Kg\/cm): 21\u00a0(6,0V) \/ 25,0kg. (7,4V)\u00a0\/ 27,0kg. (8,4V)<\/li>\n<li>pr\u0119dko\u015b\u0107 (sek\/60)&#8221;: 0,10sec.\u00a0(6,0V) \/\u00a00,08sec. (7,4V)\u00a0\/\u00a00,075sec. (8,4V)<\/li>\n<li>wymiary: 40,7&#215;20,5&#215;38,5 mm.<\/li>\n<li>waga (g):\u00a065<\/li>\n<li>z\u0119batki:\u00a0metalowe<\/li>\n<li>dedykowane: Skala 1:8 \/ 1:10<\/li>\n<\/ul>\n","protected":false},"excerpt":{"rendered":"<div class=\"projector_row code code_wrapper\">\n<p><label>Kod produktu<\/label><\/p>\n<div>011003<\/div>\n<\/div>\n<div class=\"projector_row code_kzs code_wrapper\">\n<p><label>Kod producenta<\/label><\/p>\n<div id=\"kzs_val\">SRT-BH6027<\/div>\n<\/div>\n<div class=\"projector_row code_ean code_wrapper\">\n<p><label>Kod EAN<\/label><\/p>\n<div id=\"ean_val\">6969006002712<\/div>\n<\/div>\n","protected":false},"featured_media":6605,"comment_status":"open","ping_status":"closed","template":"","meta":{"_s2mail":""},"product_cat":[918,484],"product_tag":[876,922],"_links":{"self":[{"href":"https:\/\/sklep.aveos.pl\/index.php\/wp-json\/wp\/v2\/product\/6602"}],"collection":[{"href":"https:\/\/sklep.aveos.pl\/index.php\/wp-json\/wp\/v2\/product"}],"about":[{"href":"https:\/\/sklep.aveos.pl\/index.php\/wp-json\/wp\/v2\/types\/product"}],"replies":[{"embeddable":true,"href":"https:\/\/sklep.aveos.pl\/index.php\/wp-json\/wp\/v2\/comments?post=6602"}],"wp:featuredmedia":[{"embeddable":true,"href":"https:\/\/sklep.aveos.pl\/index.php\/wp-json\/wp\/v2\/media\/6605"}],"wp:attachment":[{"href":"https:\/\/sklep.aveos.pl\/index.php\/wp-json\/wp\/v2\/media?parent=6602"}],"wp:term":[{"taxonomy":"product_cat","embeddable":true,"href":"https:\/\/sklep.aveos.pl\/index.php\/wp-json\/wp\/v2\/product_cat?post=6602"},{"taxonomy":"product_tag","embeddable":true,"href":"https:\/\/sklep.aveos.pl\/index.php\/wp-json\/wp\/v2\/product_tag?post=6602"}],"curies":[{"name":"wp","href":"https:\/\/api.w.org\/{rel}","templated":true}]}}