{"id":6616,"date":"2022-11-21T17:32:27","date_gmt":"2022-11-21T16:32:27","guid":{"rendered":"https:\/\/sklep.aveos.pl\/?post_type=product&#038;p=6616"},"modified":"2024-05-08T14:56:14","modified_gmt":"2024-05-08T12:56:14","slug":"losi-baja-rey-2-0","status":"publish","type":"product","link":"https:\/\/sklep.aveos.pl\/index.php\/produkt\/losi-baja-rey-2-0\/","title":{"rendered":"Losi Super Baja Rey 2.0 1:6 4WD SMART RTR Brenthel"},"content":{"rendered":"<h3>Zawarto\u015b\u0107 zestawu<\/h3>\n<p>Zestaw zawiera z\u0142o\u017cony model RC auta Losi Super Baja Rey 2.0 RTR w skali 1:6 z nap\u0119dem 4&#215;4 z zainstalowanymi komponentami:\u00a0tr\u00f3jfazowy silnik Spektrum&#x2122; Firma&#x2122; 5678 750Kv,\u00a0regulator Spektrum&#x2122; Firma&#x2122; 160A Smart,\u00a0serwo kierunku Spektrum&#x2122; S905 38kg.cm@6V,\u00a0odbiornik SRS6100AT AVC\u00ae.\u00a0Nadajnik DX3&#x2122; 2,4GHz, odbiornik Spektrum SR315 DSMR Sport, 4x baterie AA do nadajnika.<\/p>\n<p>&nbsp;<\/p>\n<p>Nowy Losi\u00ae Super Baja Rey 2.0 ze Spektrum&#x2122; Smart przesuwa granic\u0119 modeli RC, swoj\u0105 moc\u0105, odporno\u015bci\u0105 i wreszcie inteligentnymi funkcjami dost\u0119pnymi w najnowocze\u015bniejszej elektronice Spektrum Smart.\u00a0<strong>Model jest wykonany makietowo w skali 1:6 i ma wszystkie wszystkie detale jak w prawdziwym wozie na legendarnych zawodach na pustyni Baja.<\/strong>\u00a0Autentycznie opracowane jest r\u00f3wnie\u017c podwozie z niezale\u017cnym przednim zawieszeniem i wleczonym tylnym. Nap\u0119d 4&#215;4 dla maksymalnej przejezdno\u015bci przez teren.<\/p>\n<div class=\"image-container\">\n<div class=\"image-wrapper\"><img class=\"aligncenter\" src=\"https:\/\/www.scorpio-polska.pl\/content\/descriptions\/losi\/LOS05021T1_a29.jpg\" alt=\"Losi Super Baja Rey 2.0 1:6 4WD RTR\" \/><\/div>\n<\/div>\n<p>Dla niezapomnianej jazdy i po zachodzie s\u0142o\u0144ca, model jest wyposa\u017cony wydajnym\u00a0<b>przednim i tylnym o\u015bwietleniem LED<\/b>. Ca\u0142kowity wygl\u0105d dope\u0142niaj\u0105 licencjonowane ko\u0142a Method Racing Beadlock Wheels z oponami BFGoodrich Mud-Terrain T\/A KM3.<\/p>\n<div class=\"image-container\">\n<div class=\"image-wrapper\"><img class=\"aligncenter\" src=\"https:\/\/www.scorpio-polska.pl\/content\/descriptions\/losi\/LOS05021T1_a30.jpg\" alt=\"Losi Super Baja Rey 2.0 1:6 4WD RTR\" \/><\/div>\n<\/div>\n<p>Ten zdalnie sterowany model jest wyposa\u017cony w masywny nap\u0119d, z kt\u00f3rym osi\u0105gnie\u00a0<strong>pr\u0119dko\u015b\u0107 ponad 80km\/h!<\/strong>\u00a0B\u0142yskawiczne przy\u015bpieszenie zapewni tr\u00f3jfazowy silnik Spektrum Firma 750kv, kt\u00f3ry jest sterowany wyczynowym regulatorem Spektrum Firma Smart 160A 8S LiPol. Regulator, odbiornik Spektrum 6100AT AVC\u00ae oraz nadajnik DX3, zapewni\u0105 nie tylko precyzyjne i niezawodne sterowanie, ale dzi\u0119ki technologii Smart, u\u017cytkowanie modelu jest proste, bezpieczne i ma do dyspozycji najnowocze\u015bniejsze funkcje wraz z elektroniczn\u0105 stabilizacj\u0105 AVC i telemetri\u0105.<\/p>\n<div class=\"image-container\">\n<div class=\"image-wrapper\"><img class=\"aligncenter\" src=\"https:\/\/www.scorpio-polska.pl\/content\/descriptions\/losi\/LOS05021T1_a25.jpg\" alt=\"Losi Super Baja Rey 2.0 1:6 4WD RTR\" \/><\/div>\n<\/div>\n<section class=\"flex\">\n<div class=\"image\"><img class=\"aligncenter\" src=\"https:\/\/www.scorpio-polska.pl\/content\/descriptions\/losi\/LOS05021_PP_4.jpg\" alt=\"losi\/LOS05021_PP_4.jpg\" \/><\/div>\n<div class=\"text\">\n<h4>Aluminiowe podwozie<\/h4>\n<p>Baz\u0119 Super Baja Rey 2.0 tworzy podwozie z 4mm anodowanego aluminium. Profilowany kszta\u0142t podwozia zapewnia jeszcze wy\u017csz\u0105 odporno\u015b\u0107 na wyginanie i skr\u0119canie, r\u00f3wnie\u017c przy najtwardszych dobiciach.<\/p>\n<\/div>\n<\/section>\n<section class=\"flex\">\n<div class=\"image\"><img class=\"aligncenter\" src=\"https:\/\/www.scorpio-polska.pl\/content\/descriptions\/losi\/LOS05021_PP_7.jpg\" alt=\"losi\/LOS05021_PP_7.jpg\" \/><\/div>\n<div class=\"text\">\n<h4>Ramkowa klatka<\/h4>\n<p>Tak samo, jak prawdziwe pustynne wy\u015bcig\u00f3wki, r\u00f3wnie\u017c i model Super Baja Rey 2.0 jest wyposa\u017cony w wyj\u0105tkowo sztywn\u0105 klatk\u0119 ochronn\u0105 z materia\u0142\u00f3w kompozytowych. Klatka jest spleciona z aluminiowym podwoziem tworz\u0105c w ca\u0142o\u015bci wytrzyma\u0142y szkielet modelu.<\/p>\n<\/div>\n<\/section>\n<section class=\"flex\">\n<div class=\"image\"><img class=\"aligncenter\" src=\"https:\/\/www.scorpio-polska.pl\/content\/descriptions\/losi\/LOS05021_PP_3.jpg\" alt=\"losi\/LOS05021_PP_3.jpg\" \/><\/div>\n<div class=\"text\">\n<h4>\u0141atwa wymiana akumulatora<\/h4>\n<p>Innowacyjny system komory akumulatora z dolnej strony, umo\u017cliwia szybk\u0105 i \u0142atw\u0105 wymian\u0119 akumulatora, bez potrzeby demonta\u017cu karoserii. W podwoziu modelu wystarczy otworzy\u0107 pokryw\u0119, w\u0142o\u017cy\u0107 akumulator, pod\u0142\u0105czy\u0107 konektor i mo\u017cna rozpocz\u0105\u0107 jazd\u0119.<\/p>\n<\/div>\n<\/section>\n<section class=\"flex\">\n<div class=\"image\"><img class=\"aligncenter\" src=\"https:\/\/www.scorpio-polska.pl\/content\/descriptions\/losi\/LOS05021_PP_5.jpg\" alt=\"losi\/LOS05021_PP_5.jpg\" \/><\/div>\n<div class=\"text\">\n<h4>Niezale\u017cne przednie zawieszenie<\/h4>\n<p>Niezale\u017cne przednie zawieszenie tworz\u0105 masywne wahacze ze stalowymi \u0142\u0105cznikami. Dla maksymalnego poziomu detali, na zwrotnicach znajduj\u0105 si\u0119 makietowe tarcze hamulcowe z czerwonymi zaciskami.<\/p>\n<\/div>\n<\/section>\n<section class=\"flex\">\n<div class=\"image\"><img class=\"aligncenter\" src=\"https:\/\/www.scorpio-polska.pl\/content\/descriptions\/losi\/LOS05021_PP_10.jpg\" alt=\"losi\/LOS05021_PP_10.jpg\" \/><\/div>\n<div class=\"text\">\n<h4>4-punktowe tylne zawieszenie<\/h4>\n<p>Tylne zawieszenie z 4-punktowym tylnym zawieszeniem i sztywn\u0105 osi\u0105 wleczon\u0105, bezpiecznie zaabsorbuje nier\u00f3wno\u015bci nawet przy du\u017cej pr\u0119dko\u015bci. Dzi\u0119ki takiemu samemu wykonaniu jak w prawdziwych maszynach, model ma doskonale w\u0142asno\u015bci jezdne.<\/p>\n<\/div>\n<\/section>\n<section class=\"flex\">\n<div class=\"image\"><img class=\"aligncenter\" src=\"https:\/\/www.scorpio-polska.pl\/content\/descriptions\/losi\/LOS05021T1_a22.jpg\" alt=\"losi\/LOS05021T1_a22.jpg\" \/><\/div>\n<div class=\"text\">\n<h4>Nap\u0119d 4WD<\/h4>\n<p>Doskona\u0142e w\u0142asno\u015bci jezdne modelu zapewnia nap\u0119d 4&#215;4, kt\u00f3ry jest zaawansowanym systemem przedniego, tylnego i \u015brodkowego dyferencja\u0142u. Dyferencja\u0142y s\u0105 wype\u0142nione olejem wiskozowym, czym jest zapewniona zapewniaj\u0105c w ten spos\u00f3b pewien stopie\u0144 sp\u00f3jno\u015bci.<\/p>\n<\/div>\n<\/section>\n<section class=\"flex\">\n<div class=\"image\"><img class=\"aligncenter\" src=\"https:\/\/www.scorpio-polska.pl\/content\/descriptions\/losi\/LOS05021T1_a19.jpg\" alt=\"losi\/LOS05021T1_a19.jpg\" \/><\/div>\n<div class=\"text\">\n<h4>Amortyzatory olejowe<\/h4>\n<p>O wydajne i g\u0142adkie t\u0142umienie staraj\u0105 si\u0119 masywne olejowe amortyzatory. Trwa\u0142y aluminiowy korpus zapewnia precyzyjn\u0105 prac\u0119 r\u00f3wnie\u017c w ekstremalnych warunkach. Napr\u0119\u017cenie wst\u0119pne spr\u0119\u017cyn wygodnie mo\u017cna ustawi\u0107 za pomoc\u0105 nakr\u0119tki. Wyj\u0105tkowy wygl\u0105d dodaj\u0105 aluminiowe denka z logiem King.<\/p>\n<\/div>\n<\/section>\n<section class=\"flex\">\n<div class=\"image\"><img class=\"aligncenter\" src=\"https:\/\/www.scorpio-polska.pl\/content\/descriptions\/losi\/LOS05021_PP_1.jpg\" alt=\"losi\/LOS05021_PP_1.jpg\" \/><\/div>\n<div class=\"text\">\n<h4>Licencjonowane ko\u0142a i opony<\/h4>\n<p>Nowe licencjonowane ko\u0142a Method Racing wykorzystuj\u0105 system Beadlock dla \u0142atwej wymiany opon i piankowych wk\u0142adek bez klejenia. Piasta k\u00f3\u0142 17mm. Opony BFGoodRich s\u0105 synonimem dla zawod\u00f3w off-road, a w tym modelu z oponami BFGoodrich Mud-Terrain T\/A KM3 inaczej nie b\u0119dzie.<\/p>\n<p><em>System Bead Lock: Ko\u0142o tworzy felga, na kt\u00f3r\u0105 si\u0119 nak\u0142ada opony z obr\u0119cz\u0105. Opony bezpiecznie si\u0119 blokuje bez klejenia, za pomoc\u0105 pier\u015bcienia zabezpieczonego \u015brubami.<\/em><\/p>\n<\/div>\n<\/section>\n<h4>Makietowe dodatki<\/h4>\n<p>Model, na wz\u00f3r prawdziwego wozu jest wyposa\u017cony w makiety wentylator\u00f3w, ga\u015bnice, lewarek i dwa ko\u0142a zapasowe.<\/p>\n<div class=\"image-container\">\n<div class=\"image-wrapper\"><img class=\"aligncenter\" src=\"https:\/\/www.scorpio-polska.pl\/content\/descriptions\/losi\/LOS05021_PP_6.jpg\" alt=\"Losi Super Baja Rey 2.0 1:6 4WD RTR\" \/><\/div>\n<\/div>\n<div class=\"image-container\">\n<div class=\"image-wrapper\"><img class=\"aligncenter\" src=\"https:\/\/www.scorpio-polska.pl\/content\/descriptions\/losi\/LOS05021T1_a11.jpg\" alt=\"Losi Super Baja Rey 2.0 1:6 4WD RTR\" \/><\/div>\n<\/div>\n<h4>Przednie i tylne o\u015bwietlenie LED<\/h4>\n<p>Zabawa nigdy si\u0119 nie ko\u0144czy! Model RC jest wyposa\u017cony w trzy listwy \u015bwietlne LED. Przednia listwa w zderzaku, wraz z listw\u0105 na dachu, zapewniaj\u0105 pot\u0119\u017cny snop \u015bwiat\u0142a, kt\u00f3ry o\u015bwietli drog\u0119 daleko przed autem. Dzi\u0119ki trzeciej, tylnej listwy \u015bwietlnej model nie tylko doskonale wygl\u0105da, ale czerwone diody umo\u017cliwiaj\u0105 lepszy przegl\u0105d pozycji modelu r\u00f3wnie\u017c na wi\u0119kszej odleg\u0142o\u015bci.<\/p>\n<div class=\"image-container\">\n<div class=\"image-wrapper\"><img class=\"aligncenter\" src=\"https:\/\/www.scorpio-polska.pl\/content\/descriptions\/losi\/LOS05021T1_a08.jpg\" alt=\"Losi Super Baja Rey 2.0 1:6 4WD RTR\" \/><\/div>\n<\/div>\n<section class=\"flex\">\n<div class=\"image\"><img class=\"aligncenter\" src=\"https:\/\/www.scorpio-polska.pl\/content\/descriptions\/losi\/spe_firma_5687_750kv.jpg\" alt=\"losi\/spe_firma_5687_750kv.jpg\" \/><\/div>\n<div class=\"text\">\n<h4>Tr\u00f3jfazowy silnik SPEKTRUM&#x2122; FIRMA&#x2122; 5687 750Kv<\/h4>\n<p>Tr\u00f3jfazowy silnik\u00a0Spektrum Firma 5687 750kv, z 4-polow\u0105 konstrukcj\u0105 dla wysokiej wydajno\u015bci i doskona\u0142ej sprawno\u015bci. Wa\u0142 5mm jest u\u0142o\u017cony na \u0142o\u017cyskach kulkowych, z\u0142ocone konektory 6,5mm daj\u0105 niezawodne i efektywne po\u0142\u0105czenie.<\/p>\n<\/div>\n<\/section>\n<section class=\"flex\">\n<div class=\"image\"><img class=\"aligncenter\" src=\"https:\/\/www.scorpio-polska.pl\/content\/descriptions\/arrma\/firma8s.jpg\" alt=\"arrma\/firma8s.jpg\" \/><\/div>\n<div class=\"text\">\n<h4>Tr\u00f3jfazowy regulator SPEKTRUM&#x2122; FIRMA&#x2122; 160A SMART<\/h4>\n<p>Sterowanie modelu zapewnia nowoczesny regulator\u00a0SPEKTRUM&#x2122; FIRMA&#x2122; 160A SMART\u00a0z 32-bitowym mikrokontrolerem ARM Cortex M4, kt\u00f3ry potrafi odczytywa\u0107 kompletn\u0105 telemetri\u0119 i przenosi\u0107 j\u0105 do odbiornika za pomoc\u0105 zintegrowanego przewodu w nowym konektorze IC5. Dane s\u0105 przenoszone przez protok\u00f3\u0142 SRXL2. Informacje o typie, temperaturze i napi\u0119ciu ogniw akumulatora regulator odczytuje bezpo\u015brednio z akumulatora Smart. W ten spos\u00f3b nie trzeba si\u0119 ba\u0107 o w\u0142a\u015bciwe ustawienie typu akumulatora i jego mo\u017cliwego g\u0142\u0119bokiego roz\u0142adowania.<\/p>\n<p>Elektronika jest kompletnie zalana w specjalnej masie, kt\u00f3ra chroni przed wnikni\u0119ciem* czy nieczysto\u015bci do elektroniki. Regulator za\u0142\u0105cza si\u0119 i ustawia przyciskiem, kt\u00f3ry jest pod gumow\u0105 os\u0142onk\u0105.<\/p>\n<ul>\n<li>Regulator posiada szybki i wydajny 32 bitowy procesor ARM M4<\/li>\n<li>Regulator jest wodoodporny*<\/li>\n<li>Nadpr\u0105dowa ochrona, ochrona termiczna, failsafe<\/li>\n<li>Automatyczne od\u0142\u0105czenie LiPol przy niskim napi\u0119ciu<\/li>\n<li>Solidna plastikowa obudowa, aluminiowy radiator z wentylatorem dla wysokiej wydajno\u015bci<\/li>\n<li>Wydajny BEC<\/li>\n<li>Bardzo wytrzyma\u0142e konektory IC&#x2122;, kompatybilne z konektorami EC&#x2122;<\/li>\n<\/ul>\n<\/div>\n<\/section>\n<section class=\"flex\">\n<div class=\"image\"><img class=\"aligncenter\" src=\"https:\/\/www.scorpio-polska.pl\/content\/descriptions\/arrma\/s905.jpg\" alt=\"arrma\/s905.jpg\" \/><\/div>\n<div class=\"text\">\n<h4>Serwo kierunku Spektrum 38kg-cm @6V<\/h4>\n<p>Kierowanie zapewnia serwo\u00a0<a class=\"itemdialog\" title=\"Spektrum serwo S905 Large Scale WP 15T\" href=\"https:\/\/www.scorpio-polska.pl\/katalog\/spektrum\/spektrum-serwo-s905-large-scale-wp-15t-p64368.html\" data-code=\"SPMS905\">S905<\/a>\u00a0z ogromn\u0105 si\u0142\u0105 (moment: 38kg.cm przy napi\u0119ciu 6V, szybko\u015b\u0107 0,2s\/60\u00b0 przy 6V), jest wodoodporne* i py\u0142oszczelne. Trwa\u0142e metalowe ko\u0142a z\u0119bate zapewniaj\u0105 d\u0142ug\u0105 \u017cywotno\u015b\u0107 i odporno\u015b\u0107 mechaniczn\u0105. Rozmiary serwa to 60 x 55 x 29mm.<\/p>\n<\/div>\n<\/section>\n<section class=\"flex\">\n<div class=\"image\"><img class=\"aligncenter\" src=\"https:\/\/www.scorpio-polska.pl\/content\/descriptions\/arrma\/SPMSR6100AT.jpg\" alt=\"arrma\/SPMSR6100AT.jpg\" \/><\/div>\n<div class=\"text\">\n<h4>Odbiornik SR6100AT<\/h4>\n<p>6-kana\u0142owy odbiornik RC\u00a0Spektrum SR6100AT\u00a0z modulacj\u0105 DSM2\/DSMR. Znakomity zasi\u0119g o odpowied\u017a, zw\u0142aszcza w miejscach, gdzie znajduje si\u0119 wi\u0119cej system\u00f3w pracuj\u0105cych w pa\u015bmie 2,4 GHz. Odbiornik jest wyposa\u017cony w opatentowany system Spektrum AVC (Active Vehicle Control) oraz pe\u0142ny zasi\u0119g telemetrii. Odbiornik obs\u0142uguje technologi\u0119 Spektrum Smart. Elektronika odbiornika jest chroniona specjalnym lakierem, kt\u00f3ry chroni przed wnikni\u0119ciem wilgoci czy nieczysto\u015bci.<\/p>\n<\/div>\n<\/section>\n<section class=\"flex\">\n<div class=\"image\"><img class=\"aligncenter\" src=\"https:\/\/www.scorpio-polska.pl\/content\/descriptions\/spektrum\/SPM2340_gif.gif\" alt=\"spektrum\/SPM2340_gif.gif\" \/><\/div>\n<div class=\"text\">\n<h4>Nadajnik RC Spektrum DX3 2.4GHz DSMR<\/h4>\n<p>Nowy nadajnik RC\u00a0Spektrum DX3\u00a0ma 3 kana\u0142y i jest kompatybilny z systemem stabilizacji Spektrum AVC i telemetri\u0105\u00a0<u>Spektrum Smart<\/u>. Doskona\u0142y zasi\u0119g, super szybka odpowied\u017a i wysoka odporno\u015b\u0107 na zak\u0142\u00f3cenia dzi\u0119ki ekskluzywnej technologii Spektrum DSMR. Szybkie ustawienie potrzebnych parametr\u00f3w.<\/p>\n<ul>\n<li><strong>Dzi\u0119ki technologii Smart nadajnik wskazuje stan na\u0142adowania akumulator\u00f3w nap\u0119dowych w modelu<\/strong><\/li>\n<li>Wsp\u00f3\u0142praca z systemem stabilizacji Spektrum AVC<\/li>\n<li>Mo\u017cliwo\u015b\u0107 ustawienia rewers\u00f3w, wielko\u015bci wychyle\u0144 i funkcji 3 kana\u0142u<\/li>\n<li>Trymer kana\u0142u gazu i kierunku<\/li>\n<li>Dzi\u0119ki ograniczeniu gazu mo\u017cna dzieciom ograniczy\u0107 maksymaln\u0105 pr\u0119dko\u015b\u0107 modelu<\/li>\n<li>Lekki i ergonomiczny<\/li>\n<li>Kierownica z piankow\u0105 obr\u0119cz\u0105 dla wygodnego trzymania<\/li>\n<\/ul>\n<\/div>\n<\/section>\n<section class=\"flex\">\n<div class=\"image\"><img class=\"aligncenter\" src=\"https:\/\/www.scorpio-polska.pl\/content\/descriptions\/losi\/LOS05020_b19.jpg\" alt=\"losi\/LOS05020_b19.jpg\" \/><\/div>\n<div class=\"text\">\n<h4>Technologia Spektrum SMART<\/h4>\n<p>Model jest wyposa\u017cony w komponenty z technologi\u0105 Spektrum\u00a0<strong>Smart<\/strong><strong>, kt\u00f3ra oferuje wi\u0119cej informacji o modelu, prostsz\u0105 obs\u0142ug\u0119 i trosk\u0119 o akumulatory.<\/strong>\u00a0Wszystkie komponenty SMART, wraz z akumulatorem, s\u0105 w stanie wzajemnie komunikowa\u0107 i przenosi\u0107\u00a0<b>telemetri\u0119.<\/b><\/p>\n<p><strong>Zawarty w zestawie nadajnik DX3 wy\u015bwietla stan na\u0142adowania akumulatora w modelu.<\/strong><\/p>\n<p>Jako tuning mo\u017cna wy\u015bwietla\u0107 kompletn\u0105 telemetri\u0119 (<b>obroty, pr\u0119dko\u015b\u0107, temperatura i inne<\/b>):<\/p>\n<ul>\n<li>Uzupe\u0142nieniem\u00a0modu\u0142u BT\u00a0do nadajnika DX3 z zestawu, kt\u00f3ry umo\u017cliwia po\u0142\u0105czenie modelu z przejrzyst\u0105 aplikacj\u0105 graficzn\u0105 Spektrum Dashboard w telefonie, czy tablecie.<\/li>\n<li>Zastosowaniem uniwersalnego nadajnika Spektrum z wy\u015bwietlaczem, np.\u00a0DX5C.<\/li>\n<\/ul>\n<\/div>\n<\/section>\n<section class=\"flex\">\n<div class=\"image\"><img class=\"aligncenter\" src=\"https:\/\/www.scorpio-polska.pl\/content\/descriptions\/losi\/Logo_AVC.png\" alt=\"losi\/Logo_AVC.png\" \/><\/div>\n<div class=\"text\">\n<h4>Technologia AVC (Active Vehicle Control)<\/h4>\n<p>Technologia AVC jest zaawansowan\u0105 technologi\u0105 Spektrum od Horizon Hobby dla modeli aut RC. Ten system stabilizacji przynosi ca\u0142kowicie nowy spos\u00f3b sterowania aut RC. Technologia AVC wykorzystuje czujniki do jednoczesnej korekty sterowania i gazu. Wynikiem jest p\u0142ynniejsza jazda, stabilne zachowanie na prostej i w zakr\u0119cie oraz bezpieczniejsze trzymanie si\u0119 drogi. Oczywi\u015bcie czu\u0142o\u015b\u0107 sterowania mo\u017ce by\u0107 zmieniana wraz z mo\u017cliwo\u015bci\u0105 jego wy\u0142\u0105czenia i pozostawienia wszystkiego w r\u0119kach kierowcy.<\/p>\n<\/div>\n<\/section>\n<h4>W\u0142asno\u015bci:<\/h4>\n<ul>\n<li>Solidny i wytrzyma\u0142y model w skali 1:6<\/li>\n<li>4mm aluminiowe podwozie<\/li>\n<li>Makietowa ramkowa klatka<\/li>\n<li>Nap\u0119d 4&#215;4, przedni, tylny i \u015brodkowy dyferencja\u0142<\/li>\n<li>Przednie niezale\u017cne zawieszenie, tylna wleczona o\u015b<\/li>\n<li>D\u0142u\u017cszy tylny wahacz wleczony, wi\u0119kszy rozstaw<\/li>\n<li>Aluminiowe, olejowe amortyzatory King Coil-Over z regulowanymi spr\u0119\u017cynami<\/li>\n<li>Nowy przedni zderzak z realistycznym dolnym wiekiem i logiem Brenthel<\/li>\n<li>Karoseria ze szczeg\u00f3\u0142owym opracowaniem<\/li>\n<li>Licencjonowane ko\u0142a Racing Beadlock i opony BFGoodrich Mud-Terrain T\/A KM3<\/li>\n<li>Makietowe opracowanie z dodatkami: lewarek, ga\u015bnice, 2x zapasowe ko\u0142o, figurki w kokpicie<\/li>\n<li>O\u015bwietlenie LED<\/li>\n<li>Tr\u00f3jfazowy silnik Firma 750kv<\/li>\n<li>Regulator Smart Spektrum Firma 160A<\/li>\n<li>Elektroniczna stabilizacja AVC<\/li>\n<li>Nadajnik DX3 ze wska\u017anikiem stanu akumulatora nap\u0119dowego w modelu<\/li>\n<li>Serwo kierunku z metalow\u0105 przek\u0142adni\u0105 i momentem 38 kg<\/li>\n<\/ul>\n<div class=\"image-container\">\n<div class=\"image-wrapper\"><img class=\"aligncenter\" src=\"https:\/\/www.scorpio-polska.pl\/content\/descriptions\/losi\/LOS05021T2_a01.jpg\" alt=\"Losi Super Baja Rey 2.0 1:6 4WD RTR\" \/><\/div>\n<\/div>\n<h3>Polecamy zakup<\/h3>\n<p><strong>Do uruchomienia modelu potrzebny jest akumulator nap\u0119dowy oraz adekwatn\u0105 \u0142adowark\u0119 akumulatora nap\u0119dowego.<\/strong><\/p>\n<section class=\"flex\">\n<div class=\"image\"><img src=\"https:\/\/www.scorpio-polska.pl\/content\/descriptions\/arrma\/battery.jpg\" alt=\"arrma\/battery.jpg\" \/><\/div>\n<div class=\"text\">\n<h4>Zalecane akumulatory<\/h4>\n<p>Model nale\u017cy u\u017cytkowa\u0107 na dw\u00f3ch identycznych akumulatorach 3S lub 4S LiPol (11.1V, 14.8V).<\/p>\n<ul>\n<li>Do zwyk\u0142ego je\u017cd\u017cenia akumulatory LiPol\u00a0Spektrum 11.1 V 5000 mAh\u00a0z technologi\u0105\u00a0<b>Smart<\/b>.<\/li>\n<li>Do zwyk\u0142ego je\u017cd\u017cenia z d\u0142u\u017cszym czasem jazdy akumulator LiPol\u00a0Black Magic 11.1V 6500mAh.<\/li>\n<li>Dla maksymalnej pr\u0119dko\u015bci akumulatory LiPol\u00a0Spektrum 14.8V 5000mAh 100C\u00a0z technologi\u0105\u00a0<b>Smart<\/b>.<\/li>\n<\/ul>\n<p>Akumulatory Spektrum z technologi\u0105\u00a0<b>Smart<\/b>\u00a0to obecnie najnowocze\u015bniejszy i najbezpieczniejszy spos\u00f3b konserwacji i \u0142adowania akumulator\u00f3w.<\/p>\n<\/div>\n<\/section>\n<section class=\"flex\">\n<div class=\"image\"><img class=\"aligncenter\" src=\"https:\/\/www.scorpio-polska.pl\/content\/descriptions\/arrma\/charger.jpg\" alt=\"arrma\/charger.jpg\" \/><\/div>\n<div class=\"text\">\n<h4>Zalecane \u0142adowarki dla akumulator\u00f3w konwencjonalnych i Smart<\/h4>\n<p>Je\u015bli w modelu RC b\u0119d\u0105 u\u017cywane nowoczesne\u00a0<b>akumulatory Smart LiPol<\/b>, to polecamy poni\u017csze \u0142adowarki:<\/p>\n<ul>\n<li>\u0141adowarka sieciowa\u00a0Spektrum S2100\u00a0z dwoma wyj\u015bciami 2x100W<\/li>\n<li>\u0141adowarka sieciowa\u00a0Spektrum S1100\u00a0z jednym wyj\u015bciem 1x100W<\/li>\n<\/ul>\n<p>Dalej potrzeba\u00a0redukcj\u0119 do \u0142adowania IC5\/IC3.<\/p>\n<h4>Polecane \u0142adowarki dla konwencjonalnych akumulator\u00f3w LiPol<\/h4>\n<p>Je\u015bli model b\u0119dzie u\u017cytkowany na\u00a0<b>konwencjonalnych akumulatorach LiPol<\/b>, polecamy stosowanie uniwersalnej \u0142adowarki o mocy minimalnie 50W.<\/p>\n<ul>\n<li>\u0141adowarka\u00a0Prophet Precept LiPol\/NiMh LCD AC\/DC\u00a0z jednym wyj\u015bciem 80W.<\/li>\n<\/ul>\n<p>Dla pod\u0142\u0105czenia akumulatora do \u0142adowarki potrzebny jest\u00a0kabel \u0142adowania z banankami i konektorem EC5.<\/p>\n<\/div>\n<\/section>\n<section class=\"flex\">\n<div class=\"image\"><img class=\"aligncenter\" src=\"https:\/\/www.scorpio-polska.pl\/content\/descriptions\/arrma\/tools.jpg\" alt=\"arrma\/tools.jpg\" \/><\/div>\n<div class=\"text\">\n<h4>Akcesoria do normalnej pracy<\/h4>\n<p>Do normalnej eksploatacji samochodu RC Losi potrzebny jest klej do opon, klej do \u015brub, zestaw narz\u0119dzi i olej silikonowy do amortyzator\u00f3w. Z naszej oferty polecamy niedrogi\u00a0zestaw narz\u0119dzi do samochod\u00f3w RC\u00a0lub wysokiej jako\u015bci\u00a0Zestaw \u015brubokr\u0119t\u00f3w imbus 1.5\/2.0\/2.5\/3.0mm.<\/p>\n<p>Klej do opon przykleja opony do felgi. Opona musi by\u0107 zawsze mocno przyklejona do felgi na ca\u0142ym obwodzie! Je\u015bli opona nie b\u0119dzie przyklejona na ca\u0142ym obwodzie, mo\u017ce p\u0119kn\u0105\u0107. Klej do opon ma specjalny sk\u0142ad, kt\u00f3ry jest w stanie \u0142\u0105czy\u0107 takie materia\u0142y jak guma czy nylon, a jednocze\u015bnie po stwardnieniu jest elastyczny. Polecamy\u00a0klej do opon Robitronic\u00a0z naszej oferty &#8211; zobacz polecane akcesoria.<\/p>\n<p>Od czasu do czasu konieczne jest dodanie\u00a0oleju silikonowego do amortyzator\u00f3w\u00a0modelu i wymiana\u00a0oleju w mechanizmach r\u00f3\u017cnicowych. Podczas normalnej pracy wyst\u0119puje tylko niewielki wyciek oleju silikonowego wzd\u0142u\u017c t\u0142oczysk amortyzatora. Je\u015bli powierzchnia t\u0142oczysk amortyzatora lub stan uszczelek jest w z\u0142ym stanie, wyciek oleju mo\u017ce by\u0107 du\u017cy. W takich przypadkach dostarczane s\u0105 zestawy naprawcze lub pojedyncze cz\u0119\u015bci. Z naszej oferty olej\u00f3w silikonowych polecamy oleje silikonowe TLR (Team Losi Racing), zobacz zalecane akcesoria.<\/p>\n<p>Do rutynowej konserwacji wymagany jest\u00a0klej do \u015brub. \u015aruby wkr\u0119cane w materia\u0142 metalowy (np. \u015bruby w silniku, \u015bruby ustalaj\u0105ce w z\u0119batce) nale\u017cy zabezpieczy\u0107 przed poluzowaniem za pomoc\u0105 tego kleju.<\/p>\n<\/div>\n<\/section>\n","protected":false},"excerpt":{"rendered":"<div>Marka:\u00a0<strong>Losi<\/strong><\/div>\n<div>Kod towaru:\u00a0<b>LOS05021T1<\/b><\/div>\n<div>Kod kreskowy:\u00a0<b>605482717738<\/b><\/div>\n","protected":false},"featured_media":6622,"comment_status":"open","ping_status":"closed","template":"","meta":{"_s2mail":""},"product_cat":[487,497],"product_tag":[894,875],"_links":{"self":[{"href":"https:\/\/sklep.aveos.pl\/index.php\/wp-json\/wp\/v2\/product\/6616"}],"collection":[{"href":"https:\/\/sklep.aveos.pl\/index.php\/wp-json\/wp\/v2\/product"}],"about":[{"href":"https:\/\/sklep.aveos.pl\/index.php\/wp-json\/wp\/v2\/types\/product"}],"replies":[{"embeddable":true,"href":"https:\/\/sklep.aveos.pl\/index.php\/wp-json\/wp\/v2\/comments?post=6616"}],"wp:featuredmedia":[{"embeddable":true,"href":"https:\/\/sklep.aveos.pl\/index.php\/wp-json\/wp\/v2\/media\/6622"}],"wp:attachment":[{"href":"https:\/\/sklep.aveos.pl\/index.php\/wp-json\/wp\/v2\/media?parent=6616"}],"wp:term":[{"taxonomy":"product_cat","embeddable":true,"href":"https:\/\/sklep.aveos.pl\/index.php\/wp-json\/wp\/v2\/product_cat?post=6616"},{"taxonomy":"product_tag","embeddable":true,"href":"https:\/\/sklep.aveos.pl\/index.php\/wp-json\/wp\/v2\/product_tag?post=6616"}],"curies":[{"name":"wp","href":"https:\/\/api.w.org\/{rel}","templated":true}]}}