{"id":6623,"date":"2022-11-28T20:21:28","date_gmt":"2022-11-28T19:21:28","guid":{"rendered":"https:\/\/sklep.aveos.pl\/?post_type=product&#038;p=6623"},"modified":"2023-12-08T15:02:29","modified_gmt":"2023-12-08T14:02:29","slug":"trx-4-bronco-wersja-niebieska-92076-4blue","status":"publish","type":"product","link":"https:\/\/sklep.aveos.pl\/index.php\/produkt\/trx-4-bronco-wersja-niebieska-92076-4blue\/","title":{"rendered":"TRX-4 BRONCO &#8211; wersja niebieska 92076-4BLUE"},"content":{"rendered":"<p style=\"text-align: center;\"><em><strong>TRX-4 BRONCO CRAWLER<\/strong><\/em><\/p>\n<p style=\"text-align: center;\"><em><strong><span id=\"result_box\" lang=\"pl\"><span class=\"hps\">Licencjonowana kopia Forda<\/span><\/span><\/strong><\/em><\/p>\n<p style=\"text-align: center;\"><em><strong><span lang=\"pl\"><span class=\"hps\">Wersja niebieska<br \/>\n<img src=\"https:\/\/riku.pl\/zdjecia_opis\/82056_4\/92076-4-logo.png\" alt=\"\" \/><\/span><\/span><\/strong><\/em><\/p>\n<p style=\"text-align: center;\"><img src=\"https:\/\/riku.pl\/zdjecia_opis\/82056_4\/92076-4BLUE_2.jpg\" alt=\"\" \/><br \/>\n<img src=\"https:\/\/riku.pl\/zdjecia_opis\/82056_4\/92076-4S_0.jpg\" alt=\"\" \/><img src=\"https:\/\/riku.pl\/zdjecia_opis\/82056_4\/92076-4S_00.jpg\" alt=\"\" \/><\/p>\n<p style=\"text-align: center;\"><span lang=\"pl\"><em><strong>TRX-4 Ford Bronco.<\/strong><\/em><br \/>\n<span class=\"VIiyi\" lang=\"pl\"><span class=\"JLqJ4b ChMk0b\" data-language-for-alternatives=\"pl\" data-language-to-translate-into=\"en\" data-phrase-index=\"2\">Legenda powraca.<\/span>\u00a0<span class=\"JLqJ4b ChMk0b\" data-language-for-alternatives=\"pl\" data-language-to-translate-into=\"en\" data-phrase-index=\"3\">Po 25 latach,\u00a0<em><strong>Bronco<\/strong><\/em>\u00a0powr\u00f3ci\u0142 jako najskuteczniejszy\u00a0<em><strong>Ford 4X4<\/strong><\/em>\u00a0i najbardziej poszukiwany\u00a0<em><strong>SUV<\/strong><\/em>\u00a0w Ameryce.<\/span>\u00a0<span class=\"JLqJ4b ChMk0b\" data-language-for-alternatives=\"pl\" data-language-to-translate-into=\"en\" data-phrase-index=\"4\"><em><strong>Traxxas<\/strong><\/em>\u00a0uchwyci\u0142 wszystkie szczeg\u00f3\u0142y nowego\u00a0<em><strong>Bronco<\/strong><\/em>\u00a0i po\u0142\u0105czy\u0142 ze wszystkimi mo\u017cliwo\u015bciami i wszechstronno\u015bci\u0105 nagradzanego\u00a0<em><strong>TRX-4<\/strong><\/em>.<\/span>\u00a0<span class=\"JLqJ4b ChMk0b\" data-language-for-alternatives=\"pl\" data-language-to-translate-into=\"en\" data-phrase-index=\"5\"><em><strong>Traxxas Bronco<\/strong><\/em>\u00a0\u0142\u0105czy zatwierdzony przez\u00a0<em><strong>Forda<\/strong><\/em>\u00a0realizm i wiod\u0105ce w swojej klasie osi\u0105gi, zapewniaj\u0105c ekscytuj\u0105c\u0105 przygod\u0119 w terenie, bez wzgl\u0119du na to, dok\u0105d zaprowadzi Ci\u0119 szlak.<\/span><\/span><\/span><\/p>\n<p style=\"text-align: center;\"><img src=\"https:\/\/riku.pl\/zdjecia_opis\/82056_4\/82054_4_5.jpg\" alt=\"\" \/><\/p>\n<p style=\"text-align: center;\"><em><strong>Precyzyjne sterowaniez cz\u0119stotliwo\u015bci\u0105 2,4GHz.<\/strong><\/em><\/p>\n<p>System radiowy\u00a0<em><strong>TQ\u2122\u00a02,4GHz<\/strong><\/em>\u00a0nie wymaga stosowania kwarc\u00f3w odpowiedzialnych za kana\u0142 sterowania.\u00a0Ergonomiczna konstrukcja nadajnika jest wygodna dla wszystkich,\u00a0a wzmocniona\u00a0antena wewn\u0119trzna,\u00a0odporna jest na uszkodzenia.<br \/>\nNadajnik umo\u017cliwia korzystanie z unikalnych funkcji dla\u00a0<em><strong>TRX-4<\/strong><\/em>, jak blokada dyferencja\u0142\u00f3w oraz zmiana prze\u0142o\u017cenia przek\u0142adni g\u0142\u00f3wnej.<\/p>\n<p>Nadajnik jest przygotowany do wyposa\u017cenia go w modu\u0142\u00a0<strong><em>Traxxas Link Wireless Module\u2122<\/em><\/strong>, kt\u00f3ry zapewnia bezprzewodow\u0105 \u0142\u0105czno\u015b\u0107 z urz\u0105dzeniami pracuj\u0105cymi w systemie\u00a0<strong><em>Android<\/em>lub\u00a0<em>AppleiOS 4.4+ 4.3+<\/em><\/strong>.<br \/>\n<strong>Modu\u0142\u00a0<em>Traxxas Link Wireless Module\u2122 nie wchodzi w sk\u0142ad zestawu i nale\u017cy go dokupi\u0107 oddzielnie.\u00a0<\/em><\/strong><em><strong>Numer katalogowy modu\u0142u to 106511<\/strong>.<\/em><\/p>\n<p style=\"text-align: center;\"><img src=\"https:\/\/riku.pl\/zdjecia_opis\/82056_4\/82054_4_6.jpg\" alt=\"\" \/><\/p>\n<p style=\"text-align: center;\"><em><strong>Silnik Titan 21T 550.<\/strong><\/em><\/p>\n<p style=\"text-align: center;\"><em><strong>TRX-4<\/strong><\/em>\u00a0wyposa\u017cono w ulepszony silnik nap\u0119dowy\u00a0<em><strong>Titan 21T 550<\/strong><\/em>, kt\u00f3ry wyposa\u017cono w zintegrowany wentylator ch\u0142odz\u0105cy.<\/p>\n<p style=\"text-align: center;\"><img src=\"https:\/\/riku.pl\/zdjecia_opis\/82056_4\/82054_4_7.jpg\" alt=\"\" \/><\/p>\n<p style=\"text-align: center;\"><em><strong>Elektroniczny regulator obrot\u00f3w XL-5 HV.<\/strong><\/em><\/p>\n<p style=\"text-align: center;\">Sterowanie nap\u0119du realizuje nowy &#8211; elektroniczny regulator obrot\u00f3w\u00a0<strong>XL-5 HV<\/strong>. Posiada on przydatn\u0105 funkcj\u0119 trzech tryb\u00f3w zabezpieczenia termicznego i wyposa\u017cony jest w wysokopr\u0105dowe z\u0142\u0105cza elektryczne. Do tego w regulatorze\u00a0<strong>XL-5<em>\u00a0HV<\/em><\/strong>\u00a0znajduje si\u0119 funkcja \u201e<strong>Training Mode.\u2122\u201d,<\/strong>\u00a0kt\u00f3ra pozwala obni\u017cy\u0107 moc zespo\u0142u nap\u0119dowego o\u00a0<strong>50%<\/strong>\u00a0oraz funkcje\u00a0<strong><em>&#8220;Sport&#8221; i &#8220;Race&#8221;<\/em>.<\/strong>\u00a0Funkcja\u00a0<em><strong>&#8220;Training&#8221;<\/strong><\/em>\u00a0jest przydatna dla pocz\u0105tkuj\u0105cych kierowc\u00f3w i dla wszystkich kt\u00f3rzy chc\u0105 potrenowa\u0107\u00a0 technik\u0119 precyzyjnej jazdy. Regulator\u00a0<strong>XL-5 VH<\/strong>\u00a0jest oczywi\u015bcie wodoszczelny w my\u015bl zasady \u201eb\u0142oto i \u015bnieg, ju\u017c nie s\u0105 przeszkod\u0105 w zabawie na wolnym powietrzu\u201d. Najwa\u017cniejsz\u0105 funkcj\u0105 regulatora jest obs\u0142uga napi\u0119\u0107 pochodz\u0105cych z pakiet\u00f3w\u00a0<em><strong>3S LiPo<\/strong><\/em>.<\/p>\n<p style=\"text-align: center;\"><img src=\"https:\/\/riku.pl\/zdjecia_opis\/82056_4\/82054_4_8.jpg\" alt=\"\" \/><\/p>\n<p style=\"text-align: center;\"><em><strong>Serwomechanizm 2075X.<\/strong><\/em><\/p>\n<p style=\"text-align: center;\">Serwomechanizm ok\u0142adu sterowania jest wodoszczelny i wyposa\u017cony w metalowe z\u0119batki.<\/p>\n<p style=\"text-align: center;\"><img src=\"https:\/\/riku.pl\/zdjecia_opis\/82056_4\/82054_4_9.jpg\" alt=\"\" \/><\/p>\n<p style=\"text-align: center;\"><em><strong>Uk\u0142ad kierowniczy.<\/strong><\/em><\/p>\n<p style=\"text-align: center;\"><em><strong>TRX-4<\/strong><\/em>\u00a0posiada uk\u0142ad kierownichy pozwalaj\u0105cy na obr\u00f3t k\u00f3\u0142 w zakresie\u00a0<em><strong>2 x 45st.<\/strong><\/em>\u00a0To pozwala na wykonywanie ciasnych zakr\u0119t\u00f3w w trudnym &#8211; kamienistym terenie.<\/p>\n<p style=\"text-align: center;\"><img src=\"https:\/\/riku.pl\/zdjecia_opis\/82056_4\/82054_4_10.jpg\" alt=\"\" \/><\/p>\n<p style=\"text-align: center;\"><em><strong>Podwozie przystosowane do poruszania si\u0119 w bardzo trudnym terenie.<\/strong><\/em><\/p>\n<p style=\"text-align: center;\"><em><strong>Prze\u015bwit wielko\u015bci 80mm uzupe\u0142nia wszechstronne mo\u017cliwo\u015bci poruszania si\u0119 TRX-4.<\/strong><\/em><\/p>\n<p style=\"text-align: center;\"><img src=\"https:\/\/riku.pl\/zdjecia_opis\/82056_4\/82054_4_12.jpg\" alt=\"\" \/><\/p>\n<p style=\"text-align: center;\"><em><strong>Umiejscowienie silnika nap\u0119dowego w blisko\u015bci przedniego zawieszenia zwi\u0119ksza mo\u017cliwo\u015bci trakcji.<\/strong><\/em><\/p>\n<p style=\"text-align: center;\"><img src=\"http:\/\/riku.pl\/zdjecia_opis\/82056_4\/82054_4_13.jpg\" alt=\"\" \/><\/p>\n<p style=\"text-align: center;\"><em><strong>Dodatkowe prze\u0142o\u017cenie &#8211; zwolnica.<\/strong><\/em><\/p>\n<p style=\"text-align: center;\">Dodatkowe prze\u0142o\u017cenie po\u0142\u0105czone ze zwi\u0119kszeniem prze\u015bwitu podwozia. Powoduje zwi\u0119kszenie momentu obrotowego oraz pozwala na jazd\u0119 po trudnym terenie kamienistym.<\/p>\n<p style=\"text-align: center;\"><img src=\"http:\/\/riku.pl\/zdjecia_opis\/82056_4\/82054_4_14.jpg\" alt=\"\" \/><\/p>\n<p style=\"text-align: center;\"><em><strong>\u00a0Blokada dyferencja\u0142\u00f3w umo\u017cliwia pokonywanie kamienistych zboczy w bardzo trudnym terenie.<\/strong><\/em><\/p>\n<p style=\"text-align: center;\"><img src=\"https:\/\/riku.pl\/zdjecia_opis\/82056_4\/TRX_blokada.JPG\" alt=\"\" \/><\/p>\n<p style=\"text-align: center;\"><em><strong>Blokada przedniego i tylnego dyferencja\u0142u zrealizowana jest za pomoc\u0105 dodatkowego serwomechanizmu.<\/strong><\/em><\/p>\n<p style=\"text-align: center;\"><img src=\"http:\/\/riku.pl\/zdjecia_opis\/82056_4\/82054_4_15.jpg\" alt=\"\" \/><\/p>\n<p style=\"text-align: center;\"><em><strong>Przek\u0142adnia g\u0142\u00f3wna umo\u017cliwiaj\u0105ca jazd\u0119 na dw\u00f3ch prze\u0142o\u017ceniach.<\/strong><\/em><\/p>\n<p style=\"text-align: center;\"><strong>UWAGA &#8211; potrzebne do uruchomienia modelu:<\/strong><\/p>\n<ul>\n<li style=\"text-align: center;\">pakiet nap\u0119dowy &#8211;\u00a0<em><strong>2S \/ 3S LiPo (6S \/ 7S NiMh)<\/strong><\/em><\/li>\n<li style=\"text-align: center;\">\u0142adowarka pakietu nap\u0119dowego<\/li>\n<li style=\"text-align: center;\">zasilanie nadajnika &#8211;\u00a0<em><strong>4 baterie typu AA<\/strong><\/em><\/li>\n<\/ul>\n<p>&nbsp;<\/p>\n<p>&nbsp;<\/p>\n<p>Cena promocyjna tylko w sklepie stacjonarnym w Poznaniu- kontakt pod nr 502 237 604<\/p>\n","protected":false},"excerpt":{"rendered":"<table>\n<tbody>\n<tr>\n<td colspan=\"2\">\n<h1>TRX-4 BRONCO &#8211; wersja niebieska<\/h1>\n<\/td>\n<\/tr>\n<tr>\n<td colspan=\"2\">Producent: TRAXXAS<br \/>\nNr kat.\u00a0<strong>92076-4BLUE<\/strong><\/td>\n<\/tr>\n<\/tbody>\n<\/table>\n","protected":false},"featured_media":6630,"comment_status":"open","ping_status":"closed","template":"","meta":{"_s2mail":""},"product_cat":[590],"product_tag":[875],"_links":{"self":[{"href":"https:\/\/sklep.aveos.pl\/index.php\/wp-json\/wp\/v2\/product\/6623"}],"collection":[{"href":"https:\/\/sklep.aveos.pl\/index.php\/wp-json\/wp\/v2\/product"}],"about":[{"href":"https:\/\/sklep.aveos.pl\/index.php\/wp-json\/wp\/v2\/types\/product"}],"replies":[{"embeddable":true,"href":"https:\/\/sklep.aveos.pl\/index.php\/wp-json\/wp\/v2\/comments?post=6623"}],"wp:featuredmedia":[{"embeddable":true,"href":"https:\/\/sklep.aveos.pl\/index.php\/wp-json\/wp\/v2\/media\/6630"}],"wp:attachment":[{"href":"https:\/\/sklep.aveos.pl\/index.php\/wp-json\/wp\/v2\/media?parent=6623"}],"wp:term":[{"taxonomy":"product_cat","embeddable":true,"href":"https:\/\/sklep.aveos.pl\/index.php\/wp-json\/wp\/v2\/product_cat?post=6623"},{"taxonomy":"product_tag","embeddable":true,"href":"https:\/\/sklep.aveos.pl\/index.php\/wp-json\/wp\/v2\/product_tag?post=6623"}],"curies":[{"name":"wp","href":"https:\/\/api.w.org\/{rel}","templated":true}]}}