{"id":6649,"date":"2022-12-07T12:40:37","date_gmt":"2022-12-07T11:40:37","guid":{"rendered":"https:\/\/sklep.aveos.pl\/?post_type=product&#038;p=6649"},"modified":"2022-12-07T13:55:48","modified_gmt":"2022-12-07T12:55:48","slug":"cnhl-lipo-2s-1300mah-1301002bkt","status":"publish","type":"product","link":"https:\/\/sklep.aveos.pl\/index.php\/produkt\/cnhl-lipo-2s-1300mah-1301002bkt\/","title":{"rendered":"CNHL LiPo 2S 1300mAh 100C 1301002BKT"},"content":{"rendered":"<table class=\"ke-zeroborder\" border=\"0\" width=\"535\" cellspacing=\"0\" cellpadding=\"0\">\n<tbody>\n<tr>\n<td class=\"xl63\" colspan=\"3\" width=\"216\" height=\"24\"><span class=\"\">Numer katalogowy<\/span><\/td>\n<td class=\"xl63\" colspan=\"4\" width=\"319\">1301002BKT<\/td>\n<\/tr>\n<tr>\n<td class=\"xl63\" colspan=\"3\" height=\"24\">Pojemno\u015b\u0107<\/td>\n<td class=\"xl63\" colspan=\"4\">1300 mAh<\/td>\n<\/tr>\n<tr>\n<td class=\"xl63\" colspan=\"3\" height=\"24\">Napi\u0119cie<\/td>\n<td class=\"xl63\" colspan=\"4\">7,4 V \/ 2 ogniwa \/ 2S1P<\/td>\n<\/tr>\n<tr>\n<td class=\"xl63\" colspan=\"3\" height=\"24\">Szybko\u015b\u0107 roz\u0142adowania<\/td>\n<td class=\"xl63\" colspan=\"4\">100C Ci\u0105g\u0142e \/ 200C Burst<\/td>\n<\/tr>\n<tr>\n<td class=\"xl63\" colspan=\"3\" height=\"24\">Szybko\u015b\u0107 \u0142adowania<\/td>\n<td class=\"xl63\" colspan=\"4\">5C maks<\/td>\n<\/tr>\n<tr>\n<td class=\"xl63\" colspan=\"3\" height=\"24\">Rozmiar<\/td>\n<td class=\"xl63\" colspan=\"4\">17,5X34X74mm<\/td>\n<\/tr>\n<tr>\n<td class=\"xl63\" colspan=\"3\" height=\"24\">Waga<\/td>\n<td class=\"xl63\" colspan=\"4\">92g<\/td>\n<\/tr>\n<tr>\n<td class=\"xl63\" colspan=\"3\" height=\"24\">Z\u0142\u0105cze wyj\u015bciowe<\/td>\n<td class=\"xl63\" colspan=\"4\">Wtyczka T\/Dean<\/td>\n<\/tr>\n<tr>\n<td class=\"xl63\" colspan=\"3\" height=\"24\">Z\u0142\u0105cze r\u00f3wnowagi<\/td>\n<td class=\"xl63\" colspan=\"4\">JST \/ XH<\/td>\n<\/tr>\n<tr>\n<td class=\"xl63\" colspan=\"3\" height=\"24\">Uwagi<\/td>\n<td class=\"xl63\" colspan=\"4\">Nie dotyczy<\/td>\n<\/tr>\n<\/tbody>\n<tbody>\n<tr>\n<td class=\"xl63\" colspan=\"3\" height=\"24\">Rozmiar drutu (AWG)<\/td>\n<td class=\"xl63\" colspan=\"4\">14#<\/td>\n<\/tr>\n<\/tbody>\n<\/table>\n","protected":false},"excerpt":{"rendered":"<p>1300mAh, 2S, 100C, T-den<\/p>\n","protected":false},"featured_media":6651,"comment_status":"open","ping_status":"closed","template":"","meta":{"_s2mail":""},"product_cat":[909,497],"product_tag":[910],"_links":{"self":[{"href":"https:\/\/sklep.aveos.pl\/index.php\/wp-json\/wp\/v2\/product\/6649"}],"collection":[{"href":"https:\/\/sklep.aveos.pl\/index.php\/wp-json\/wp\/v2\/product"}],"about":[{"href":"https:\/\/sklep.aveos.pl\/index.php\/wp-json\/wp\/v2\/types\/product"}],"replies":[{"embeddable":true,"href":"https:\/\/sklep.aveos.pl\/index.php\/wp-json\/wp\/v2\/comments?post=6649"}],"wp:featuredmedia":[{"embeddable":true,"href":"https:\/\/sklep.aveos.pl\/index.php\/wp-json\/wp\/v2\/media\/6651"}],"wp:attachment":[{"href":"https:\/\/sklep.aveos.pl\/index.php\/wp-json\/wp\/v2\/media?parent=6649"}],"wp:term":[{"taxonomy":"product_cat","embeddable":true,"href":"https:\/\/sklep.aveos.pl\/index.php\/wp-json\/wp\/v2\/product_cat?post=6649"},{"taxonomy":"product_tag","embeddable":true,"href":"https:\/\/sklep.aveos.pl\/index.php\/wp-json\/wp\/v2\/product_tag?post=6649"}],"curies":[{"name":"wp","href":"https:\/\/api.w.org\/{rel}","templated":true}]}}