{"id":6726,"date":"2023-03-06T17:45:03","date_gmt":"2023-03-06T16:45:03","guid":{"rendered":"https:\/\/sklep.aveos.pl\/?post_type=product&#038;p=6726"},"modified":"2023-10-19T15:59:00","modified_gmt":"2023-10-19T13:59:00","slug":"5200lihv-76","status":"publish","type":"product","link":"https:\/\/sklep.aveos.pl\/index.php\/produkt\/5200lihv-76\/","title":{"rendered":"CNHL RS LiHV 5200mAh 7.6V 2S 120C HV Shorty twarda obudowa bateria Lipo z wtyczk\u0105 EC3"},"content":{"rendered":"<p><strong><span class=\"\">Dane techniczne:<\/span><\/strong><\/p>\n<ul>\n<li>Numer katalogowy: HC5201202HV<\/li>\n<li>Pojemno\u015b\u0107: 5200mAh<\/li>\n<li>Napi\u0119cie: 7,6 V \/ 2 ogniwa \/ 2S2P<\/li>\n<li>Szybko\u015b\u0107 roz\u0142adowania: 120C Ci\u0105g\u0142e \/ 240C Burst<\/li>\n<li>Szybko\u015b\u0107 \u0142adowania: 5C maks<\/li>\n<li>Rozmiar: 25.1X47X96mm<\/li>\n<li>Waga: 226g<\/li>\n<li>Z\u0142\u0105cze wyj\u015bciowe: wtyczka typu Bullet 5,0 mm do EC3<\/li>\n<li>Z\u0142\u0105cze balansu: JST \/ XH<\/li>\n<li>Rozmiar drutu (AWG): 12 #<\/li>\n<li><span class=\"\">Pakiet zawiera: 1 paczk\u0119 LiHV 5200mAh 7.6V 2S 120C HV Shorty Hard Case Lipo Battery z wtyczk\u0105 EC3 do wy\u015bcig\u00f3w RC<\/span><\/li>\n<\/ul>\n<p><strong>Kompatybilne modele RC:<\/strong><\/p>\n<p><span class=\"\">CNHL 2s Lipo bateria 5200mah 7.6v bateria RC z wtyczk\u0105 EC3 Nadaje si\u0119 do zdalnie sterowanego samolotu, zdalnie sterowanego helikoptera, zdalnie sterowanego samochodu \/ ci\u0119\u017car\u00f3wki \/ \u0142odzi, 1\/8 1\/10 pojazd\u00f3w RC, szybowca, ARRMA, Associated, Axial, Duratrax, Losi, Ofna, Vaterra itp. (Tylko je\u015bli napi\u0119cie, wymiary i wtyczka pasuj\u0105, to b\u0119dzie pasowa\u0107).<\/span><\/p>\n<p>&nbsp;<\/p>\n<p><strong><span class=\"\">Og\u0142oszenie:<\/span><\/strong><\/p>\n<ul>\n<li>W przypadku baterii RC tylko wtedy, gdy napi\u0119cie i wtyczka s\u0105 zgodne, wtedy b\u0119dzie pasowa\u0107.<\/li>\n<li>Nale\u017cy natychmiast przerwa\u0107 \u0142adowanie, gdy napi\u0119cie ogniwa osi\u0105gnie 4,2 V (normalne napi\u0119cie ogniwa wynosi od 3,7 V do 4,2 V).<\/li>\n<li>Aby podw\u00f3jnie upewni\u0107 si\u0119, \u017ce jest bezpieczny, przed u\u017cyciem sprawd\u017a najpierw, czy powierzchnia baterii jest w porz\u0105dku i czy napi\u0119cie jest normalne.<\/li>\n<li><span class=\"goog-text-highlight\">Je\u015bli nowa bateria nie utrzymuje pe\u0142nego na\u0142adowania lub bardzo szybko si\u0119 roz\u0142adowuje w kr\u00f3tkim czasie, najpierw kilka razy na\u0142aduj i poddaj recyklingowi \u0142adowark\u0119.<\/span><\/li>\n<\/ul>\n<p>&nbsp;<\/p>\n","protected":false},"excerpt":{"rendered":"<h1 class=\"product-title\"><span class=\"\">CNHL Racing Series LiHV 5200mAh 7.6V 2S 120C HV Shorty twarda obudowa bateria Lipo z wtyczk\u0105 EC3 do wy\u015bcig\u00f3w RC<\/span><\/h1>\n","protected":false},"featured_media":6727,"comment_status":"open","ping_status":"closed","template":"","meta":{"_s2mail":""},"product_cat":[909,497],"product_tag":[910],"_links":{"self":[{"href":"https:\/\/sklep.aveos.pl\/index.php\/wp-json\/wp\/v2\/product\/6726"}],"collection":[{"href":"https:\/\/sklep.aveos.pl\/index.php\/wp-json\/wp\/v2\/product"}],"about":[{"href":"https:\/\/sklep.aveos.pl\/index.php\/wp-json\/wp\/v2\/types\/product"}],"replies":[{"embeddable":true,"href":"https:\/\/sklep.aveos.pl\/index.php\/wp-json\/wp\/v2\/comments?post=6726"}],"wp:featuredmedia":[{"embeddable":true,"href":"https:\/\/sklep.aveos.pl\/index.php\/wp-json\/wp\/v2\/media\/6727"}],"wp:attachment":[{"href":"https:\/\/sklep.aveos.pl\/index.php\/wp-json\/wp\/v2\/media?parent=6726"}],"wp:term":[{"taxonomy":"product_cat","embeddable":true,"href":"https:\/\/sklep.aveos.pl\/index.php\/wp-json\/wp\/v2\/product_cat?post=6726"},{"taxonomy":"product_tag","embeddable":true,"href":"https:\/\/sklep.aveos.pl\/index.php\/wp-json\/wp\/v2\/product_tag?post=6726"}],"curies":[{"name":"wp","href":"https:\/\/api.w.org\/{rel}","templated":true}]}}