{"id":6789,"date":"2023-11-10T14:52:49","date_gmt":"2023-11-10T13:52:49","guid":{"rendered":"https:\/\/sklep.aveos.pl\/?post_type=product&#038;p=6789"},"modified":"2023-12-19T12:08:51","modified_gmt":"2023-12-19T11:08:51","slug":"trx-4-sport-4wd-high-trail-wersja-czerwona","status":"publish","type":"product","link":"https:\/\/sklep.aveos.pl\/index.php\/produkt\/trx-4-sport-4wd-high-trail-wersja-czerwona\/","title":{"rendered":"TRX-4 SPORT 4WD High Trail &#8211; wersja czerwona"},"content":{"rendered":"<p style=\"text-align: center;\"><strong>TRX-4 SPORT 4WD High Trail<\/strong><br \/>\n<strong>wersja czerwona<\/strong><\/p>\n<p style=\"text-align: center;\">\n<strong><img src=\"https:\/\/riku.pl\/uploads\/editor\/zdjecia_opis\/82044\/TRX-4-Sport-Logo.png\" alt=\"\" \/><\/strong><\/p>\n<p style=\"text-align: center;\"><img src=\"https:\/\/riku.pl\/uploads\/editor\/zdjecia_opis\/82044\/82044-4R_1.jpg\" alt=\"\" \/><br \/>\n<img src=\"https:\/\/riku.pl\/uploads\/editor\/zdjecia_opis\/82044\/82044-4R_0.jpg\" alt=\"\" \/><img src=\"https:\/\/riku.pl\/uploads\/editor\/zdjecia_opis\/82044\/82044-4R_00.jpg\" alt=\"\" \/><\/p>\n<p style=\"text-align: center;\"><em><strong>TRX-4 Sport High Trail Edition<\/strong><\/em>\u00a0sprosta nawet najtrudniejszym wyzwaniom terenowym. Fabrycznie montowany zestaw podnosz\u0105cy\u00a0<em><strong>Long Arm Lift Kit<\/strong><\/em>\u00a0zwi\u0119ksza mo\u017cliwo\u015bci terenowe, zapewniaj\u0105c jeszcze wi\u0119kszy prze\u015bwit. Zderzaki o wysokim k\u0105cie nachylenia i w pe\u0142ni blokowane osie zapewniaj\u0105 niemal niepowstrzyman\u0105 wszechstronno\u015b\u0107 podczas wspinaczki i osza\u0142amiaj\u0105cy wygl\u0105d wytrzyma\u0142ego baga\u017cnika\u00a0<em><strong>Expedition Rack<\/strong><\/em>\u00a0i akcesori\u00f3w\u00a0<em><strong>High Trail Edition<\/strong><\/em>.<\/p>\n<p style=\"text-align: center;\"><em><strong>SPECYFIKACJA:<\/strong><\/em><\/p>\n<ul style=\"text-align: center;\">\n<li>Aparatura zdalnego kierowania\u00a0<em><strong>TQ 2.4GHz<\/strong><\/em><\/li>\n<li>Silnik nap\u0119dowy<em>\u00a0<strong>TITAN 21T Reverse Rotation<\/strong><\/em><\/li>\n<li>Wodoszczelny regulator obrot\u00f3w<em>\u00a0<strong>XL-5HV<\/strong><\/em><\/li>\n<li>Wodoszczelny serwomechanizm uk\u0142adu kierowniczego<\/li>\n<li>Karoseria\u00a0 w technologii\u00a0<em><strong>ProGraphix<\/strong><\/em><\/li>\n<li>Ko\u0142a\u00a0<em><strong>Canyon Trail Tires S1<\/strong><\/em><\/li>\n<\/ul>\n<p style=\"text-align: center;\"><img src=\"https:\/\/riku.pl\/uploads\/editor\/zdjecia_opis\/82044\/82044-4R_2.jpg\" alt=\"\" \/><\/p>\n<p><strong>Podwy\u017cszone osi\u0105gi.<\/strong><\/p>\n<p style=\"text-align: center;\"><em><strong>High Trail Edition TRX-4 Sport<\/strong><\/em>\u00a0pozwala na pokonywanie przeszk\u00f3d dzi\u0119ki fabrycznie zainstalowanemu zestawowi\u00a0<em><strong>Long Arm Lift Kit<\/strong><\/em>, kt\u00f3ry zapewnia o ponad 25mm wi\u0119kszy prze\u015bwit ni\u017c standardowy\u00a0<em><strong>TRX-4<\/strong><\/em>. Ponadwymiarowe opony\u00a0<em><strong>Canyon Trail<\/strong><\/em>\u00a0je\u017cd\u017c\u0105 na czarnych 5-ramiennych ko\u0142ach o \u015brednicy\u00a0<em><strong>2,2 cala<\/strong><\/em>, aby oswoi\u0107 najbardziej techniczne szlaki z ekstremaln\u0105 przyczepno\u015bci\u0105 w terenie.<\/p>\n<p style=\"text-align: center;\"><img src=\"https:\/\/riku.pl\/uploads\/editor\/zdjecia_opis\/82044\/82044-4R_3.jpg\" alt=\"\" \/><\/p>\n<p style=\"text-align: center;\"><strong>Bezzaciskowe mocowanie nadwozia.<\/strong><\/p>\n<p style=\"text-align: center;\">Nowo\u015b\u0107 w\u00a0<em><strong>TRX-4 Sport\u00a0High Trail Edition<\/strong><\/em>, to karoseria bez zatrzask\u00f3w, kt\u00f3ras \u0142\u0105czy czyste, p\u0142ynne linie z wygod\u0105 bezpiecznego zatrzaskiwania. Ukryte zatrzaski trzymaj\u0105 si\u0119 mocno na szlaku bez wzgl\u0119du na to, jak intensywna jest akcja, ale zwalniaj\u0105 si\u0119 w ci\u0105gu kilku sekund, aby uzyska\u0107 dost\u0119p do podwozia.<\/p>\n<p style=\"text-align: center;\"><img src=\"https:\/\/riku.pl\/uploads\/editor\/zdjecia_opis\/82044\/82044-4R_4.jpg\" alt=\"\" \/><\/p>\n<p style=\"text-align: center;\"><strong>Akcesoria w skali.<\/strong><\/p>\n<p style=\"text-align: center;\"><em><strong>TRX-4 High Trail Edition<\/strong><\/em>\u00a0jest w pe\u0142ni wyposa\u017cony do przyg\u00f3d dzi\u0119ki wytrzyma\u0142emu baga\u017cnikowi\u00a0<em><strong>Expedition Rack<\/strong><\/em>\u00a0i formowanym akcesoriom. Replika fajki, lusterka boczne, deski trakcyjne, ga\u015bnica, podno\u015bnik i kanistry na paliwo zapewniaj\u0105 ekstremaln\u0105 szczeg\u00f3\u0142owo\u015b\u0107, a wewn\u0119trzne b\u0142otniki zapewniaj\u0105 realistyczny wygl\u0105d.\n<\/p>\n<p style=\"text-align: center;\"><img src=\"https:\/\/riku.pl\/uploads\/editor\/zdjecia_opis\/82044\/82044_4R_5.gif\" alt=\"\" \/><\/p>\n<p style=\"text-align: center;\">\n<p style=\"text-align: center;\"><strong>Szczeg\u00f3\u0142owe detale karoserii.<\/strong><\/p>\n<p><em><strong>TRX-4 Sport High Trail Edition<\/strong><\/em>\u00a0posiada precyzyjnie uformowane detale zapewniaj\u0105ce zupe\u0142nie nowy poziom realizmu. Wytrzyma\u0142y baga\u017cnik\u00a0<em><strong>Adventure Rack<\/strong><\/em>\u00a0chroni karoseri\u0119 przed przewr\u00f3ceniem i mie\u015bci pe\u0142en zestaw akcesori\u00f3w terenowych. Odlewane lusterka boczne, kratka, tylna klapa i wyci\u0105garka stanowi\u0105 doskona\u0142e akcenty w skali.<\/p>\n<p style=\"text-align: center;\"><img src=\"https:\/\/riku.pl\/uploads\/editor\/zdjecia_opis\/82044\/82044-4R_6.jpg\" alt=\"\" \/><\/p>\n<p style=\"text-align: center;\">\n<p style=\"text-align: center;\"><strong>Zestaw Traxxas Long Arm Lift Kit.<\/strong><\/p>\n<p>Zestaw\u00a0<em><strong>Traxxas Long Arm Lift Kit<\/strong><\/em>\u00a0zawiera przed\u0142u\u017cone aluminiowe amortyzatory\u00a0<em><strong>GTS<\/strong><\/em>, d\u0142u\u017csze \u0142\u0105czniki i ko\u0144c\u00f3wki dr\u0105\u017ck\u00f3w, przed\u0142u\u017cone wa\u0142y nap\u0119dowe i nowe mocowanie serwa. Zestaw do podnoszenia dzia\u0142a jako jeden sp\u00f3jny system nie tylko w celu podniesienia ci\u0119\u017car\u00f3wki, ale tak\u017ce w celu utrzymania starannie dostrojonej geometrii zawieszenia\u00a0<em><strong>TRX-4<\/strong><\/em>.<\/p>\n<p style=\"text-align: center;\"><img src=\"https:\/\/riku.pl\/uploads\/editor\/zdjecia_opis\/82044\/82044-4R_7.jpg\" alt=\"\" \/><\/p>\n<p style=\"text-align: center;\">\n<p style=\"text-align: center;\">\n<p style=\"text-align: center;\"><strong>Wygoda zdejmowania karoserii.<\/strong><\/p>\n<p>Wytrzyma\u0142e zatrzaskowe mocowania nadwozia\u00a0<em><strong>High Trail Edition Sport<\/strong><\/em>\u00a0integruj\u0105 si\u0119 z wytrzyma\u0142ymi b\u0142otnikami wewn\u0119trznymi, tworz\u0105c uchwyt przypominaj\u0105cy imad\u0142o. Gdy nadejdzie czas na odczepienie nadwozia, wystarczy si\u0119gn\u0105\u0107 pod b\u0142otnik i poci\u0105gn\u0105\u0107 za zaczepy.<\/p>\n<p style=\"text-align: center;\"><img src=\"https:\/\/riku.pl\/uploads\/editor\/zdjecia_opis\/82044\/82044-4R_8.jpg\" alt=\"\" \/><\/p>\n<p style=\"text-align: center;\">\n<p style=\"text-align: center;\"><strong>Wytrzyma\u0142e szyny ramy.<\/strong><\/p>\n<p>Stalowa rama drabinkowa o grubo\u015bci 1,5mm z formowanymi poprzeczkami zapewnia wyj\u0105tkow\u0105 sztywno\u015b\u0107 skr\u0119tn\u0105, aby wytrzyma\u0107 nawet najgorsze skr\u0119cenia podwozia. Ten niezwykle sztywny szkielet pozwala zawieszeniu wykonywa\u0107 prac\u0119, do kt\u00f3rej zosta\u0142o zaprojektowane. Poczujesz r\u00f3\u017cnic\u0119 na szlakach, gdzie eliminacja ugi\u0119cia podwozia pozwala na precyzyjne ustawienie k\u00f3\u0142 podczas poruszania si\u0119 po technicznym terenie.<\/p>\n<p style=\"text-align: center;\"><img src=\"https:\/\/riku.pl\/uploads\/editor\/zdjecia_opis\/82044\/82044-4R_9.jpg\" alt=\"\" \/><\/p>\n<p style=\"text-align: center;\">\n<p style=\"text-align: center;\">\n<strong>Podniesione \u015brodkowe p\u00f3\u0142osie nap\u0119dowe.<\/strong><\/p>\n<p>Radykalna konstrukcja osi portalowej\u00a0<em><strong>TRX-4<\/strong><\/em>\u00a0podnosi wa\u0142y nap\u0119dowe wy\u017cej, aby poprawi\u0107 geometri\u0119 osi i zmniejszy\u0107 k\u0105ty wa\u0142\u00f3w nap\u0119dowych. Wy\u017csze p\u00f3\u0142osie nap\u0119dowe i \u0142\u0105czniki zawieszenia omijaj\u0105 przeszkody, aby unikn\u0105\u0107 wysokiego centrowania pojazdu i zmniejszy\u0107 og\u00f3lne zu\u017cycie p\u0142yty podwoziowej.<\/p>\n<p style=\"text-align: center;\"><img src=\"https:\/\/riku.pl\/uploads\/editor\/zdjecia_opis\/82044\/82044-4R_10.jpg\" alt=\"\" \/><\/p>\n<p style=\"text-align: center;\">\n<p style=\"text-align: center;\">\n<p style=\"text-align: center;\"><strong>Jednobiegowa skrzynia bieg\u00f3w.<\/strong><\/p>\n<p>Jednobiegowa skrzynia bieg\u00f3w, nastawiona na uzyskanie wysokiego momentu obrotowego, zmniejsza wag\u0119 podwozia modelu, zapewniaj\u0105c lepszy rozk\u0142ad masy. Stalowe ko\u0142a z\u0119bate zapewniaj\u0105 trwa\u0142o\u015b\u0107\u00a0<em><strong>Traxxas-Tough<\/strong><\/em>\u00a0i praktycznie nie wymagaj\u0105 konserwacji<\/p>\n<p style=\"text-align: center;\"><img src=\"https:\/\/riku.pl\/uploads\/editor\/zdjecia_opis\/82044\/82044_4R_11.gif\" alt=\"\" \/><\/p>\n<p style=\"text-align: center;\">\n<p style=\"text-align: center;\"><strong>Formowane b\u0142otniki wewn\u0119trzne i os\u0142ony pod\u0142ogowe.<\/strong><\/p>\n<p>Wytrzyma\u0142e b\u0142otniki wewn\u0119trzne s\u0105 montowane bezpo\u015brednio do ramy i wie\u017c amortyzator\u00f3w, aby nada\u0107\u00a0<em><strong>TRX-4 Sport High Trail Edition<\/strong><\/em>\u00a0solidny wygl\u0105d i charakter. Formowane panele pod\u0142ogowe zintegrowane z b\u0142otnikami chroni\u0105 podwozie przed kamieniami, b\u0142otem i ga\u0142\u0119ziami.<\/p>\n<p style=\"text-align: center;\"><img src=\"https:\/\/riku.pl\/uploads\/editor\/zdjecia_opis\/82044\/82044-4R_12.jpg\" alt=\"\" \/><\/p>\n<p style=\"text-align: center;\">\n<p style=\"text-align: center;\"><strong>Silnik Titan 21T 550.<\/strong><\/p>\n<p style=\"text-align: center;\"><em><strong>TRX-4 Sport High Trailk Edition<\/strong><\/em>\u00a0wyposa\u017cono w ulepszony silnik nap\u0119dowy\u00a0<em><strong>Titan 21T 550<\/strong><\/em>, kt\u00f3ry wyposa\u017cono w zintegrowany wentylator ch\u0142odz\u0105cy.\n<\/p>\n<p style=\"text-align: center;\"><img src=\"https:\/\/riku.pl\/uploads\/editor\/zdjecia_opis\/82044\/82044-4R_13.jpg\" alt=\"\" \/><\/p>\n<p style=\"text-align: center;\">\n<p style=\"text-align: center;\">\n<strong>Opony Canyon Trail 2,2&#8243;.<\/strong><\/p>\n<p><em><strong>TRX-4 Sport High Trail Edition<\/strong><\/em>\u00a0je\u017adzi na ponadwymiarowych oponach\u00a0<em><strong>Canyon Trail,<\/strong><\/em>\u00a0kt\u00f3re zapewniaj\u0105 dodatkowy prze\u015bwit i wydajno\u015b\u0107 podczas jazdy po ska\u0142ach. Niezwykle mi\u0119kka guma z mieszanki\u00a0<em><strong>S1<\/strong><\/em>\u00a0i agresywny wz\u00f3r wypustek zapewniaj\u0105 niezr\u00f3wnan\u0105 przyczepno\u015b\u0107 i wytrzyma\u0142o\u015b\u0107 podczas wspinaczki<\/p>\n<p style=\"text-align: center;\"><img src=\"https:\/\/riku.pl\/uploads\/editor\/zdjecia_opis\/82044\/82044-4R_14.jpg\" alt=\"\" \/><\/p>\n<p style=\"text-align: center;\">\n<p style=\"text-align: center;\"><strong>Amortyzatory GTS o d\u0142ugo\u015bci 110 mm.<\/strong><\/p>\n<p>Wyj\u0105tkowo d\u0142ugie,\u00a0<em><strong>110<\/strong><\/em>-milimetrowe amortyzatory\u00a0<em><strong>GTS High Trail Edition Sport<\/strong><\/em>\u00a0s\u0105 wype\u0142nione olejem, aby wyg\u0142adzi\u0107 nawet najtrudniejsze szlaki. Te anodowane na srebrno aluminiowe amortyzatory zapewniaj\u0105 jedwabi\u015bcie g\u0142adkie t\u0142umienie i maj\u0105 gwintowane korpusy u\u0142atwiaj\u0105ce regulacj\u0119 wysoko\u015bci jazdy. Przekonuj\u0105cy realizm skali wygl\u0105da \u015bwietnie, a ich dzia\u0142anie jest jeszcze lepsze dzi\u0119ki uszczelce\u00a0<em><strong>O-ring\u00a0<\/strong><\/em>i podw\u00f3jnemu uszczelnieniu<\/p>\n<p style=\"text-align: center;\"><img src=\"https:\/\/riku.pl\/uploads\/editor\/zdjecia_opis\/82044\/82044-4R_15.jpg\" alt=\"\" \/><\/p>\n<p style=\"text-align: center;\">\n<p style=\"text-align: center;\">\n<strong>Dodatkowe prze\u0142o\u017cenie &#8211; zwolnica.<\/strong><\/p>\n<p style=\"text-align: center;\">Dodatkowe prze\u0142o\u017cenie po\u0142\u0105czone ze zwi\u0119kszeniem prze\u015bwitu podwozia. Powoduje zwi\u0119kszenie momentu obrotowego oraz pozwala na jazd\u0119 po trudnym terenie kamienistym<\/p>\n<p style=\"text-align: center;\"><img src=\"https:\/\/riku.pl\/uploads\/editor\/zdjecia_opis\/82044\/82044-4R_16.jpg\" alt=\"\" \/><\/p>\n<p style=\"text-align: center;\">\n<p style=\"text-align: center;\">\n<strong>Zablokowane osie.<\/strong><\/p>\n<p>W pe\u0142ni zablokowane przednia i tylna o\u015b przekszta\u0142caj\u0105 moment obrotowy silnika w niepowstrzyman\u0105 wspinaczk\u0119. Bez mo\u017cliwo\u015bci po\u015blizgu, wszystkie cztery ko\u0142a maj\u0105 tak\u0105 sam\u0105 przyczepno\u015b\u0107, dzi\u0119ki czemu\u00a0<em><strong>TRX-4 Sport<\/strong><\/em>\u00a0pokonuje najtrudniejsze przeszkody.<\/p>\n<p style=\"text-align: center;\"><img src=\"https:\/\/riku.pl\/uploads\/editor\/zdjecia_opis\/82044\/82044-4R_17.jpg\" alt=\"\" \/><\/p>\n<p style=\"text-align: center;\">\n<p style=\"text-align: center;\"><strong>Serwomechanizm 2075X.<\/strong><\/p>\n<p style=\"text-align: center;\">Serwomechanizm ok\u0142adu sterowania jest wodoszczelny i wyposa\u017cony w metalowe z\u0119batki.<\/p>\n<p style=\"text-align: center;\">\n<p style=\"text-align: center;\">\n<strong>UWAGA &#8211; potrzebne do uruchomienia modelu:<\/strong><\/p>\n<p style=\"text-align: center;\"><strong>Rekomendowane pakiety nap\u0119dowe:<\/strong><\/p>\n<ul style=\"text-align: center;\">\n<li><strong>TRAXXAS &#8211; NiMh 4-7 celi<\/strong><\/li>\n<li><strong>TRAXXAS &#8211; LiPo 2-3 celi<\/strong><\/li>\n<\/ul>\n<p style=\"text-align: center;\">\n<p style=\"text-align: center;\"><strong>Rekomendowane \u0142adowarki:<\/strong><\/p>\n<ul style=\"text-align: center;\">\n<li><strong>TRAXXAS &#8211; \u0142adowarka sieciowa NiMh \/ LiPo<\/strong>\u00a0(<a href=\"https:\/\/riku.pl\/produkt\/traxxas-2970g-ladowarka-lipo-nimh-220v,3239\">#102970G<\/a>)<\/li>\n<li><strong>TRAXXAS &#8211; \u0142adowarka sieciowa NiMh \/ LiPo<\/strong>\u00a0(<a href=\"https:\/\/riku.pl\/produkt\/traxxas-2971-ladowarka-pakietow-nimh-lipo-ez-peak-live-id,4238\">#102971G<\/a>)<\/li>\n<li><strong>TRAXXAS &#8211; \u0142adowarka sieciowa NiMh \/ LiPo<\/strong>\u00a0(<a href=\"https:\/\/riku.pl\/produkt\/traxxas-2972-ladowarka-ez-peak-plus-100W-nimh-lipo,3296\">#102972G<\/a>)<\/li>\n<\/ul>\n<p style=\"text-align: center;\">\n<p><strong>Zasilanie nadajnika:<\/strong><\/p>\n<ul>\n<li style=\"text-align: center;\"><strong>4 baterie typu AA<\/strong><\/li>\n<\/ul>\n","protected":false},"excerpt":{"rendered":"<h1 class=\"sp-product__title\"><span style=\"font-size: 16px;\">Kod produktu: <\/span><b style=\"font-size: 16px;\">82044-4R<\/b><\/h1>\n<div class=\"sp-product__subtitle\">\n<div>Producent:\u00a0<b>TRAXXAS<\/b><\/div>\n<\/div>\n","protected":false},"featured_media":6810,"comment_status":"open","ping_status":"closed","template":"","meta":{"_s2mail":""},"product_cat":[590,485],"product_tag":[875],"_links":{"self":[{"href":"https:\/\/sklep.aveos.pl\/index.php\/wp-json\/wp\/v2\/product\/6789"}],"collection":[{"href":"https:\/\/sklep.aveos.pl\/index.php\/wp-json\/wp\/v2\/product"}],"about":[{"href":"https:\/\/sklep.aveos.pl\/index.php\/wp-json\/wp\/v2\/types\/product"}],"replies":[{"embeddable":true,"href":"https:\/\/sklep.aveos.pl\/index.php\/wp-json\/wp\/v2\/comments?post=6789"}],"wp:featuredmedia":[{"embeddable":true,"href":"https:\/\/sklep.aveos.pl\/index.php\/wp-json\/wp\/v2\/media\/6810"}],"wp:attachment":[{"href":"https:\/\/sklep.aveos.pl\/index.php\/wp-json\/wp\/v2\/media?parent=6789"}],"wp:term":[{"taxonomy":"product_cat","embeddable":true,"href":"https:\/\/sklep.aveos.pl\/index.php\/wp-json\/wp\/v2\/product_cat?post=6789"},{"taxonomy":"product_tag","embeddable":true,"href":"https:\/\/sklep.aveos.pl\/index.php\/wp-json\/wp\/v2\/product_tag?post=6789"}],"curies":[{"name":"wp","href":"https:\/\/api.w.org\/{rel}","templated":true}]}}